{"id":3131,"date":"2020-07-22T06:30:45","date_gmt":"2020-07-22T06:30:45","guid":{"rendered":"http:\/\/localhost\/msc\/?page_id=3131"},"modified":"2020-11-18T07:17:32","modified_gmt":"2020-11-18T07:17:32","slug":"yoplait-candia-sports-medicine-programme-in-rodrigues-for-year-2016","status":"publish","type":"page","link":"https:\/\/mauritiussportscouncil.govmu.org\/mauritiussportscouncil\/?page_id=3131","title":{"rendered":"Yoplait \/ Candia Sports Medicine Programme in Rodrigues for Year 2016"},"content":{"rendered":"\n<h2 class=\"wp-block-heading\">Yoplait \/ Candia Sports Medicine Programme in Rodrigues for Year 2016<\/h2>\n\n\n\n<p>The Mauritius Sports Council in collaboration with Panagora Marketing Co. Ltd (represented by Brands Yoplait &amp; Candia) organised the Yoplait \/ Candia Sports Medicine Programme in Rodrigues from 17 to 20 May 2016.&nbsp;The delegation was composed of:&nbsp;<\/p>\n\n\n\n<ul class=\"wp-block-list\"><li>Mrs. Sarah RAWAT CURRIMJEE, Chairperson of the Mauritius Sports Council;<\/li><li>Ms. Magalie KARUPPANEN, Representative of the Brand Yoplait &amp; Candia;<\/li><li>Ms. Aurore LAM, Representative of the Brand Yoplait &amp; Candia;<\/li><li>Mr. Eddy Michel Chang Kye, Physiotherapist, Chairman of the Medical Committee &amp; Board<\/li><li>Member of the Mauritius Sports Council;&nbsp;<\/li><li>Mr. Seewanand TANNOO and Mr. Daniel Gerard BEEHAREE, Board Members of the Mauritius Sports Council;<\/li><li>Mrs. Madvi GOOLJAR, Supporting Staff;<\/li><li>Mr. Atish SUKAI, Supporting Staff<\/li><\/ul>\n\n\n\n<p><strong>Resource Persons:<\/strong><\/p>\n\n\n\n<ul class=\"wp-block-list\"><li>Mr. Michel Chang Kye&nbsp;<\/li><li>Mr. Christopher Raboude, Nutritionist&nbsp;<\/li><\/ul>\n\n\n\n<p>In line with the Board decision, the Mauritius Sports Council visited the Primary and Secondary Schools \/ Senior Citizens, Women Associations situated in very remote areas, thus giving the opportunity to the students and members of the public to benefit from the sessions and bring awareness on a healthy life style.&nbsp;The Talks on Sports Medicine were held at the under mentioned&nbsp; School \/ College, Women\u2019s Association and Senior Citizen Association for period 17 to 20 May 2016.<\/p>\n\n\n\n<figure class=\"wp-block-table\"><table><tbody><tr><td><strong>SN<\/strong><\/td><td><strong>Day\/Date:<\/strong><\/td><td><strong>Time:<\/strong><\/td><td><strong>Venue:<\/strong><\/td><td><strong>Were Present:<\/strong><\/td><td><strong>No. of Participants:<\/strong><\/td><\/tr><tr><td>1<\/td><td>Tuesday 17 May 2016<\/td><td>9h00 \u2013 10h30<\/td><td>Port Sud Est Government School<\/td><td>&nbsp;1. Chief Commissioner &amp; Commissioner for Education,&nbsp;<strong>Mr. Serge Clair<\/strong>&nbsp;2. Commissioner for Health and Sports \u2013&nbsp;<strong>Mr. Isma\u00ebl Valimamode<\/strong>.3. The Chairperson of MSC \u2013&nbsp;<strong>Mrs. Sarah Rawat Currimjee.<\/strong>&nbsp;4. The representatives of the Brands Yoplait &amp; Candia&nbsp;<strong>Miss Magalie Karuppanen &amp; Miss Aurore Lam<\/strong>&nbsp;5. The Head Master of Port Sud Est Govt. School,&nbsp;<strong>Mrs. Marie Noel Etienne.<\/strong>&nbsp;6. The Resource Persons \u2013&nbsp;<strong>Mr. Michel Chang Kye&nbsp;<\/strong>(Physiotherapist &amp; Board Member) and&nbsp;<strong>Mr. Christopher Raboude<\/strong>&nbsp;(Nutritionist)&nbsp;7. The Regional Inspector,&nbsp;<strong>Mr. Orlando Auguste<\/strong>&nbsp;8. The Sports Officer,&nbsp;<strong>Mr. Antonnio Volbert<\/strong>&nbsp;9. The Health and Physical Educator,&nbsp;<strong>Mr. Raphael Speville<\/strong>&nbsp;10. The Physical Educator,&nbsp;<strong>Mr. Moreno Speville<\/strong>&nbsp;11. The Board Members of MSC&nbsp;12. Teaching and non-teaching Staff&nbsp;13. Supporting Staff of Mauritius Sports Council<\/td><td><strong>278<\/strong><\/td><\/tr><tr><td>2<\/td><td>Tuesday 17 May 2016<\/td><td>13h00 \u2013 14h00<\/td><td>Trois Soleil Senior Citizen\u2019s Association<\/td><td>Chairperson MSCPresident of the Association,&nbsp;<strong>Mr. Agathe Christ<\/strong>The representatives of the Brands Yoplait &amp; CandiaResource persons.Board MembersSupporting Staff of Mauritius Sports Council<\/td><td><strong>35<\/strong><\/td><\/tr><tr><td>3<\/td><td>Wednesday 18 May 2016<\/td><td>10h30 \u2013 11h45<\/td><td>REDCO College, Citron Donis<\/td><td>Chairperson MSCDeputy Director of REDCO College,&nbsp;<strong>Mr. Henrisson Azie.<\/strong>The representatives of the Brands Yoplait &amp; CandiaResource persons.Board MembersTeaching and non-teaching StaffSupporting Staff of Mauritius Sports Council<\/td><td><strong>160<\/strong><\/td><\/tr><tr><td>4<\/td><td>Wednesday 18 May 2016<\/td><td>13h00 \u2013 14h15<\/td><td>Ronald Gandi RCA Citron Donis<\/td><td>Chairperson MSCThe Deputy Head Master \u2013&nbsp;<strong>Mr. Marcel Casimir<\/strong>The representatives of the Brands Yoplait &amp; CandiaResource persons.Board MembersTeaching and non-teaching StaffSupporting Staff of Mauritius Sports Council&nbsp;<\/td><td><strong>225<\/strong><\/td><\/tr><tr><td>5<\/td><td>Thursday 19 May 2016<\/td><td>9h00 &#8211; 10h15<\/td><td>Notre Dame de Lourdes RCA, Sable Brul\u00e9e<\/td><td>The Officer in Charge \/ Head Master,&nbsp;<strong>Mr. Edouard Dixson<\/strong>The representatives of the Brands Yoplait &amp; CandiaResource persons.Board MembersTeaching and non-teaching StaffSupporting Staff of Mauritius Sports Council&nbsp;<\/td><td><strong>197<\/strong><\/td><\/tr><tr><td>6<\/td><td>Thursday 19 May 2016<\/td><td>13h00 &#8211; 14h15<\/td><td>Roche Bon Dieu Government School<\/td><td>The Head Master \u2013&nbsp;<strong>Mr. Marcelin Niole<\/strong>The representatives of the Brands Yoplait &amp; CandiaResource persons.Board MembersTeaching and non-teaching StaffSupporting Staff of Mauritius Sports Council&nbsp;<\/td><td><strong>127<\/strong><\/td><\/tr><tr><td>7<\/td><td>Friday 20 May 2016<\/td><td>9h00 \u2013 10h30<\/td><td>Women Association of Cr\u00e8ve Coeur<\/td><td>The President of Cr\u00e8ve Coeur Village and Responsible for The Cr\u00e8ve Coeur Community Centre,&nbsp;<strong>Mr. Maxwell Andr\u00e9.<\/strong>The representatives of the Brands Yoplait &amp; CandiaResource persons.Board MembersSupporting Staff of Mauritius Sports Council<\/td><td><strong>28<\/strong><\/td><\/tr><\/tbody><\/table><\/figure>\n\n\n\n<p>At the end of the Talks, a quiz was held with questions related to the programme. The following participants were awarded T- shirt as prizes.<strong><\/strong><strong>Port Sud Est Government School<\/strong>&nbsp;\u2022 Marie Avrina Perrine<br>\u2022 Genave Marika Leanna<br>\u2022 Jules Yann Agathe<br>\u2022 Gaspard Emmella<br>\u2022 Anthony Gaspard<br>\u2022 Astride Clair<br><strong>Trois Soleil Senior Citizen<\/strong><br><br>\u2022 Janda Begu\u00e9<br>\u2022 Bernadette Mercure<br>\u2022 Marie Suzanne Jolicoeur<br>\u2022 Andrea Edouard<br>\u2022 Joas Mercure&nbsp;&nbsp;<strong>Redco College, Citron Donis<\/strong><br><br>\u2022 Annais Jean<br>\u2022 Jean Yves Gilbert Perrine<br>\u2022 Jean Daryl Gaspard<br>\u2022 Louis Marie Orpheline<br>\u2022 Ravina Emma Parene<br>\u2022 Agathe Marie Annaelle<br>\u2022 Adrien Cupidan<br><br><strong>RCA Ronald Gandi, Citron Donis<\/strong>&nbsp;\u2022 Anne Laure<br>\u2022 Anne Juliette Rachel Jolicoeur<br>\u2022 Jean Hugues Perrine<br>\u2022 Loic Emmanuel Begu\u00e9&nbsp;&nbsp;<strong>Notre Dame de Lourdes RCA, Sables Brul\u00e9e<\/strong><br><br>\u2022 Noamie Larose<br>\u2022 Marvin Milazar<br>\u2022 Emmerson Larose<br>\u2022 Jess\u00e9e Abigaelle Casimir<br>\u2022 Tracy Anika Prosper<br><br><strong>Roche Bon Dieu Government School<\/strong><br><br>\u2022 Joshua Ian Trevor Speville<br>\u2022 Terry Castel<br>\u2022 Ketsia Noemie Agathe<br>\u2022 Kevin Castel<br>\u2022 Darnel L\u00e9opold<br>\u2022 Samuelli Ravina<br><br><strong>Women Association of Creve Coeur<\/strong>&nbsp;\u2022 Oraline Louis Hortense<br>\u2022 Augustin Marie Jassemine<br>\u2022 Augustin Marie Jasmary<br>\u2022 Andr\u00e9 Marie Franceska&nbsp;&nbsp;The Brands Yoplait \/ Candia were represented by Ms. Magalie Karrupanen distributed Sports equipment, Perette Milk and T-shirts to the participants.&nbsp;<em>During her stay in Rodrigues, Mrs. Sarah Rawat Currimjee had a fruitful working session with Mr. Ismael Valimamode, Commisioner of Health and Sports and Mr. Volbert, Sports Officer.<\/em><em>&nbsp;<\/em><em>The Chairperson accompanied by Board Members visited Community Centres namely Montagne Goyave, Mont Charlot and Arau.<\/em><em>&nbsp;<\/em><em>A courtesy visit was also organised with Mrs. Emilien, Head of Education Commission for Education and to Mr. Christio Auguste, Education Inspector.<\/em><\/p>\n","protected":false},"excerpt":{"rendered":"<p>Yoplait \/ Candia Sports Medicine Programme in Rodrigues for Year 2016 The Mauritius Sports Council in collaboration with Panagora Marketing Co. Ltd (represented by Brands Yoplait &amp; Candia) organised the Yoplait \/ Candia Sports Medicine Programme in Rodrigues from 17 to 20 May 2016.&nbsp;The delegation was composed of:&nbsp; Mrs. Sarah RAWAT CURRIMJEE, Chairperson of the [&hellip;]<\/p>\n","protected":false},"author":1,"featured_media":0,"parent":0,"menu_order":0,"comment_status":"closed","ping_status":"closed","template":"","meta":{"ngg_post_thumbnail":0,"footnotes":""},"class_list":["post-3131","page","type-page","status-publish","hentry"],"_links":{"self":[{"href":"https:\/\/mauritiussportscouncil.govmu.org\/mauritiussportscouncil\/index.php?rest_route=\/wp\/v2\/pages\/3131","targetHints":{"allow":["GET"]}}],"collection":[{"href":"https:\/\/mauritiussportscouncil.govmu.org\/mauritiussportscouncil\/index.php?rest_route=\/wp\/v2\/pages"}],"about":[{"href":"https:\/\/mauritiussportscouncil.govmu.org\/mauritiussportscouncil\/index.php?rest_route=\/wp\/v2\/types\/page"}],"author":[{"embeddable":true,"href":"https:\/\/mauritiussportscouncil.govmu.org\/mauritiussportscouncil\/index.php?rest_route=\/wp\/v2\/users\/1"}],"replies":[{"embeddable":true,"href":"https:\/\/mauritiussportscouncil.govmu.org\/mauritiussportscouncil\/index.php?rest_route=%2Fwp%2Fv2%2Fcomments&post=3131"}],"version-history":[{"count":2,"href":"https:\/\/mauritiussportscouncil.govmu.org\/mauritiussportscouncil\/index.php?rest_route=\/wp\/v2\/pages\/3131\/revisions"}],"predecessor-version":[{"id":6012,"href":"https:\/\/mauritiussportscouncil.govmu.org\/mauritiussportscouncil\/index.php?rest_route=\/wp\/v2\/pages\/3131\/revisions\/6012"}],"wp:attachment":[{"href":"https:\/\/mauritiussportscouncil.govmu.org\/mauritiussportscouncil\/index.php?rest_route=%2Fwp%2Fv2%2Fmedia&parent=3131"}],"curies":[{"name":"wp","href":"https:\/\/api.w.org\/{rel}","templated":true}]}}