{"id":394,"date":"2020-07-20T07:17:11","date_gmt":"2020-07-20T07:17:11","guid":{"rendered":"http:\/\/localhost\/msc\/?page_id=394"},"modified":"2020-07-27T11:38:20","modified_gmt":"2020-07-27T11:38:20","slug":"yop-athlete-award-of-the-month-at-st-esprit-college","status":"publish","type":"page","link":"https:\/\/mauritiussportscouncil.govmu.org\/mauritiussportscouncil\/?page_id=394","title":{"rendered":"Yop Athlete Award of the Month at St Esprit College"},"content":{"rendered":"<p>[vc_row][vc_column][vc_column_text]<\/p>\n<h3>Yop Athlete Award of the Month at St Esprit College<\/h3>\n<p>[\/vc_column_text][\/vc_column][\/vc_row][vc_row css=&#8221;.vc_custom_1595849893235{margin-top: 30px !important;}&#8221;][vc_column][vc_column_text]<\/p>\n<p class=\"ms-rteFontSize-3 ms-rteThemeFontFace-2\">La c\u00e9r\u00e9monie de remise de r\u00e9compenses pour les laur\u00e9ats du &#8220;YOP ATHLETE AWARD&#8221; pour les mois de janvier \u00e0 mars 2019 eut lieu au college du St Esprit \u00e0 Quatre Bornes le vendredi 28 juin 2019 devant un parterre compos\u00e9 des personnalit\u00e9s suivantes:<\/p>\n<ul class=\"ms-rteFontSize-3 ms-rteThemeFontFace-2\">\n<li>Les membres ex\u00e9cutifs et employ\u00e9s du Mauritius Sports Council;<\/li>\n<li>Le recteur, Monsieur Lindsay Thomas;<\/li>\n<li>Mlle. Aurore Lam, \u2018Marketing Coordinator\u2019 de Panagora Marketing Co Ltd;<\/li>\n<li>Dr. Adisha Bhollah, \u2018Sports Physician\u2019 et \u2018Program Officer de \u2018Exercise Prescription\u2019;<\/li>\n<li>Les enseignants et \u00e9l\u00e8ves;<\/li>\n<li>Les athl\u00e8tes et parents et<\/li>\n<li>Les membres de la presse<\/li>\n<\/ul>\n<p class=\"ms-rteFontSize-3 ms-rteThemeFontFace-2\">\n<p class=\"ms-rteFontSize-3 ms-rteThemeFontFace-2\">Le \u2018Yop Athl\u00e8te Award of the Month\u2019 est b\u00e9n\u00e9fique\u00a0pour les athl\u00e8tes et les \u00e9l\u00e8ves et a pour but de r\u00e9compenser nos athl\u00e8tes de plus de 16 ans\u00a0qui ont brill\u00e9 sur le plan national et international.<\/p>\n<p class=\"ms-rteFontSize-3 ms-rteThemeFontFace-2\">Ces champions sont des exemples pour nos jeunes d\u2019aujourd\u2019hui et le Mauritius Sports Council encourage les \u00e9tudiants des \u00e9tablissements scolaires \u00e0 suivre leurs exemples en faisant du sport.<\/p>\n<p class=\"ms-rteFontSize-3 ms-rteThemeFontFace-2\">Les gagnants du Yop Award ont \u00e9t\u00e9 r\u00e9compens\u00e9s comme suit:<\/p>\n<ul class=\"ms-rteFontSize-3 ms-rteThemeFontFace-2\">\n<li>un troph\u00e9e, un certificat et un ch\u00e8que de Rs 4,000\/- offerts par le Mauritius Sports Council;<\/li>\n<\/ul>\n<ul class=\"ms-rteFontSize-3 ms-rteThemeFontFace-2\">\n<li>un bon d\u2019achat de Rs 4,000\/- et des produits YOP offerts par Panagora Marketing Co Ltd<\/li>\n<\/ul>\n<p>&nbsp;<\/p>\n<p class=\"ms-rteFontSize-3 ms-rteThemeFontFace-2\">Les gagnants sont comme suit\u00a0:<\/p>\n<p class=\"ms-rteFontSize-3 ms-rteThemeFontFace-2\"><strong>Janvier 2019 &#8211;\u00a0<\/strong><strong>Christopher FOK KOW &#8211; Tennis<\/strong><br \/>\nC\u2019est un champion de la petite balle jaune. Il a particip\u00e9 au \u2018J4 Nairobi IFF\u2019 \u00a0du 21 au 26 janvier 2019 et du 28 janvier au 2 f\u00e9vrier 2019 \u2013 2 tournois avec 22 pays et 48 participants, qui s\u2019est d\u00e9roul\u00e9 au Kenya dans la cat\u00e9gorie ITF 18 et moins ou il a remport\u00e9 2 m\u00e9dailles: une d\u2019argent et une d\u2019or. Il a \u00e9t\u00e9 repr\u00e9sent\u00e9 par son p\u00e8re.<\/p>\n<p class=\"ms-rteFontSize-3 ms-rteThemeFontFace-2\">\n<p class=\"ms-rteFontSize-3 ms-rteThemeFontFace-2\"><strong>F\u00e9vrier 2019 &#8211;\u00a0<\/strong><strong>No\u00e9mie ALPHONSE &#8211; PHYSFED<\/strong><br \/>\nNotre gagnante pratique l\u2019athl\u00e9tisme\u00a0; elle a particip\u00e9 \u00e0 2 tournois\u00a0: le \u20189th Sharjah Para Athletics International Meeting\u2019 qui s\u2019est tenu au Emirates Arabes Unis du 18 au 20 f\u00e9vrier 2019. Elle a pris part au 1OO m\u00e8tres dans la cat\u00e9gorie T54 \u2013 avec 3 pays et 3 participants ou elle a remport\u00e9 la m\u00e9daille d\u2019or\u00a0; elle a aussi particip\u00e9 au \u2018IPC Para Athletics Grand Prix\u2019 de Dubai du 21 au 28 f\u00e9vrier 2019 en prenant part au 100 m\u00e8tre dans la cat\u00e9gorie T54 avec 5 pays et 5 participants et elle d\u00e9crocha la m\u00e9daille de bronze.<\/p>\n<p class=\"ms-rteFontSize-3 ms-rteThemeFontFace-2\">\n<p class=\"ms-rteFontSize-3 ms-rteThemeFontFace-2\"><strong>Mars 2019 &#8211;\u00a0<\/strong><strong>Emile Willem GWENDAL \u2013 Halt\u00e9rophilie<\/strong><\/p>\n<p class=\"ms-rteFontSize-3 ms-rteThemeFontFace-2\">Notre champion du mois a particip\u00e9 au \u2018Youth World Championship\u2019 qui s\u2019est tenu aux USA; c\u2019\u00e9tait son premier tournoi international. Il a pris part dans la cat\u00e9gorie des 49 kgs, la 4\u00e8me place \u00e0 l&#8217;arrach\u00e9 76 kgs, manquant de peu la m\u00e9daille de bronze.<\/p>\n<p class=\"ms-rteFontSize-3 ms-rteThemeFontFace-2\">La 4\u00e8me place remport\u00e9e par ce champion est le meilleur classement jamais remport\u00e9 par un halt\u00e9rophile mauricien lors d&#8217;un championnat du monde. Il a \u00e9galement am\u00e9lior\u00e9 2 Youth African Records \u00e0 l\u2019arrach\u00e9 et au total. Sa performance lui a permis d&#8217;am\u00e9liorer dans 3 \u00e9preuves au Youth African Records. Il a \u00e9t\u00e9 repr\u00e9sent\u00e9 par sa m\u00e8re.<\/p>\n<p class=\"ms-rteFontSize-3 ms-rteThemeFontFace-2\">Comme \u00e0 chaque remise de r\u00e9compense, le Panagora Marketing Co Ltd a eu le plaisir d\u2019offrir \u00e0 l\u2019\u00e9tablissement des \u00e9quipements sportifs qui seront mis \u00e0 la disposition des \u00e9l\u00e8ves comme suit:<\/p>\n<ul class=\"ms-rteFontSize-3 ms-rteThemeFontFace-2\">\n<li>2 ballons de Volley<\/li>\n<li>2 Ballons de Basket<\/li>\n<li>5 Cordes \u00e0 sauter<\/li>\n<li>2 paires de raquettes de badminton<\/li>\n<li>2 boites de volants<\/li>\n<li>Une trousse de premiers soins<\/li>\n<li>Un bac \u00e0 glace<\/li>\n<\/ul>\n<p class=\"ms-rteFontSize-3 ms-rteThemeFontFace-2\">\n<p class=\"ms-rteFontSize-3 ms-rteThemeFontFace-2\">200 \u00e9l\u00e8ves ont particip\u00e9 \u00e0 la remise des r\u00e9compenses.<\/p>\n<p class=\"ms-rteFontSize-3 ms-rteThemeFontFace-2\">Comme interlude, des chansons ont \u00e9t\u00e9 interpr\u00e9t\u00e9e par les\u00a0\u00e9l\u00e8ves.<\/p>\n<p class=\"ms-rteFontSize-3 ms-rteThemeFontFace-2\">A la fin de la c\u00e9r\u00e9monie, les boissons YOP ont \u00e9t\u00e9 distribu\u00e9es.<\/p>\n<p class=\"ms-rteFontSize-3 ms-rteThemeFontFace-2\"><a href=\"http:\/\/msc2020.govmu.org\/msc\/?page_id=58\">View Pictures in Media Library<\/a><\/p>\n<p>[\/vc_column_text][\/vc_column][\/vc_row]<\/p>\n","protected":false},"excerpt":{"rendered":"<p>[vc_row][vc_column][vc_column_text] Yop Athlete Award of the Month at St Esprit College [\/vc_column_text][\/vc_column][\/vc_row][vc_row css=&#8221;.vc_custom_1595849893235{margin-top: 30px !important;}&#8221;][vc_column][vc_column_text] La c\u00e9r\u00e9monie de remise de r\u00e9compenses pour les laur\u00e9ats du &#8220;YOP ATHLETE AWARD&#8221; pour les mois de janvier \u00e0 mars 2019 eut lieu au college du St Esprit \u00e0 Quatre Bornes le vendredi 28 juin 2019 devant un parterre compos\u00e9 [&hellip;]<\/p>\n","protected":false},"author":1,"featured_media":0,"parent":0,"menu_order":0,"comment_status":"closed","ping_status":"closed","template":"","meta":{"ngg_post_thumbnail":0,"footnotes":""},"class_list":["post-394","page","type-page","status-publish","hentry"],"_links":{"self":[{"href":"https:\/\/mauritiussportscouncil.govmu.org\/mauritiussportscouncil\/index.php?rest_route=\/wp\/v2\/pages\/394","targetHints":{"allow":["GET"]}}],"collection":[{"href":"https:\/\/mauritiussportscouncil.govmu.org\/mauritiussportscouncil\/index.php?rest_route=\/wp\/v2\/pages"}],"about":[{"href":"https:\/\/mauritiussportscouncil.govmu.org\/mauritiussportscouncil\/index.php?rest_route=\/wp\/v2\/types\/page"}],"author":[{"embeddable":true,"href":"https:\/\/mauritiussportscouncil.govmu.org\/mauritiussportscouncil\/index.php?rest_route=\/wp\/v2\/users\/1"}],"replies":[{"embeddable":true,"href":"https:\/\/mauritiussportscouncil.govmu.org\/mauritiussportscouncil\/index.php?rest_route=%2Fwp%2Fv2%2Fcomments&post=394"}],"version-history":[{"count":2,"href":"https:\/\/mauritiussportscouncil.govmu.org\/mauritiussportscouncil\/index.php?rest_route=\/wp\/v2\/pages\/394\/revisions"}],"predecessor-version":[{"id":5272,"href":"https:\/\/mauritiussportscouncil.govmu.org\/mauritiussportscouncil\/index.php?rest_route=\/wp\/v2\/pages\/394\/revisions\/5272"}],"wp:attachment":[{"href":"https:\/\/mauritiussportscouncil.govmu.org\/mauritiussportscouncil\/index.php?rest_route=%2Fwp%2Fv2%2Fmedia&parent=394"}],"curies":[{"name":"wp","href":"https:\/\/api.w.org\/{rel}","templated":true}]}}