{"id":3943,"date":"2020-07-22T07:20:11","date_gmt":"2020-07-22T07:20:11","guid":{"rendered":"http:\/\/localhost\/msc\/?page_id=3943"},"modified":"2021-01-21T07:12:00","modified_gmt":"2021-01-21T07:12:00","slug":"management-courses-and-sports-medicines-in-rodrigues","status":"publish","type":"page","link":"https:\/\/mauritiussportscouncil.govmu.org\/mauritiussportscouncil\/?page_id=3943","title":{"rendered":"Management Courses and Sports Medicines in Rodrigues"},"content":{"rendered":"<div class=\"FL width638\">\n<div id=\"ctl00_PlaceHolderMain_ctl00__ControlWrapper_RichHtmlField\" class=\"ms-rtestate-field\" aria-labelledby=\"ctl00_PlaceHolderMain_ctl00_label\">\n<div class=\"ms-rteFontSize-2\">The Mauritius Sports Council in close collaboration with the Ministry of Youth and Sports and the Commission for Youth &amp; Sports, Labour &amp; Employment of Rodrigues organised a series of courses in Rodrigues from the 30 July to 01 August 2007.<\/div>\n<div class=\"ms-rteFontSize-2\">&nbsp;<\/div>\n<div class=\"ms-rteFontSize-2\">The delegation from the MSC included the Chairman, Mr. D. S. Khamajeet, Mr. Achelay Mocud\u00e9, Mr. B. Mootoosamy, Mr. Jacques Mali\u00e9, Mr. Michel Chang Kye, Mr. G\u00e9rard Requin, Dr. Yehya Oomar and Mrs. A. Gowreesungkur.<\/p>\n<p>On Monday 30 July 2007, a seminar on Sports Management was held at Malabar Gymnasium for members of regional sports committees of Rodrigues. The opening ceremony was held in the presence of Mr. J C Agathe, Commissioner of Sports and officials from the MSC. Forty members from respective regional sports committee participated. Mr. Jacques Mali\u00e9 intervened on the roles and responsibilities of members of sports associations and managing meetings. On the same occasion, the MSC proceeded with the donation of books to the Commission for Youth &amp; Sports for the setting up of a Sports Library in Rodrigues. Mr. Achelay Mocud\u00e9, Member of the MSC and ex-International football player was presented to the audience as a role model in Sports. He made a speech describing his career and contribution on football.<\/p>\n<p>On Tuesday 31 July 2007, the workshop on Sports Medicine for coaches and Physical Education teachers was held at the Malabar Gymnasium. The following issues were presented and discussed:<\/p>\n<\/div>\n<ul class=\"ms-rteFontSize-2\">\n<li>Sports &amp; Health \/ anti-doping by Mr. G\u00e9rard Requin.<\/li>\n<li>The importance of good nutrition by Mrs. A. Gowreesungkur.<\/li>\n<li>Sports &amp; Trauma by Dr Yehya Oomar.<\/li>\n<li>Prevention &amp; First Aid Physiotherapy Treatment of Sports Injuries by Mr. Michel Chang Kye.<\/li>\n<\/ul>\n<div class=\"ms-rteFontSize-2\">On Wednesday 01 August, a workshop on Sports Medicine for students was held. Same issues as mentioned above were presented and discussed.<\/p>\n<p>The delegation also visited the Chief Commissioner of Rodrigues, Sports Infrastructure namely the Camp du Roi Stadium, Mar\u00e9chal Swimming Pool, Regional Football Grounds and the \u201cEcole de Judo\u201d at Malabar.<\/p>\n<\/div>\n<p><span id=\"ms-rterangepaste-end\" class=\"ms-rteFontSize-2\"><\/span><\/p>\n<\/div>\n<\/div>\n<div id=\"RightColumn\" class=\"FR width280\">\n<table border=\"0\" width=\"100%\" cellspacing=\"0\" cellpadding=\"0\">\n<tbody>\n<tr>\n<td id=\"MSOZoneCell_WebPartWPQ3\" class=\"s4-wpcell-plain\" valign=\"top\">\n<table class=\"s4-wpTopTable\" border=\"0\" width=\"100%\" cellspacing=\"0\" cellpadding=\"0\">\n<tbody>\n<tr>\n<td valign=\"top\">\n<div id=\"WebPartWPQ3\" class=\"ms-WPBody\">\u200b<img decoding=\"async\" src=\"http:\/\/www.mauritiussportscouncil.com\/English\/PublishingImages\/reprod5.jpg\" alt=\"\"><img loading=\"lazy\" decoding=\"async\" class=\"alignnone size-medium wp-image-6175\" src=\"https:\/\/goc2020.govmu.org\/msc\/wp-content\/uploads\/2021\/01\/reprod5-300x194.jpg\" alt=\"\" width=\"300\" height=\"194\" srcset=\"https:\/\/mauritiussportscouncil.govmu.org\/mauritiussportscouncil\/wp-content\/uploads\/2021\/01\/reprod5-300x194.jpg 300w, https:\/\/mauritiussportscouncil.govmu.org\/mauritiussportscouncil\/wp-content\/uploads\/2021\/01\/reprod5-24x15.jpg 24w, https:\/\/mauritiussportscouncil.govmu.org\/mauritiussportscouncil\/wp-content\/uploads\/2021\/01\/reprod5-36x23.jpg 36w, https:\/\/mauritiussportscouncil.govmu.org\/mauritiussportscouncil\/wp-content\/uploads\/2021\/01\/reprod5-48x31.jpg 48w, https:\/\/mauritiussportscouncil.govmu.org\/mauritiussportscouncil\/wp-content\/uploads\/2021\/01\/reprod5.jpg 527w\" sizes=\"auto, (max-width: 300px) 100vw, 300px\" \/><\/p>\n<\/div>\n<\/td>\n<\/tr>\n<\/tbody>\n<\/table>\n<\/td>\n<\/tr>\n<\/tbody>\n<\/table>\n<\/div>\n<div class=\"Clear\">&nbsp;<\/div>\n<div class=\"FL width920\">&nbsp;<\/div>\n<div class=\"Clear\">&nbsp;<\/div>\n<div class=\"Clear\">&nbsp;<\/div>\n","protected":false},"excerpt":{"rendered":"<p>The Mauritius Sports Council in close collaboration with the Ministry of Youth and Sports and the Commission for Youth &amp; Sports, Labour &amp; Employment of Rodrigues organised a series of courses in Rodrigues from the 30 July to 01 August 2007. &nbsp; The delegation from the MSC included the Chairman, Mr. D. S. Khamajeet, Mr. [&hellip;]<\/p>\n","protected":false},"author":1,"featured_media":0,"parent":0,"menu_order":0,"comment_status":"closed","ping_status":"closed","template":"","meta":{"ngg_post_thumbnail":0,"footnotes":""},"class_list":["post-3943","page","type-page","status-publish","hentry"],"_links":{"self":[{"href":"https:\/\/mauritiussportscouncil.govmu.org\/mauritiussportscouncil\/index.php?rest_route=\/wp\/v2\/pages\/3943","targetHints":{"allow":["GET"]}}],"collection":[{"href":"https:\/\/mauritiussportscouncil.govmu.org\/mauritiussportscouncil\/index.php?rest_route=\/wp\/v2\/pages"}],"about":[{"href":"https:\/\/mauritiussportscouncil.govmu.org\/mauritiussportscouncil\/index.php?rest_route=\/wp\/v2\/types\/page"}],"author":[{"embeddable":true,"href":"https:\/\/mauritiussportscouncil.govmu.org\/mauritiussportscouncil\/index.php?rest_route=\/wp\/v2\/users\/1"}],"replies":[{"embeddable":true,"href":"https:\/\/mauritiussportscouncil.govmu.org\/mauritiussportscouncil\/index.php?rest_route=%2Fwp%2Fv2%2Fcomments&post=3943"}],"version-history":[{"count":3,"href":"https:\/\/mauritiussportscouncil.govmu.org\/mauritiussportscouncil\/index.php?rest_route=\/wp\/v2\/pages\/3943\/revisions"}],"predecessor-version":[{"id":6186,"href":"https:\/\/mauritiussportscouncil.govmu.org\/mauritiussportscouncil\/index.php?rest_route=\/wp\/v2\/pages\/3943\/revisions\/6186"}],"wp:attachment":[{"href":"https:\/\/mauritiussportscouncil.govmu.org\/mauritiussportscouncil\/index.php?rest_route=%2Fwp%2Fv2%2Fmedia&parent=3943"}],"curies":[{"name":"wp","href":"https:\/\/api.w.org\/{rel}","templated":true}]}}