{"id":408,"date":"2020-07-20T07:17:14","date_gmt":"2020-07-20T07:17:14","guid":{"rendered":"http:\/\/localhost\/msc\/?page_id=408"},"modified":"2020-07-27T11:40:41","modified_gmt":"2020-07-27T11:40:41","slug":"yop-athlete-award-of-the-month-at-lycee-des-mascareignes","status":"publish","type":"page","link":"https:\/\/mauritiussportscouncil.govmu.org\/mauritiussportscouncil\/?page_id=408","title":{"rendered":"Yop Athlete Award of the Month at Lyc\u00e9e des Mascareignes"},"content":{"rendered":"<p>[vc_row][vc_column][vc_column_text]<\/p>\n<h3>Yop Athlete Award of the Month at Lyc\u00e9e des Mascareignes<\/h3>\n<p>[\/vc_column_text][\/vc_column][\/vc_row][vc_row css=&#8221;.vc_custom_1595850026683{margin-top: 30px !important;}&#8221;][vc_column][vc_column_text]<span style=\"font-weight: 400;\">La c\u00e9r\u00e9monie de remise de r\u00e9compenses pour les laur\u00e9ats du &#8220;YOP ATHLETE AWARD&#8221; pour les mois de juillet \u00e0 d\u00e9cembre 2018 eut lieu au Lyc\u00e9e des Mascareignes \u00e0 Moka le jeudi 11 avril 2019 devant un parterre compos\u00e9 de personnalit\u00e9s suivantes :<\/span><\/p>\n<p style=\"font-weight: 400;\">\n<ul>\n<li style=\"font-weight: 400;\">L\u2019Honorable Jean Christophe St\u00e9phan Toussaint, le Ministre de la Jeunesse et des Sports\u00a0;<\/li>\n<li style=\"font-weight: 400;\">Madame. Sarah Rawat Currimjee, la Pr\u00e9sidente du Mauritius Sports Council\u00a0;<\/li>\n<li style=\"font-weight: 400;\">Les membres ex\u00e9cutifs du Conseil ;<\/li>\n<li style=\"font-weight: 400;\">Les employ\u00e9s du Mauritius Sports Council ;<\/li>\n<li style=\"font-weight: 400;\">Le proviseur du lyc\u00e9e, Monsieur Serge Galissard ;<\/li>\n<li style=\"font-weight: 400;\">Madame. Cynthia Marie Lucie Meunier, \u2018Marketing Assistant\u2019 de Maurilait du groupe Panagora Marketing Co Ltd ;<\/li>\n<li style=\"font-weight: 400;\">Les enseignants et lyc\u00e9ens ;<\/li>\n<li style=\"font-weight: 400;\">Les athl\u00e8tes et parents et<\/li>\n<li style=\"font-weight: 400;\">Les membres de la presse<\/li>\n<\/ul>\n<p style=\"font-weight: 400;\">\n<p style=\"font-weight: 400;\">Le \u2018Yop Athl\u00e8te Award of the Month\u2019 est b\u00e9n\u00e9fique\u00a0pour les athl\u00e8tes et les \u00e9l\u00e8ves et a pour but, de r\u00e9compenser nos athl\u00e8tes de plus de 16 ans\u00a0qui ont brill\u00e9 sur le plan national et international. Ces champions sont des exemples pour nos jeunes d\u2019aujourd\u2019hui et le Mauritius Sports Council encourage les \u00e9tudiants des \u00e9tablissements scolaires \u00e0 suivre leurs exemples en faisant du sport.<\/p>\n<p style=\"font-weight: 400;\">Les gagnants du Yop Award ont \u00e9t\u00e9 r\u00e9compens\u00e9s comme suit\u00a0:<\/p>\n<ul>\n<li style=\"font-weight: 400;\">un troph\u00e9e, un certificat et un ch\u00e8que de Rs 4,000\/- offerts par le Mauritius Sports Council\u00a0;<\/li>\n<li style=\"font-weight: 400;\">un bon d\u2019achat de Rs 4,000\/- et des produits YOP offerts par Panagora Marketing Co Limited<\/li>\n<\/ul>\n<p style=\"font-weight: 400;\">\n<p style=\"font-weight: 400;\">Les gagnants sont comme suit\u00a0:<\/p>\n<p style=\"font-weight: 400;\"><strong>Juillet 2018 &#8211; Jack Dorian MADANAMOOTOO \u2013 Halt\u00e9rophilie<\/strong><\/p>\n<p style=\"font-weight: 400;\">Les alt\u00e8res n\u2019ont pour lui plus de secrets ; il a particip\u00e9 aux \u2018Youth African Games\u2019 qui s\u2019est tenu en Algerie ou il a rafl\u00e9 la m\u00e9daille d\u2019or dans la cat\u00e9gorie de -56 kgs &#8211; snatch 84 kgs &amp; Clean &amp; Jerk 150 kgs. Il a \u00e9t\u00e9 repr\u00e9sent\u00e9 par sa m\u00e8re.<\/p>\n<p style=\"font-weight: 400;\"><strong>Aout 2018 &#8211; Aziim Abdul RAMZAN &#8211; Brazilian Jiu Jitsu<\/strong><\/p>\n<p style=\"font-weight: 400;\">Il a pris part au \u2018Win or Tap Indian Ocean Championship 2018\u2019 dans la cat\u00e9gorie de 180 lbs; \u00e0 l\u2019ile de la R\u00e9union\u00a0; 6 pays se sont pr\u00e9sent\u00e9 \u00e0 ce championnat sur une trentaine de participants. Notre champion a remport\u00e9 la m\u00e9daille d\u2019or.<\/p>\n<p style=\"font-weight: 400;\"><strong>Septembre 2018 &#8211; Adil DOOKEE &#8211; Ju Jitsu<\/strong><\/p>\n<p style=\"font-weight: 400;\">Notre champion du mois a particip\u00e9 au \u2018Ambassador of Japan Cup 2018 Jiu Jitsu National Championship\u2019 qui s\u2019est tenu \u00e0 Maurice dans la cat\u00e9gorie de -69 kgs. Il remporta la m\u00e9daille d\u2019or\u00a0et dans la cat\u00e9gorie -85 kgs et une en argent\u00a0; il a aussi particip\u00e9 au \u2018Jiu Jit Su World Ranking Balkan Open Championship\u2019 qui s\u2019est tenu en Gr\u00e8ce ou il nous a ramen\u00e9 une m\u00e9daille d\u2019argent. Il a \u00e9t\u00e9 repr\u00e9sent\u00e9 par son p\u00e8re.<\/p>\n<p style=\"font-weight: 400;\"><strong>Octobre 2018 &#8211; Muhamad Tawfiq JAUNBOCUS &#8211; Brazilian Ju Jitsu<\/strong><\/p>\n<p style=\"font-weight: 400;\">Notre champion pratique une discipline qui est tr\u00e8s prim\u00e9 aujourd\u2019hui\u00a0: le Ju Jitsu. Il a particip\u00e9 au \u2018SJJIF World Championship\u2019 qui s\u2019est tenu en Amerique dans la cat\u00e9gorie -70 kgs No Gi ou il a remport\u00e9 la m\u00e9daille d\u2019argent.<\/p>\n<p style=\"font-weight: 400;\"><strong>Novembre 2018 &#8211; Miguel MARIE \u2013 Athl\u00e9tisme<\/strong><\/p>\n<p style=\"font-weight: 400;\">Notre champion du mois est un marathonien ; il a particip\u00e9 au \u2018Half Marathon of Moka\u2019, qui s\u2019est tenu \u00e0 Maurice ou il a boucl\u00e9 21 kilom\u00e8tres en une heure 14 minutes et 24 secondes\u00a0; remportant dans la cat\u00e9gorie Senior, la m\u00e9daille d\u2019or.<\/p>\n<p style=\"font-weight: 400;\"><strong>Decembre 2018 &#8211; Sebastien LIU CHUNG MING &#8211; Tennis<\/strong><\/p>\n<p style=\"font-weight: 400;\">Le tennis est son sport de pr\u00e9dilection\u00a0; il a particip\u00e9 au \u2018UBP National Championship\u2019 qui s\u2019est tenu \u00e0 Maurice ou il a rafl\u00e9 2 m\u00e9dailles d\u2019or\u00a0; une dans la cat\u00e9gorie Simple (16 ans et moins) et l\u2019autre dans la cat\u00e9gorie Messieurs. C\u2019est le champion du lyc\u00e9e.<\/p>\n<p style=\"font-weight: 400;\">Comme \u00e0 chaque remise de r\u00e9compense, le Panagora Marketing Co Ltd a eu le plaisir d\u2019offrir \u00e0 l\u2019\u00e9tablissement des \u00e9quipements sportifs, qui seront mis \u00e0 la disposition des lyc\u00e9ens.<\/p>\n<ul>\n<li style=\"font-weight: 400;\">2 ballons de foot<\/li>\n<li style=\"font-weight: 400;\">2 ballons de Volley<\/li>\n<li style=\"font-weight: 400;\">2 Ballons de Basket<\/li>\n<li style=\"font-weight: 400;\">5 Cordes \u00e0 sauter<\/li>\n<li style=\"font-weight: 400;\">\u00a02 paires de raquettes de badminton<\/li>\n<li style=\"font-weight: 400;\">\u00a02 boites de volants<\/li>\n<li style=\"font-weight: 400;\">\u00a0Une trousse de premiers soins<\/li>\n<li style=\"font-weight: 400;\">\u00a0Un bac \u00e0 glace<\/li>\n<\/ul>\n<p style=\"font-weight: 400;\">\n<p style=\"font-weight: 400;\">75 lyc\u00e9ens ont particip\u00e9 \u00e0 la remise des r\u00e9compenses.<\/p>\n<p style=\"font-weight: 400;\">Une chanson a \u00e9t\u00e9 interpr\u00e9t\u00e9e par les\u00a0lyc\u00e9ens\u00a0suivants\u00a0: Clo\u00e9, Mithiana, Alexandre et Alister.<\/p>\n<p style=\"font-weight: 400;\">A la fin de la c\u00e9r\u00e9monie, les boissons YOP ont \u00e9t\u00e9 distribu\u00e9es aux lyc\u00e9ens.<\/p>\n<p style=\"font-weight: 400;\">\n<p style=\"font-weight: 400;\"><a href=\"http:\/\/msc2020.govmu.org\/msc\/?page_id=58\">View Pictures in Media Library\u00a0\u200b\u200b<\/a><\/p>\n<p>[\/vc_column_text][\/vc_column][\/vc_row]<\/p>\n","protected":false},"excerpt":{"rendered":"<p>[vc_row][vc_column][vc_column_text] Yop Athlete Award of the Month at Lyc\u00e9e des Mascareignes [\/vc_column_text][\/vc_column][\/vc_row][vc_row css=&#8221;.vc_custom_1595850026683{margin-top: 30px !important;}&#8221;][vc_column][vc_column_text]La c\u00e9r\u00e9monie de remise de r\u00e9compenses pour les laur\u00e9ats du &#8220;YOP ATHLETE AWARD&#8221; pour les mois de juillet \u00e0 d\u00e9cembre 2018 eut lieu au Lyc\u00e9e des Mascareignes \u00e0 Moka le jeudi 11 avril 2019 devant un parterre compos\u00e9 de personnalit\u00e9s suivantes [&hellip;]<\/p>\n","protected":false},"author":1,"featured_media":0,"parent":0,"menu_order":0,"comment_status":"closed","ping_status":"closed","template":"","meta":{"ngg_post_thumbnail":0,"footnotes":""},"class_list":["post-408","page","type-page","status-publish","hentry"],"_links":{"self":[{"href":"https:\/\/mauritiussportscouncil.govmu.org\/mauritiussportscouncil\/index.php?rest_route=\/wp\/v2\/pages\/408","targetHints":{"allow":["GET"]}}],"collection":[{"href":"https:\/\/mauritiussportscouncil.govmu.org\/mauritiussportscouncil\/index.php?rest_route=\/wp\/v2\/pages"}],"about":[{"href":"https:\/\/mauritiussportscouncil.govmu.org\/mauritiussportscouncil\/index.php?rest_route=\/wp\/v2\/types\/page"}],"author":[{"embeddable":true,"href":"https:\/\/mauritiussportscouncil.govmu.org\/mauritiussportscouncil\/index.php?rest_route=\/wp\/v2\/users\/1"}],"replies":[{"embeddable":true,"href":"https:\/\/mauritiussportscouncil.govmu.org\/mauritiussportscouncil\/index.php?rest_route=%2Fwp%2Fv2%2Fcomments&post=408"}],"version-history":[{"count":2,"href":"https:\/\/mauritiussportscouncil.govmu.org\/mauritiussportscouncil\/index.php?rest_route=\/wp\/v2\/pages\/408\/revisions"}],"predecessor-version":[{"id":5273,"href":"https:\/\/mauritiussportscouncil.govmu.org\/mauritiussportscouncil\/index.php?rest_route=\/wp\/v2\/pages\/408\/revisions\/5273"}],"wp:attachment":[{"href":"https:\/\/mauritiussportscouncil.govmu.org\/mauritiussportscouncil\/index.php?rest_route=%2Fwp%2Fv2%2Fmedia&parent=408"}],"curies":[{"name":"wp","href":"https:\/\/api.w.org\/{rel}","templated":true}]}}