{"id":415,"date":"2020-07-20T07:17:20","date_gmt":"2020-07-20T07:17:20","guid":{"rendered":"http:\/\/localhost\/msc\/?page_id=415"},"modified":"2020-07-27T11:45:11","modified_gmt":"2020-07-27T11:45:11","slug":"yop-athlete-award-of-the-month-at-ssr-medical-college","status":"publish","type":"page","link":"https:\/\/mauritiussportscouncil.govmu.org\/mauritiussportscouncil\/?page_id=415","title":{"rendered":"Yop Athlete Award of the Month at SSR Medical College"},"content":{"rendered":"<p>[vc_row][vc_column][vc_column_text]<\/p>\n<h3>Yop Athlete Award of the Month at SSR Medical College<\/h3>\n<p>[\/vc_column_text][\/vc_column][\/vc_row][vc_row css=&#8221;.vc_custom_1595850143146{margin-top: 30px !important;}&#8221;][vc_column][vc_column_text]<\/p>\n<div><span lang=\"FR\">La c\u00e9r\u00e9monie de remise de r\u00e9compenses pour les laur\u00e9ats du\u00a0<b>&#8220;YOP ATHLETE AWARD&#8221;<\/b>\u00a0pour les mois\u00a0<b>d\u2019Avril \u00e0 Juin 2018<\/b>\u00a0eut lieu \u00e0\u00a0<b>SSR Medical College, Belle Rive, Curepipe, Jeudi 23 Ao\u00fbt 2018<\/b>\u00a0devant un parterre compos\u00e9 de personnalit\u00e9s suivantes :<\/span><\/div>\n<div><span lang=\"FR\">\u00a0<\/span><\/div>\n<div><span lang=\"FR\">\u00b7<\/span><span lang=\"FR\">\u00a0\u00a0\u00a0\u00a0\u00a0\u00a0\u00a0\u00a0\u00a0<\/span><b><span lang=\"FR\">L\u2019Honorable Jean Christophe St\u00e9phan Toussaint, le Ministre de la Jeunesse et des Sports\u00a0;<\/span><\/b><\/div>\n<div><span lang=\"FR\">\u00b7<\/span><span lang=\"FR\">\u00a0\u00a0\u00a0\u00a0\u00a0\u00a0\u00a0\u00a0\u00a0<\/span><b><span lang=\"FR\">Mme. Sarah Rawat Currimjee, la Pr\u00e9sidente du Mauritius Sports Council\u00a0;<\/span><\/b><\/div>\n<div><span lang=\"EN-GB\">\u00b7<\/span><span lang=\"EN-GB\">\u00a0\u00a0\u00a0\u00a0\u00a0\u00a0\u00a0\u00a0\u00a0<\/span><b><span lang=\"FR\">Dr. Ashok Pratap Singh, le Responsable Principal du SSR Medical College;<\/span><\/b><\/div>\n<div>\u00b7\u00a0\u00a0\u00a0\u00a0\u00a0\u00a0\u00a0\u00a0\u00a0<b>Mme. Stephanie Heerah, \u2018Marketing and Customer Relationship Manager\u2019 de Maurilait;<\/b><\/div>\n<div><span lang=\"FR\">\u00b7<\/span><span lang=\"FR\">\u00a0\u00a0\u00a0\u00a0\u00a0\u00a0\u00a0\u00a0\u00a0<\/span><b><span lang=\"FR\">Les Membres du Board et staff du Mauritius Sports Council\u00a0;<\/span><\/b><\/div>\n<div><span lang=\"FR\">\u00b7<\/span><span lang=\"FR\">\u00a0\u00a0\u00a0\u00a0\u00a0\u00a0\u00a0\u00a0\u00a0<\/span><b><span lang=\"FR\">Les enseignants et \u00e9tudiants en m\u00e9dicine\u00a0;<\/span><\/b><\/div>\n<div><span lang=\"FR\">\u00b7<\/span><span lang=\"FR\">\u00a0\u00a0\u00a0\u00a0\u00a0\u00a0\u00a0\u00a0\u00a0<\/span><b><span lang=\"FR\">Les athl\u00e8tes et parents<\/span><\/b><\/div>\n<div><span lang=\"FR\">\u00b7<\/span><span lang=\"FR\">\u00a0\u00a0\u00a0\u00a0\u00a0\u00a0\u00a0\u00a0\u00a0<\/span><b><span lang=\"FR\">Les Membres de la presse<\/span><\/b><\/div>\n<div><span lang=\"FR\">\u00a0<\/span><\/div>\n<div><span lang=\"FR\">Le\u00a0<b>\u2018Yop Athl\u00e8te Award of the Month\u2019<\/b>\u00a0est b\u00e9n\u00e9fique\u00a0pour les athl\u00e8tes et les \u00e9l\u00e8ves et a pour but, de r\u00e9compenser nos athl\u00e8tes de plus de 16 ans\u00a0qui ont brill\u00e9 sur le plan national et international. Ces champions sont des exemples pour nos jeunes d\u2019aujourd\u2019hui et le\u00a0<b>Mauritius Sports Council<\/b>\u00a0encourage les \u00e9tudiants des \u00e9tablissements scolaires \u00e0 suivre leurs exemples en faisant du sport.\u00a0<\/span><\/div>\n<div><span lang=\"FR\">\u00a0<\/span><\/div>\n<div><u><span lang=\"FR\">Les gagnants du\u00a0<b>Yop Award<\/b>\u00a0ont \u00e9t\u00e9 r\u00e9compens\u00e9s comme suit\u00a0:<\/span><\/u><\/div>\n<div><span lang=\"FR\"><br \/>\n\u2022 un troph\u00e9e, un certificat et un ch\u00e8que de Rs 4,000\/- offerts par le\u00a0<b>Mauritius Sports Council<\/b>\u00a0;<br \/>\n\u2022 un bon d\u2019achat de Rs 4,000\/- et des produits YOP offerts par<b>\u00a0Panagora Marketing Company Limited.<\/b><\/span><\/div>\n<div><span lang=\"FR\">\u00a0<\/span><\/div>\n<div><u><span lang=\"FR\">Les Gagnants sont comme suit\u00a0:<\/span><\/u><\/div>\n<div><span lang=\"FR\">\u00a0<\/span><\/div>\n<div><b><span lang=\"FR\">AVRIL 2018<\/span><\/b><b><span lang=\"FR\">\u00a0&#8211;\u00a0<\/span><\/b><b><span lang=\"FR\">Jonathan DRACK- Athl\u00e9tisme\u00a0<\/span><\/b><\/div>\n<div><span lang=\"FR\">\u00a0<\/span><\/div>\n<div><span lang=\"FR\">Notre gagnant du mois pratique l&#8217;athl\u00e9tisme plus pr\u00e9cis\u00e9ment le Triple Saut ; il a particip\u00e9 aux Commonwealth Games qui s\u2019est tenu en Australie o\u00f9 il a r\u00e9alis\u00e9 une performance de 16 m\u00e8tres 28.<\/span><\/div>\n<div><span lang=\"FR\">\u00a0<\/span><\/div>\n<div><b><span lang=\"FR\">MAI 2018- Henry Bernard BAPTISTE- Athl\u00e9tisme\u00a0<\/span><\/b><\/div>\n<div><b><span lang=\"FR\">\u00a0<\/span><\/b><\/div>\n<div><span lang=\"FR\">Notre champion du mois est un ancien de ce coll\u00e8ge. Il est une preuve flagrante que la passion du sport et la vocation professionnelle sont possibles. Il est docteur de profession, sp\u00e9cialis\u00e9 en m\u00e9decine sportive pr\u00e9ventive ; sa discipline est l&#8217;athl\u00e9tisme, o\u00f9 il excelle au lanc\u00e9 du poids. \u00a0Il a am\u00e9lior\u00e9 le record National, en France au 1er Tour de Nancy, remportant ainsi la premi\u00e8re place, avec un record de 18 m\u00e8tres 35.<\/span><\/div>\n<div><span lang=\"FR\">\u00a0<\/span><\/div>\n<div><span lang=\"FR\">Il a \u00e9galement particip\u00e9 au \u2018Friendship Cup\u2019, qui s\u2019est aussi tenu en France o\u00f9 il a encore une fois pris la premi\u00e8re place.<\/span><\/div>\n<div><span lang=\"FR\">\u00a0<\/span><\/div>\n<div><span lang=\"FR\">\u00a0<\/span><\/div>\n<div><b><span lang=\"FR\">JUIN 2018- Jonathan CHARLOT- Ju Jitsu<\/span><\/b><\/div>\n<div><span lang=\"FR\">\u00a0<\/span><\/div>\n<div><span lang=\"FR\">Notre gagnant vient du monde de\u00a0l\u2019Art Martial et pratique le Jiu Jitsu. Il a particip\u00e9 au \u2018Jiu-Jitsu Tha\u00eflande JJIF World Tournament Ranking\u2019 ou il a remport\u00e9 la m\u00e9daille d&#8217;or dans la cat\u00e9gorie des moins de 77 kgs.<\/span><\/div>\n<div><span lang=\"FR\">\u00a0<\/span><\/div>\n<div><span lang=\"FR\">Le\u00a0<b>SSR Medical College\u00a0<\/b>avait organis\u00e9 sa journ\u00e9e sportive et le directeur a saisi cette occasion pour r\u00e9compenser ses gagnants comme suit\u00a0:<\/span><\/div>\n<div><span lang=\"FR\">\u00a0<\/span><\/div>\n<div><span lang=\"FR\">\u00b7<\/span><span lang=\"FR\">\u00a0\u00a0\u00a0\u00a0\u00a0\u00a0\u00a0\u00a0\u00a0<\/span><span lang=\"FR\">Monsieur Adish Chundunsingh qui a repr\u00e9sent\u00e9 tous les athl\u00e8tes masculins\u00a0;<\/span><\/div>\n<div><span lang=\"FR\">\u00b7<\/span><span lang=\"FR\">\u00a0\u00a0\u00a0\u00a0\u00a0\u00a0\u00a0\u00a0\u00a0<\/span><span lang=\"FR\">Mademoiselle Varsha Ojha qui a repr\u00e9sent\u00e9 tous les athl\u00e8tes f\u00e9minins et<\/span><\/div>\n<div><span lang=\"FR\">\u00b7<\/span><span lang=\"FR\">\u00a0\u00a0\u00a0\u00a0\u00a0\u00a0\u00a0\u00a0\u00a0<\/span><span lang=\"FR\">Monsieur Yadav Ojus repr\u00e9sentant tous les gagnants sportifs.<\/span><\/div>\n<div><span lang=\"FR\">\u00a0<\/span><\/div>\n<div><span lang=\"FR\">Comme \u00e0 chaque remise de r\u00e9compense, le\u00a0<b>Panagora Marketing Co Ltd<\/b>\u00a0a eu le plaisir d\u2019offrir \u00e0 l\u2019\u00e9tablissement des \u00e9quipements sportifs, qui seront mis \u00e0 la disposition des \u00e9tudiants.<\/span><\/div>\n<div><span lang=\"FR\">\u00a0<\/span><\/div>\n<div><span lang=\"FR\">\u00b7<\/span><span lang=\"FR\">\u00a0\u00a0\u00a0\u00a0\u00a0\u00a0\u00a0\u00a0\u00a0<\/span><span lang=\"FR\">2 ballons de volley<\/span><\/div>\n<div><span lang=\"FR\">\u00b7<\/span><span lang=\"FR\">\u00a0\u00a0\u00a0\u00a0\u00a0\u00a0\u00a0\u00a0\u00a0<\/span><span lang=\"FR\">2 ballons de foot<\/span><\/div>\n<div><span lang=\"FR\">\u00b7<\/span><span lang=\"FR\">\u00a0\u00a0\u00a0\u00a0\u00a0\u00a0\u00a0\u00a0\u00a0<\/span><span lang=\"FR\">2 ballons de basket<\/span><\/div>\n<div><span lang=\"FR\">\u00b7<\/span><span lang=\"FR\">\u00a0\u00a0\u00a0\u00a0\u00a0\u00a0\u00a0\u00a0\u00a0<\/span><span lang=\"FR\">5 cordes \u00e0 sauter<\/span><\/div>\n<div><span lang=\"FR\">\u00b7<\/span><span lang=\"FR\">\u00a0\u00a0\u00a0\u00a0\u00a0\u00a0\u00a0\u00a0\u00a0<\/span><span lang=\"FR\">2 paires de raquettes de badminton<\/span><\/div>\n<div><span lang=\"FR\">\u00b7<\/span><span lang=\"FR\">\u00a0\u00a0\u00a0\u00a0\u00a0\u00a0\u00a0\u00a0\u00a0<\/span><span lang=\"FR\">1 paire de raquette de tennis de table<\/span><\/div>\n<div><span lang=\"FR\">\u00a0<\/span><\/div>\n<div><span lang=\"FR\">Les \u00e9quipements ont \u00e9t\u00e9 remis au Responsable\u00a0<\/span><span lang=\"FR\">Principal du SSR Medical College.<\/span><\/div>\n<div><span lang=\"FR\">\u00a0\u00a0\u00a0<\/span><\/div>\n<div><span lang=\"FR\">150 \u00e9tudiants en m\u00e9dicine ont particip\u00e9 \u00e0 la remise des r\u00e9compenses.<\/span><\/div>\n<div><span lang=\"FR\">\u00a0<\/span><\/div>\n<div><span lang=\"FR\">A la fin de la c\u00e9r\u00e9monie, les boissons YOP ont \u00e9t\u00e9 distribu\u00e9es aux \u00e9tudiants.<\/span><\/div>\n<div><\/div>\n<div style=\"padding-top:20px;\">\n<a href=\"http:\/\/msc2020.govmu.org\/msc\/?page_id=58\" target=\"_blank\" rel=\"noopener noreferrer\">View Pictures in Media Library<\/a><\/div>\n<p>[\/vc_column_text][\/vc_column][\/vc_row]<\/p>\n","protected":false},"excerpt":{"rendered":"<p>[vc_row][vc_column][vc_column_text] Yop Athlete Award of the Month at SSR Medical College [\/vc_column_text][\/vc_column][\/vc_row][vc_row css=&#8221;.vc_custom_1595850143146{margin-top: 30px !important;}&#8221;][vc_column][vc_column_text] La c\u00e9r\u00e9monie de remise de r\u00e9compenses pour les laur\u00e9ats du\u00a0&#8220;YOP ATHLETE AWARD&#8221;\u00a0pour les mois\u00a0d\u2019Avril \u00e0 Juin 2018\u00a0eut lieu \u00e0\u00a0SSR Medical College, Belle Rive, Curepipe, Jeudi 23 Ao\u00fbt 2018\u00a0devant un parterre compos\u00e9 de personnalit\u00e9s suivantes : \u00a0 \u00b7\u00a0\u00a0\u00a0\u00a0\u00a0\u00a0\u00a0\u00a0\u00a0L\u2019Honorable Jean Christophe St\u00e9phan [&hellip;]<\/p>\n","protected":false},"author":1,"featured_media":0,"parent":0,"menu_order":0,"comment_status":"closed","ping_status":"closed","template":"","meta":{"ngg_post_thumbnail":0,"footnotes":""},"class_list":["post-415","page","type-page","status-publish","hentry"],"_links":{"self":[{"href":"https:\/\/mauritiussportscouncil.govmu.org\/mauritiussportscouncil\/index.php?rest_route=\/wp\/v2\/pages\/415","targetHints":{"allow":["GET"]}}],"collection":[{"href":"https:\/\/mauritiussportscouncil.govmu.org\/mauritiussportscouncil\/index.php?rest_route=\/wp\/v2\/pages"}],"about":[{"href":"https:\/\/mauritiussportscouncil.govmu.org\/mauritiussportscouncil\/index.php?rest_route=\/wp\/v2\/types\/page"}],"author":[{"embeddable":true,"href":"https:\/\/mauritiussportscouncil.govmu.org\/mauritiussportscouncil\/index.php?rest_route=\/wp\/v2\/users\/1"}],"replies":[{"embeddable":true,"href":"https:\/\/mauritiussportscouncil.govmu.org\/mauritiussportscouncil\/index.php?rest_route=%2Fwp%2Fv2%2Fcomments&post=415"}],"version-history":[{"count":3,"href":"https:\/\/mauritiussportscouncil.govmu.org\/mauritiussportscouncil\/index.php?rest_route=\/wp\/v2\/pages\/415\/revisions"}],"predecessor-version":[{"id":5275,"href":"https:\/\/mauritiussportscouncil.govmu.org\/mauritiussportscouncil\/index.php?rest_route=\/wp\/v2\/pages\/415\/revisions\/5275"}],"wp:attachment":[{"href":"https:\/\/mauritiussportscouncil.govmu.org\/mauritiussportscouncil\/index.php?rest_route=%2Fwp%2Fv2%2Fmedia&parent=415"}],"curies":[{"name":"wp","href":"https:\/\/api.w.org\/{rel}","templated":true}]}}