{"id":422,"date":"2020-07-20T07:17:22","date_gmt":"2020-07-20T07:17:22","guid":{"rendered":"http:\/\/localhost\/msc\/?page_id=422"},"modified":"2020-07-27T11:46:55","modified_gmt":"2020-07-27T11:46:55","slug":"yop-athlete-award-of-the-month-at-floreal-state-secondary-school","status":"publish","type":"page","link":"https:\/\/mauritiussportscouncil.govmu.org\/mauritiussportscouncil\/?page_id=422","title":{"rendered":"Yop Athlete Award of the Month at Floreal State Secondary School"},"content":{"rendered":"<p>[vc_row][vc_column][vc_column_text]<\/p>\n<h3>Yop Athlete Award of the Month at Floreal State Secondary School<\/h3>\n<p>[\/vc_column_text][\/vc_column][\/vc_row][vc_row css=&#8221;.vc_custom_1595850400286{margin-top: 30px !important;}&#8221;][vc_column][vc_column_text]<\/p>\n<div><span lang=\"FR\">La c\u00e9r\u00e9monie de remise des r\u00e9compenses pour les laur\u00e9ats du &#8220;YOP ATHELE AWARD&#8221; pour les mois de janvier \u00e0 mars 2018 eut lieu \u00e0 Floreal State Secondary School jeudi 07 juin 2018 devant un parterre compos\u00e9 des personnalit\u00e9s suivantes:<\/span><\/div>\n<div><span lang=\"FR\">\u00a0<\/span><\/div>\n<div><span lang=\"FR\">\u00b7\u00a0\u00a0\u00a0\u00a0\u00a0\u00a0\u00a0\u00a0\u00a0<\/span><span lang=\"FR\">L\u2019Honorable Jean Christophe St\u00e9phan Toussaint, le Ministre de la Jeunesse et des Sports\u00a0;<\/span><\/div>\n<div><span lang=\"FR\">\u00b7\u00a0\u00a0\u00a0\u00a0\u00a0\u00a0\u00a0\u00a0\u00a0<\/span><span lang=\"FR\">Mons. Rangan Jaganathan Parasivam, l\u2019Adjoint Secr\u00e9taire Permanent\u2019 du Minist\u00e8re de la Jeunesse et des Sports,\u00a0\u00a0Membre Ex\u00e9cutif du Board de la MSC et agissant en tant que \u2018Chairperson\u2019 du Mauritius Sports Council\u00a0;<\/span><\/div>\n<div><span lang=\"FR\">\u00b7\u00a0\u00a0\u00a0\u00a0\u00a0\u00a0\u00a0\u00a0\u00a0<\/span><span lang=\"FR\">Membres du Board et staff du Mauritius Sports Council\u00a0;<\/span><\/div>\n<div><span lang=\"FR\">\u00b7\u00a0\u00a0\u00a0\u00a0\u00a0\u00a0\u00a0\u00a0\u00a0<\/span><span lang=\"FR\">Melle Magalie Karupannen, \u2018Brand Manager\u2019, Panagora Marketing Co. Ltd\u00a0; \u00b7\u00a0\u00a0\u00a0\u00a0\u00a0\u00a0\u00a0\u00a0<\/span><\/div>\n<div><span lang=\"FR\">\u00b7\u00a0\u00a0\u00a0\u00a0\u00a0\u00a0\u00a0\u00a0\u00a0<\/span><span lang=\"FR\">Mme. Reshma Jhummun, rectrice de l\u2019institution;<\/span><\/div>\n<div><span lang=\"FR\">\u00b7\u00a0\u00a0\u00a0\u00a0\u00a0\u00a0\u00a0\u00a0\u00a0<\/span><span lang=\"FR\">Les personnels enseignants et \u00e9tudiants;<\/span><\/div>\n<div><span lang=\"FR\">\u00b7\u00a0\u00a0\u00a0\u00a0\u00a0\u00a0\u00a0\u00a0\u00a0<\/span><span lang=\"FR\">Les athl\u00e8tes et parents\u00a0;<\/span><\/div>\n<div><span lang=\"FR\">\u00a0<\/span><\/div>\n<div><span lang=\"FR\">Le \u2018Yop Athl\u00e8te Award of the Month\u2019 est b\u00e9n\u00e9fique\u00a0 pour les athl\u00e8tes et les \u00e9l\u00e8ves et qui a pour but, de r\u00e9compenser nos athl\u00e8tes de plus de 16 ans\u00a0 qui ont brill\u00e9 sur le plan national et international. Ces champions sont des exemples pour nos jeunes d\u2019aujourd\u2019hui et le MSC encourage les \u00e9tudiants des \u00e9tablissements scolaires \u00e0 les suivre et \u00e0 faire du sport.\u00a0<\/span><\/div>\n<div><span lang=\"FR\">\u00a0<\/span><\/div>\n<div><span lang=\"FR\">Les gagnants du Yop Award ont \u00e9t\u00e9 r\u00e9compens\u00e9s comme suit;<\/span><\/div>\n<div><span lang=\"FR\"><br \/>\n\u2022 un troph\u00e9e, un certificat et un ch\u00e8que de Rs 4,000\/- offerts par le Mauritius Sports Council<br \/>\n\u2022 un bon d\u2019achat de Rs 4,000\/- et des produits YOP offerts par Panagora Marketing Company Limited.<\/span><\/div>\n<div><span lang=\"FR\">\u00a0<\/span><\/div>\n<div><span lang=\"FR\">Les Gagnants<\/span><\/div>\n<div><span lang=\"FR\">\u00a0<\/span><\/div>\n<div><b><span lang=\"FR\">JANVIER 2018\u00a0&#8211; Yadhav Kumar BEERUNJEEA\u00a0&#8211;\u00a0Brazilian Jiu Jitsu<\/span><\/b><\/div>\n<div><span lang=\"FR\">\u00a0<\/span><\/div>\n<div><span lang=\"FR\">\u00a0Il a particip\u00e9 au \u2018ARGY OPEN BJJ TOURNAMENT\u2019 dans la cat\u00e9gorie des plus de 60kgs, qui s\u2019est tenu \u00e0 Maurice ou il a rafl\u00e9 la m\u00e9daille d\u2019or.<\/span><\/div>\n<div><span lang=\"FR\">\u00a0<\/span><\/div>\n<div><b><span lang=\"FR\">FEVRIER 2018-\u00a0\u00a0Kate FOO KUNE\u00a0&#8211;\u00a0Badminton<\/span><\/b><\/div>\n<div><span lang=\"FR\">\u00a0<\/span><\/div>\n<div><span lang=\"FR\">Elle a \u00e9t\u00e9 couronn\u00e9 Meilleure Athl\u00e8te F\u00e9minine de l\u2019ann\u00e9e 2016.\u00a0\u00a0Au d\u00e9but de l\u2019ann\u00e9e 2018, elle a particip\u00e9 en Alg\u00e9rie, du\u00a0\u00a016 au 18 F\u00e9vrier au\u2019 ALL AFRICAN CHAMPIONSHIP\u2019 et en Uganda du 22 au 25 F\u00e9vrier \u00e0 \u2018 L\u2019UGANDA INTERNATIONAL\u2019. Notre championne a rafl\u00e9 dans les 2 tournois respectifs, la m\u00e9daille d\u2019or.<\/span><\/div>\n<div><span lang=\"FR\">\u00a0<\/span><\/div>\n<div><span lang=\"FR\">\u00a0<\/span><\/div>\n<div><span lang=\"FR\">\u00a0<\/span><\/div>\n<div><b><span lang=\"FR\">MARS 2018- &#8211;\u00a0Dhavind CUSTNEEA\u00a0&#8211; Athl\u00e9tisme<\/span><\/b><\/div>\n<div><span lang=\"FR\">\u00a0<\/span><\/div>\n<div><span lang=\"FR\">Notre gagnant vient du monde de l\u2019athl\u00e9tisme; il a particip\u00e9 au 10 kilom\u00e8tres de MOKA dans la cat\u00e9gorie des moins de 20 ans\u00a0; il a boucl\u00e9 le parcours et il a franchi la ligne d\u2019arriv\u00e9e en premier en 33 minutes et 44 secondes.<\/span><\/div>\n<div><span lang=\"FR\">\u00a0<\/span><\/div>\n<div><span lang=\"FR\">\u00a0<\/span><span lang=\"FR\">Comme \u00e0 chaque remise de r\u00e9compense, le Panagora Marketing Co Ltd a eu le plaisir d\u2019offrir \u00e0 l\u2019\u00e9tablissement scolaire des \u00e9quipements sportifs, qui seront mis \u00e0 la disposition des \u00e9tudiants.<\/span><\/div>\n<div><span lang=\"FR\">\u00a0<\/span><\/div>\n<div><span lang=\"FR\">\u00b7\u00a0\u00a0\u00a0\u00a0\u00a0\u00a0\u00a0\u00a0\u00a0<\/span><span lang=\"FR\">2 ballons de volley<\/span><\/div>\n<div><span lang=\"FR\">\u00b7\u00a0\u00a0\u00a0\u00a0\u00a0\u00a0\u00a0\u00a0\u00a0<\/span><span lang=\"FR\">2 ballons de foot<\/span><\/div>\n<div><span lang=\"FR\">\u00b7\u00a0\u00a0\u00a0\u00a0\u00a0\u00a0\u00a0\u00a0\u00a0<\/span><span lang=\"FR\">2 ballons de basket<\/span><\/div>\n<div><span lang=\"FR\">\u00b7\u00a0\u00a0\u00a0\u00a0\u00a0\u00a0\u00a0\u00a0\u00a0<\/span><span lang=\"FR\">5 cordes \u00e0 sauter<\/span><\/div>\n<div><span lang=\"FR\">\u00b7\u00a0\u00a0\u00a0\u00a0\u00a0\u00a0\u00a0\u00a0\u00a0<\/span><span lang=\"FR\">2 paires de raquettes de badminton<\/span><\/div>\n<div><span lang=\"FR\">\u00a0<\/span><\/div>\n<div><span lang=\"FR\">Une trousse de premier soin et un bac \u00e0 glace sont aussi offerts pour les premiers soins et en cas de blessure pendant les activit\u00e9s physiques.<\/span><\/div>\n<div><span lang=\"FR\">\u00a0<\/span><\/div>\n<div><span lang=\"FR\">Les \u00e9quipements ont \u00e9t\u00e9 remis \u00e0 la rectrice de l\u2019institution, Mme. Reshma Jhummun.<\/span><\/div>\n<div><span lang=\"FR\">\u00a0\u00a0<\/span><\/div>\n<div><span lang=\"FR\">Des chants et un sketch ont \u00e9t\u00e9 interpr\u00e9t\u00e9s les \u00e9tudiants comme interlude.<\/span><\/div>\n<div><span lang=\"FR\">\u00a0<\/span><\/div>\n<div><span lang=\"FR\">156 \u00e9tudiants ont particip\u00e9 \u00e0 la remise des r\u00e9compenses.<\/span><\/div>\n<div><span lang=\"FR\">\u00a0<\/span><\/div>\n<div><span lang=\"FR\">A la fin de la c\u00e9r\u00e9monie, les boissons Perettes (de la marque Candia) et YOP ont \u00e9t\u00e9 distribu\u00e9es aux \u00e9tudiants.<\/span><\/div>\n<div><span lang=\"FR\">\u00a0<\/span><\/div>\n<div><span lang=\"FR\"><a href=\"http:\/\/msc2020.govmu.org\/msc\/?page_id=58\">View Pictures in Media Library<\/a><\/span><\/div>\n<p>[\/vc_column_text][\/vc_column][\/vc_row]<\/p>\n","protected":false},"excerpt":{"rendered":"<p>[vc_row][vc_column][vc_column_text] Yop Athlete Award of the Month at Floreal State Secondary School [\/vc_column_text][\/vc_column][\/vc_row][vc_row css=&#8221;.vc_custom_1595850400286{margin-top: 30px !important;}&#8221;][vc_column][vc_column_text] La c\u00e9r\u00e9monie de remise des r\u00e9compenses pour les laur\u00e9ats du &#8220;YOP ATHELE AWARD&#8221; pour les mois de janvier \u00e0 mars 2018 eut lieu \u00e0 Floreal State Secondary School jeudi 07 juin 2018 devant un parterre compos\u00e9 des personnalit\u00e9s suivantes: [&hellip;]<\/p>\n","protected":false},"author":1,"featured_media":0,"parent":0,"menu_order":0,"comment_status":"closed","ping_status":"closed","template":"","meta":{"ngg_post_thumbnail":0,"footnotes":""},"class_list":["post-422","page","type-page","status-publish","hentry"],"_links":{"self":[{"href":"https:\/\/mauritiussportscouncil.govmu.org\/mauritiussportscouncil\/index.php?rest_route=\/wp\/v2\/pages\/422","targetHints":{"allow":["GET"]}}],"collection":[{"href":"https:\/\/mauritiussportscouncil.govmu.org\/mauritiussportscouncil\/index.php?rest_route=\/wp\/v2\/pages"}],"about":[{"href":"https:\/\/mauritiussportscouncil.govmu.org\/mauritiussportscouncil\/index.php?rest_route=\/wp\/v2\/types\/page"}],"author":[{"embeddable":true,"href":"https:\/\/mauritiussportscouncil.govmu.org\/mauritiussportscouncil\/index.php?rest_route=\/wp\/v2\/users\/1"}],"replies":[{"embeddable":true,"href":"https:\/\/mauritiussportscouncil.govmu.org\/mauritiussportscouncil\/index.php?rest_route=%2Fwp%2Fv2%2Fcomments&post=422"}],"version-history":[{"count":2,"href":"https:\/\/mauritiussportscouncil.govmu.org\/mauritiussportscouncil\/index.php?rest_route=\/wp\/v2\/pages\/422\/revisions"}],"predecessor-version":[{"id":5276,"href":"https:\/\/mauritiussportscouncil.govmu.org\/mauritiussportscouncil\/index.php?rest_route=\/wp\/v2\/pages\/422\/revisions\/5276"}],"wp:attachment":[{"href":"https:\/\/mauritiussportscouncil.govmu.org\/mauritiussportscouncil\/index.php?rest_route=%2Fwp%2Fv2%2Fmedia&parent=422"}],"curies":[{"name":"wp","href":"https:\/\/api.w.org\/{rel}","templated":true}]}}