{"id":520,"date":"2020-07-20T07:37:34","date_gmt":"2020-07-20T07:37:34","guid":{"rendered":"http:\/\/localhost\/msc\/?page_id=520"},"modified":"2020-07-27T11:53:16","modified_gmt":"2020-07-27T11:53:16","slug":"yop-athlete-award-of-the-month-at-emmanuel-anquetil-state-secondary-school","status":"publish","type":"page","link":"https:\/\/mauritiussportscouncil.govmu.org\/mauritiussportscouncil\/?page_id=520","title":{"rendered":"Yop Athlete Award of the Month at Emmanuel Anquetil State Secondary School"},"content":{"rendered":"<p>[vc_row][vc_column][vc_column_text]<\/p>\n<h3>Yop Athlete Award of the Month at Emmanuel Anquetil State Secondary School<\/h3>\n<p>[\/vc_column_text][\/vc_column][\/vc_row][vc_row css=&#8221;.vc_custom_1595850712705{margin-top: 30px !important;}&#8221;][vc_column][vc_column_text]<\/p>\n<div><span lang=\"FR\">La c\u00e9r\u00e9monie de remise des r\u00e9compenses pour les laur\u00e9ats du &#8220;YOP ATHELE AWARD&#8221; pour les mois d\u2019avril \u00e0 juin 2017 eut lieu a \u2018Emmanuel Anquetil State Secondary School\u2019, a Mahebourg le vendredi 22 septembre 2017 devant un parterre compos\u00e9 des personnalit\u00e9s suivantes:<\/span><\/div>\n<div><span lang=\"FR\">\u00a0<\/span><\/div>\n<div><span lang=\"FR\">\u00b7\u00a0\u00a0\u00a0\u00a0\u00a0\u00a0\u00a0\u00a0\u00a0<\/span><span lang=\"FR\">Mme. Sarah Rawat Currimjee, pr\u00e9sidente du Mauritius Sports Council, membres et staff;<\/span><\/div>\n<div><span lang=\"FR\">\u00b7\u00a0\u00a0\u00a0\u00a0\u00a0\u00a0\u00a0\u00a0\u00a0<\/span><span lang=\"FR\">Melle Magalie Karupannen, \u2018Brand Manager\u2019, Panagora Marketing Co. Ltd\u00a0;<\/span><\/div>\n<div>\u00b7\u00a0\u00a0\u00a0\u00a0\u00a0\u00a0\u00a0\u00a0\u00a0Melle Aurore Lam,\u00a0\u2018Marketing Coordinator\u2019 de Panagora Marketing Company Limited;<\/div>\n<div><span lang=\"FR\">\u00b7\u00a0\u00a0\u00a0\u00a0\u00a0\u00a0\u00a0\u00a0\u00a0<\/span><span lang=\"FR\">Mons. Heeroo, \u2018Physical Education Organiser\u2019 du Minist\u00e8re de L\u2019\u00e9ducation Zone 3;<\/span><\/div>\n<div><span lang=\"FR\">\u00b7\u00a0\u00a0\u00a0\u00a0\u00a0\u00a0\u00a0\u00a0\u00a0<\/span><span lang=\"FR\">Mons. Ali Aubdoolah, recteur de l\u2019institution;<\/span><\/div>\n<div><span lang=\"FR\">\u00b7\u00a0\u00a0\u00a0\u00a0\u00a0\u00a0\u00a0\u00a0\u00a0<\/span><span lang=\"FR\">Les personnels enseignants et \u00e9tudiants;<\/span><\/div>\n<div><span lang=\"FR\">\u00b7\u00a0\u00a0\u00a0\u00a0\u00a0\u00a0\u00a0\u00a0\u00a0<\/span><span lang=\"FR\">Les athl\u00e8tes et parents\u00a0et<\/span><\/div>\n<div><span lang=\"FR\">\u00b7\u00a0\u00a0\u00a0\u00a0\u00a0\u00a0\u00a0\u00a0\u00a0<\/span><span lang=\"FR\">Membres de la presse<\/span><\/div>\n<div><span lang=\"FR\">\u00a0<\/span><\/div>\n<div><span lang=\"FR\">Le \u2018Yop Athl\u00e8te Award of the Month\u2019 est b\u00e9n\u00e9fique\u00a0 pour les athl\u00e8tes et les \u00e9l\u00e8ves et qui a pour but, de r\u00e9compenser nos athl\u00e8tes de plus de 16 ans\u00a0 qui ont brill\u00e9 sur le plan national et international. Ces champions sont des exemples pour nos jeunes d\u2019aujourd\u2019hui et le MSC encourage les \u00e9tudiants des \u00e9tablissements scolaires \u00e0 les suivre et \u00e0 faire du sport.\u00a0<\/span><\/div>\n<div><span lang=\"FR\">\u00a0<\/span><\/div>\n<div><span lang=\"FR\">Les gagnants du Yop Award ont \u00e9t\u00e9 r\u00e9compens\u00e9s comme suit;<\/span><\/div>\n<div><span lang=\"FR\"><br \/>\n\u2022 un troph\u00e9e, un certificat et un ch\u00e8que de Rs 4,000\/- offerts par le Mauritius Sports Council<br \/>\n\u2022 un bon d\u2019achat de Rs 4,000\/- et des produits YOP offerts par Panagora Marketing Company Limited.<\/span><\/div>\n<div><span lang=\"FR\">\u00a0<\/span><\/div>\n<div><b><span lang=\"FR\">Les Gagnants<\/span><\/b><\/div>\n<div><span lang=\"FR\">\u00a0<\/span><\/div>\n<div><b><span lang=\"FR\">AVRIL 2017-\u00a0 Kate FOO KUNE- Badminton<\/span><\/b><\/div>\n<div><span lang=\"FR\">\u00a0<\/span><\/div>\n<div><span lang=\"FR\">Yop athl\u00e8te du mois d\u2019vril 2017 est notre grande championne de Badminton\u00a0<b>Kate Foo Kune.<\/b><\/span><\/div>\n<div><span lang=\"FR\">Elle a \u00e9t\u00e9 m\u00e9daill\u00e9e d&#8217;or en simple dame et m\u00e9daill\u00e9e d&#8217;argent au \u2018All Africa Championships\u2019 tenu en avril 2017.<\/span><\/div>\n<div><span lang=\"FR\">Elle a \u00e9t\u00e9 repr\u00e9sent\u00e9e par Varun Bhootooa, le Head Boy de l\u2019\u00e9tablissement scolaire.<\/span><\/div>\n<div><span lang=\"FR\">\u00a0<\/span><\/div>\n<div><b><span lang=\"FR\">MAI 2017- Amelie BOY- Tennis<\/span><\/b><\/div>\n<div><b><span lang=\"FR\">\u00a0<\/span><\/b><\/div>\n<div><span lang=\"FR\">Yop athl\u00e8te du mois de mai 2017 est\u00a0<b>Amelie\u00a0<\/b><b>BOY.\u00a0<\/b>C\u2019est<b>\u00a0<\/b>une jeune et talentueuse joueuse de tennis. Elle a \u00e9t\u00e9 m\u00e9daill\u00e9 d&#8217;or au\u00a0\u2018Mauritius Union Group Open\u2019 en mai 2017 a l&#8217;ile Maurice.\u00a0<\/span><span lang=\"FR\">Elle a \u00e9t\u00e9 repr\u00e9sent\u00e9e par sa m\u00e8re.\u00a0<\/span><\/div>\n<div><span lang=\"FR\">\u00a0<\/span><\/div>\n<div><b><span lang=\"FR\">JUIN 2017- Satya GUNPUT- Escrime<\/span><\/b><\/div>\n<div><b><span lang=\"FR\">\u00a0<\/span><\/b><\/div>\n<div><span lang=\"FR\">Yop athl\u00e8te du mois de juin 2017 est\u00a0 notre\u00a0 talenteux\u00a0 escrimeur\u00a0<b>Satya GUNPUT.\u00a0<\/b>Il a \u00e9t\u00e9 m\u00e9daill\u00e9 d&#8217;argent au \u2018African Fencing Championship\u2019 en Egypte au mois de juin 2017.\u00a0\u00a0<\/span><span lang=\"FR\">\u00a0Il a \u00e9t\u00e9 repr\u00e9sent\u00e9 par sa grand m\u00e8re.\u00a0<\/span><\/div>\n<div><span lang=\"FR\">\u00a0<\/span><\/div>\n<div><span lang=\"FR\">Comme \u00e0 chaque remise de r\u00e9compense, le Panagora Marketing Co Ltd a eu le plaisir d\u2019offrir a l\u2019\u00e9tablissement scolaire des \u00e9quipements sportifs, qui seront mis \u00e0 la disposition des \u00e9tudiants.<\/span><\/div>\n<div><span lang=\"FR\">\u00a0<\/span><\/div>\n<div><span lang=\"FR\">\u00b7\u00a0\u00a0\u00a0\u00a0\u00a0\u00a0\u00a0\u00a0\u00a0\u00a0\u00a0\u00a0\u00a0\u00a0\u00a0\u00a0\u00a0\u00a0\u00a0\u00a0\u00a0<\/span><span lang=\"FR\">1 ballon de foot<\/span><\/div>\n<div><span lang=\"FR\">\u00b7\u00a0\u00a0\u00a0\u00a0\u00a0\u00a0\u00a0\u00a0\u00a0\u00a0\u00a0\u00a0\u00a0\u00a0\u00a0\u00a0\u00a0\u00a0\u00a0\u00a0\u00a0<\/span><span lang=\"FR\">1 ballon de volley<\/span><\/div>\n<div><span lang=\"FR\">\u00b7\u00a0\u00a0\u00a0\u00a0\u00a0\u00a0\u00a0\u00a0\u00a0\u00a0\u00a0\u00a0\u00a0\u00a0\u00a0\u00a0\u00a0\u00a0\u00a0\u00a0\u00a0<\/span><span lang=\"FR\">2 ballons de basket<\/span><\/div>\n<div><span lang=\"FR\">\u00b7\u00a0\u00a0\u00a0\u00a0\u00a0\u00a0\u00a0\u00a0\u00a0\u00a0\u00a0\u00a0\u00a0\u00a0\u00a0\u00a0\u00a0\u00a0\u00a0\u00a0\u00a0<\/span><span lang=\"FR\">3 cordes \u00e0 sauter<\/span><\/div>\n<div><span lang=\"FR\">\u00b7\u00a0\u00a0\u00a0\u00a0\u00a0\u00a0\u00a0\u00a0\u00a0\u00a0\u00a0\u00a0\u00a0\u00a0\u00a0\u00a0\u00a0\u00a0\u00a0\u00a0\u00a0<\/span><span lang=\"FR\">2 paires de raquettes de badminton<\/span><\/div>\n<div><span lang=\"FR\">\u00a0<\/span><\/div>\n<div><span lang=\"FR\">Une trousse de premier soin et un bac \u00e0 glace sont aussi offerts pour les premiers soins et en cas de blessure pendant les activit\u00e9s physiques.<\/span><\/div>\n<div><span lang=\"FR\">\u00a0<\/span><\/div>\n<div><span lang=\"FR\">Les \u00e9quipements ont \u00e9t\u00e9 remis au chef du d\u00e9partement d\u2019\u00e9ducation physique.<\/span><\/div>\n<div><span lang=\"FR\">\u00a0\u00a0<\/span><\/div>\n<div><b><i><span lang=\"FR\">Interludes interpr\u00e9t\u00e9s par les \u00e9tudiants<\/span><\/i><\/b><\/div>\n<div><i><span lang=\"FR\">\u00a0<\/span><\/i><\/div>\n<div><span lang=\"FR\">\u00b7\u00a0\u00a0\u00a0\u00a0\u00a0\u00a0\u00a0\u00a0\u00a0<\/span><span lang=\"FR\">Un chant par Ryan Cafan;<\/span><\/div>\n<div><span lang=\"FR\">\u00b7\u00a0\u00a0\u00a0\u00a0\u00a0\u00a0\u00a0\u00a0\u00a0<\/span><span lang=\"FR\">Un chant par Madame Goointan accompagn\u00e9 par un groupe d\u2019\u00e9tudiants<\/span><\/div>\n<div><span lang=\"FR\">\u00b7\u00a0\u00a0\u00a0\u00a0\u00a0\u00a0\u00a0\u00a0\u00a0<\/span><span lang=\"FR\">Un Slam par le Vice Head Boy, Arun Ramluckhun<\/span><\/div>\n<div><span lang=\"FR\">\u00b7\u00a0\u00a0\u00a0\u00a0\u00a0\u00a0\u00a0\u00a0\u00a0<\/span><span lang=\"FR\">Un chant par Emilio Bosquet et Mons. Gungah<\/span><\/div>\n<div><span lang=\"FR\">\u00a0<\/span><\/div>\n<div><span lang=\"FR\">A la fin de la c\u00e9r\u00e9monie, les boissons Perettes (de la marque Candia) ont \u00e9t\u00e9 distribu\u00e9es aux \u00e9tudiants.<\/span><\/div>\n<div><span lang=\"FR\">\u00a0<\/span><\/div>\n<div><\/div>\n<div><a href=\"http:\/\/msc2020.govmu.org\/msc\/?page_id=58\">View Pictures in Media Library<\/a><\/div>\n<p>[\/vc_column_text][\/vc_column][\/vc_row]<\/p>\n","protected":false},"excerpt":{"rendered":"<p>[vc_row][vc_column][vc_column_text] Yop Athlete Award of the Month at Emmanuel Anquetil State Secondary School [\/vc_column_text][\/vc_column][\/vc_row][vc_row css=&#8221;.vc_custom_1595850712705{margin-top: 30px !important;}&#8221;][vc_column][vc_column_text] La c\u00e9r\u00e9monie de remise des r\u00e9compenses pour les laur\u00e9ats du &#8220;YOP ATHELE AWARD&#8221; pour les mois d\u2019avril \u00e0 juin 2017 eut lieu a \u2018Emmanuel Anquetil State Secondary School\u2019, a Mahebourg le vendredi 22 septembre 2017 devant un parterre [&hellip;]<\/p>\n","protected":false},"author":1,"featured_media":0,"parent":0,"menu_order":0,"comment_status":"closed","ping_status":"closed","template":"","meta":{"ngg_post_thumbnail":0,"footnotes":""},"class_list":["post-520","page","type-page","status-publish","hentry"],"_links":{"self":[{"href":"https:\/\/mauritiussportscouncil.govmu.org\/mauritiussportscouncil\/index.php?rest_route=\/wp\/v2\/pages\/520","targetHints":{"allow":["GET"]}}],"collection":[{"href":"https:\/\/mauritiussportscouncil.govmu.org\/mauritiussportscouncil\/index.php?rest_route=\/wp\/v2\/pages"}],"about":[{"href":"https:\/\/mauritiussportscouncil.govmu.org\/mauritiussportscouncil\/index.php?rest_route=\/wp\/v2\/types\/page"}],"author":[{"embeddable":true,"href":"https:\/\/mauritiussportscouncil.govmu.org\/mauritiussportscouncil\/index.php?rest_route=\/wp\/v2\/users\/1"}],"replies":[{"embeddable":true,"href":"https:\/\/mauritiussportscouncil.govmu.org\/mauritiussportscouncil\/index.php?rest_route=%2Fwp%2Fv2%2Fcomments&post=520"}],"version-history":[{"count":3,"href":"https:\/\/mauritiussportscouncil.govmu.org\/mauritiussportscouncil\/index.php?rest_route=\/wp\/v2\/pages\/520\/revisions"}],"predecessor-version":[{"id":5279,"href":"https:\/\/mauritiussportscouncil.govmu.org\/mauritiussportscouncil\/index.php?rest_route=\/wp\/v2\/pages\/520\/revisions\/5279"}],"wp:attachment":[{"href":"https:\/\/mauritiussportscouncil.govmu.org\/mauritiussportscouncil\/index.php?rest_route=%2Fwp%2Fv2%2Fmedia&parent=520"}],"curies":[{"name":"wp","href":"https:\/\/api.w.org\/{rel}","templated":true}]}}