{"id":534,"date":"2020-07-20T07:37:37","date_gmt":"2020-07-20T07:37:37","guid":{"rendered":"http:\/\/localhost\/msc\/?page_id=534"},"modified":"2020-07-27T11:56:05","modified_gmt":"2020-07-27T11:56:05","slug":"yop-athlete-award-of-the-month-at-simadree-virahsawmy-state-secondary-school","status":"publish","type":"page","link":"https:\/\/mauritiussportscouncil.govmu.org\/mauritiussportscouncil\/?page_id=534","title":{"rendered":"Yop Athlete Award of the Month at Simadree Virahsawmy State Secondary School"},"content":{"rendered":"<p>[vc_row][vc_column][vc_column_text]<\/p>\n<h3>Yop Athlete Award of the Month at Simadree Virahsawmy State Secondary School<\/h3>\n<p>[\/vc_column_text][\/vc_column][\/vc_row][vc_row css=&#8221;.vc_custom_1595850916425{margin-top: 30px !important;}&#8221;][vc_column][vc_column_text]<\/p>\n<div><span lang=\"FR\">La c\u00e9r\u00e9monie de remise des r\u00e9compenses pour les laur\u00e9ats du &#8220;YOP ATHELE AWARD&#8221; pour les mois de janvier \u00e0 mars 2017 eut lieu a \u2018Simadree Virahsawmy State Secondary School\u2019 , mardi 30 mai 2017 devant un parterre compos\u00e9 des personnalit\u00e9s suivantes:<\/span><\/div>\n<div><span lang=\"FR\">\u00a0<\/span><\/div>\n<div><span lang=\"FR\">\u00b7\u00a0\u00a0\u00a0\u00a0\u00a0\u00a0\u00a0\u00a0\u00a0<\/span><span lang=\"FR\">Mme. Sarah Rawat Currimjee, \u2018Chairperson\u2019 du Mauritius Sports Council;<\/span><\/div>\n<div><span lang=\"FR\">\u00b7\u00a0\u00a0\u00a0\u00a0\u00a0\u00a0\u00a0\u00a0\u00a0<\/span><span lang=\"FR\">Mons. S. Kumar Appadoo, Secr\u00e9taire Administratif du Mauritius Sports Council, membres et staff;<\/span><\/div>\n<div><span lang=\"FR\">\u00b7\u00a0\u00a0\u00a0\u00a0\u00a0\u00a0\u00a0\u00a0\u00a0<\/span><span lang=\"FR\">Melle. Stephanie Heerah, \u2018Marketing and Customer Relations Manager\u2019 de Maurilait Production Ltee\u2019<\/span><\/div>\n<div><span lang=\"FR\">\u00b7\u00a0\u00a0\u00a0\u00a0\u00a0\u00a0\u00a0\u00a0\u00a0<\/span><span lang=\"FR\">Mons. Kreshna Gokool, recteur de l\u2019institution;<\/span><\/div>\n<div><span lang=\"FR\">\u00b7\u00a0\u00a0\u00a0\u00a0\u00a0\u00a0\u00a0\u00a0\u00a0<\/span><span lang=\"FR\">Mons. Sachin Bhugowandeen, chef du d\u00e9partement d\u2019\u00e9ducation physique;<\/span><\/div>\n<div><span lang=\"FR\">\u00b7\u00a0\u00a0\u00a0\u00a0\u00a0\u00a0\u00a0\u00a0\u00a0<\/span><span lang=\"FR\">Les personnels enseignants et \u00e9tudiantes;<\/span><\/div>\n<div><span lang=\"FR\">\u00b7\u00a0\u00a0\u00a0\u00a0\u00a0\u00a0\u00a0\u00a0\u00a0<\/span><span lang=\"FR\">Les athl\u00e8tes et parents\u00a0et<\/span><\/div>\n<div><span lang=\"FR\">\u00b7\u00a0\u00a0\u00a0\u00a0\u00a0\u00a0\u00a0\u00a0\u00a0<\/span><span lang=\"FR\">Membres de la presse<\/span><\/div>\n<div><span lang=\"FR\">\u00a0<\/span><\/div>\n<div><span lang=\"FR\">Le \u2018Yop Athl\u00e8te Award of the Month\u2019 est b\u00e9n\u00e9fique\u00a0 pour les athl\u00e8tes et les \u00e9l\u00e8ves et qui a pour but, de r\u00e9compenser nos athl\u00e8tes de plus de 16 ans\u00a0 qui ont brill\u00e9 sur le plan national et international. Ces champions sont des exemples pour nos jeunes d\u2019aujourd\u2019hui et le MSC encourage les \u00e9tudiants des \u00e9tablissements scolaires \u00e0 les suivre et \u00e0 faire du sport.\u00a0<\/span><\/div>\n<div><span lang=\"FR\">\u00a0<\/span><\/div>\n<div><span lang=\"FR\">Les gagnants du Yop Award ont \u00e9t\u00e9 r\u00e9compens\u00e9s comme suit;<\/span><\/div>\n<div><span lang=\"FR\"><br \/>\n\u2022 un troph\u00e9e, un certificat et un ch\u00e8que de Rs 4,000\/- offerts par le Mauritius Sports Council<br \/>\n\u2022 un bon d\u2019achat de Rs 4,000\/- et des produits YOP offerts par Panagora Marketing Company Limited.<\/span><\/div>\n<div><span lang=\"FR\">\u00a0<\/span><\/div>\n<div><b><span lang=\"FR\">Les Gagnants<\/span><\/b><\/div>\n<div><span lang=\"FR\">\u00a0<\/span><\/div>\n<div><b><span lang=\"FR\">JANVIER 2017-\u00a0\u00a0Astrid TIXIER- TENNIS<\/span><\/b><\/div>\n<div><span lang=\"FR\">\u00a0<\/span><\/div>\n<div><span lang=\"FR\">Elle avait sept ans quand elle a fait connaissance avec son sport. Elle pratiquait la baby gym en France et c\u2019est son professeur qui la conseill\u00e9e de faire le tennis. De l\u00e0, elle a commenc\u00e9 de s\u2019entra\u00eener et petit \u00e0 petit, elle encha\u00eenait les matchs au niveau r\u00e9gional dans un premier temps, puis au niveau national.<\/span><\/div>\n<div><span lang=\"FR\">\u00a0<\/span><\/div>\n<div><span lang=\"FR\">Aujourd\u2019hui,\u00a0<\/span><span lang=\"FR\">elle est plus connue comme la reine des courts. Elle a particip\u00e9 aux trois Jeux des Iles en 2003, 2007 et 2015. De profession, elle est psychologue pour enfants. En janvier 2017, faisant preuve de beaucoup d\u2019abn\u00e9gation elle a remport\u00e9 le \u2018LUX GRAND GAUBE\u00a0<a name=\"_GoBack\"><\/a>TENNIS OPEN\u2019<b>\u00a0<\/b>en simples dames en battant Sarah INTRICASO en deux sets 7-5 et 6-2.<\/span><\/div>\n<div><span lang=\"FR\">\u00a0<\/span><\/div>\n<div><b><span lang=\"FR\">FEVRIER 2017- Richarno COLIN- BOXE<\/span><\/b><\/div>\n<div><b><span lang=\"FR\">\u00a0<\/span><\/b><\/div>\n<div><span lang=\"FR\">Il nous vient du monde de Mohamed Ali. A maurice, il est connu comme coup de point de fer. C\u2019est un comp\u00e9titeur n\u00e9, un exemple et ses r\u00e9sultats en disent long. M\u00e9daill\u00e9 d\u2019or au Championnat d\u2019Elite National de Boxe et \u2018MBC Tournament\u2019 en f\u00e9vrier 2017, son r\u00e9sultat le plus remarquable du mois de f\u00e9vrier 2017 reste sa performance en Bulgarie au \u2018Strandja Boxing Tournament\u2019 en d\u00e9crochant la m\u00e9daille de Bronze avez la participation de 33 pays et 172 participants.<\/span><\/div>\n<div><span lang=\"FR\">\u00a0<\/span><\/div>\n<div><b><span lang=\"FR\">MARS 2017- Timoth\u00e9e HUGNIN- TRIATHLON<\/span><\/b><\/div>\n<div><b><span lang=\"FR\">\u00a0<\/span><\/b><\/div>\n<div><span lang=\"FR\">Sa f\u00e9d\u00e9ration le qualifie comme l\u2019espoir de triathlon Mauricien et donc notre compatriote est un triathl\u00e8te. Il particip\u00e2t au Championnat Triathlon de l\u2019Afrique du Sud ou il remporta une m\u00e9daille de bronze dans la cat\u00e9gorie 18-19 ans avec 18 participants et il a fait un chrono de 1 heure 7 minutes et 45 seconds.<\/span><\/div>\n<div><span lang=\"FR\">\u00a0<\/span><\/div>\n<div><span lang=\"FR\">Comme \u00e0 chaque remise de r\u00e9compense, le Panagora Marketing Co Ltd a eu le plaisir d\u2019offrir au college des \u00e9quipements sportifs, qui seront mis \u00e0 la disposition des \u00e9l\u00e8ves.<\/span><\/div>\n<div><span lang=\"FR\">\u00a0<\/span><\/div>\n<div><span lang=\"FR\">\u00b7\u00a0\u00a0\u00a0\u00a0\u00a0\u00a0\u00a0\u00a0\u00a0<\/span><span lang=\"FR\">2 ballons de foot<\/span><\/div>\n<div><span lang=\"FR\">\u00b7\u00a0\u00a0\u00a0\u00a0\u00a0\u00a0\u00a0\u00a0\u00a0<\/span><span lang=\"FR\">2 ballons de basket<\/span><\/div>\n<div><span lang=\"FR\">\u00b7\u00a0\u00a0\u00a0\u00a0\u00a0\u00a0\u00a0\u00a0\u00a0<\/span><span lang=\"FR\">3 cordes \u00e0 sauter<\/span><\/div>\n<div><span lang=\"FR\">\u00b7\u00a0\u00a0\u00a0\u00a0\u00a0\u00a0\u00a0\u00a0\u00a0<\/span><span lang=\"FR\">2 paires de raquettes de badminton<\/span><\/div>\n<div><span lang=\"FR\">\u00a0<\/span><\/div>\n<div><span lang=\"FR\">Une trousse de premier soin et un bac \u00e0 glace sont aussi offerts pour les premiers soins et en cas de blessure pendant les activit\u00e9s physiques.<\/span><\/div>\n<div><span lang=\"FR\">\u00a0<\/span><\/div>\n<div><span lang=\"FR\">Les \u00e9quipements ont \u00e9t\u00e9 remis au chef du d\u00e9partement d\u2019\u00e9ducation physique.<\/span><\/div>\n<div><span lang=\"FR\">\u00a0\u00a0<\/span><\/div>\n<div><b><i><span lang=\"FR\">Interludes interpr\u00e9t\u00e9s par les \u00e9tudiantes<\/span><\/i><\/b><\/div>\n<div><i><span lang=\"FR\">\u00a0<\/span><\/i><\/div>\n<div><span lang=\"FR\">\u00b7\u00a0\u00a0\u00a0\u00a0\u00a0\u00a0\u00a0\u00a0\u00a0<\/span><span lang=\"FR\">Un sega par les etudiantes de la Form V\u00a0;<\/span><\/div>\n<div><span lang=\"FR\">\u00b7\u00a0\u00a0\u00a0\u00a0\u00a0\u00a0\u00a0\u00a0\u00a0<\/span><span lang=\"FR\">Une danse de \u2018Garba\u2019 par les \u00e9tudiantes de la Form V\u00a0;<\/span><\/div>\n<div><span lang=\"FR\">\u00b7\u00a0\u00a0\u00a0\u00a0\u00a0\u00a0\u00a0\u00a0\u00a0<\/span><span lang=\"FR\">Un Slam par les \u00e9tudiantes de l\u2019Upper VI<\/span><\/div>\n<div><span lang=\"FR\">\u00a0<\/span><\/div>\n<div><span lang=\"FR\">A la fin de la c\u00e9r\u00e9monie, les boissons Perettes (de la marque Candia) ont \u00e9t\u00e9 distribu\u00e9es aux \u00e9tudiantes.<\/span><\/div>\n<div><span lang=\"FR\">\u00a0<\/span><\/div>\n<div><span lang=\"FR\"><a href=\"http:\/\/msc2020.govmu.org\/msc\/?page_id=58\">View Pictures in Media Library<\/a><\/span><\/div>\n<p>[\/vc_column_text][\/vc_column][\/vc_row]<\/p>\n","protected":false},"excerpt":{"rendered":"<p>[vc_row][vc_column][vc_column_text] Yop Athlete Award of the Month at Simadree Virahsawmy State Secondary School [\/vc_column_text][\/vc_column][\/vc_row][vc_row css=&#8221;.vc_custom_1595850916425{margin-top: 30px !important;}&#8221;][vc_column][vc_column_text] La c\u00e9r\u00e9monie de remise des r\u00e9compenses pour les laur\u00e9ats du &#8220;YOP ATHELE AWARD&#8221; pour les mois de janvier \u00e0 mars 2017 eut lieu a \u2018Simadree Virahsawmy State Secondary School\u2019 , mardi 30 mai 2017 devant un parterre compos\u00e9 [&hellip;]<\/p>\n","protected":false},"author":1,"featured_media":0,"parent":0,"menu_order":0,"comment_status":"closed","ping_status":"closed","template":"","meta":{"ngg_post_thumbnail":0,"footnotes":""},"class_list":["post-534","page","type-page","status-publish","hentry"],"_links":{"self":[{"href":"https:\/\/mauritiussportscouncil.govmu.org\/mauritiussportscouncil\/index.php?rest_route=\/wp\/v2\/pages\/534","targetHints":{"allow":["GET"]}}],"collection":[{"href":"https:\/\/mauritiussportscouncil.govmu.org\/mauritiussportscouncil\/index.php?rest_route=\/wp\/v2\/pages"}],"about":[{"href":"https:\/\/mauritiussportscouncil.govmu.org\/mauritiussportscouncil\/index.php?rest_route=\/wp\/v2\/types\/page"}],"author":[{"embeddable":true,"href":"https:\/\/mauritiussportscouncil.govmu.org\/mauritiussportscouncil\/index.php?rest_route=\/wp\/v2\/users\/1"}],"replies":[{"embeddable":true,"href":"https:\/\/mauritiussportscouncil.govmu.org\/mauritiussportscouncil\/index.php?rest_route=%2Fwp%2Fv2%2Fcomments&post=534"}],"version-history":[{"count":2,"href":"https:\/\/mauritiussportscouncil.govmu.org\/mauritiussportscouncil\/index.php?rest_route=\/wp\/v2\/pages\/534\/revisions"}],"predecessor-version":[{"id":5280,"href":"https:\/\/mauritiussportscouncil.govmu.org\/mauritiussportscouncil\/index.php?rest_route=\/wp\/v2\/pages\/534\/revisions\/5280"}],"wp:attachment":[{"href":"https:\/\/mauritiussportscouncil.govmu.org\/mauritiussportscouncil\/index.php?rest_route=%2Fwp%2Fv2%2Fmedia&parent=534"}],"curies":[{"name":"wp","href":"https:\/\/api.w.org\/{rel}","templated":true}]}}