{"id":541,"date":"2020-07-20T07:37:43","date_gmt":"2020-07-20T07:37:43","guid":{"rendered":"http:\/\/localhost\/msc\/?page_id=541"},"modified":"2020-07-27T11:58:19","modified_gmt":"2020-07-27T11:58:19","slug":"yop-athlete-award-of-the-month-at-new-eton-college","status":"publish","type":"page","link":"https:\/\/mauritiussportscouncil.govmu.org\/mauritiussportscouncil\/?page_id=541","title":{"rendered":"Yop Athlete Award of the Month at New Eton College"},"content":{"rendered":"<p>[vc_row][vc_column][vc_column_text]<\/p>\n<h3>Yop Athlete Award of the Month at New Eton College<\/h3>\n<p>[\/vc_column_text][\/vc_column][\/vc_row][vc_row css=&#8221;.vc_custom_1595851061156{margin-top: 30px !important;}&#8221;][vc_column][vc_column_text]<\/p>\n<div><span lang=\"FR\">La c\u00e9r\u00e9monie de remise des r\u00e9compenses pour les laur\u00e9ats du &#8220;YOP ATHELE AWARD&#8221; pour les mois d\u2019octobre \u00e0 d\u00e9cembre 2016 eut lieu au college de New Eton \u00e0 Rose Hill, jeudi 23 mars 2017 devant un parterre compos\u00e9 des personnalit\u00e9s suivantes:<\/span><\/div>\n<div><span lang=\"FR\">\u00a0<\/span><\/div>\n<div><span lang=\"FR\">\u00b7\u00a0\u00a0\u00a0\u00a0\u00a0\u00a0\u00a0\u00a0\u00a0\u00a0\u00a0\u00a0\u00a0\u00a0<\/span><span lang=\"FR\">Mons. J. Parasivam Rangan, \u2018Acting Chairman\u2019 du Mauritius Sports Council;<\/span><\/div>\n<div><span lang=\"FR\">\u00b7\u00a0\u00a0\u00a0\u00a0\u00a0\u00a0\u00a0\u00a0\u00a0\u00a0\u00a0\u00a0\u00a0\u00a0<\/span><span lang=\"FR\">Mons. S. Kumar Appadoo, Secr\u00e9taire Administratif du Mauritius Sports Council, membres et staff;<\/span><\/div>\n<div>\u00b7\u00a0\u00a0\u00a0\u00a0\u00a0\u00a0\u00a0\u00a0\u00a0\u00a0\u00a0\u00a0\u00a0\u00a0Melle Aurore Lam, \u2018Marketing Coordinator\u2019 de \u2018Panagora Marketing Company Limited\u2019;<\/div>\n<div><span lang=\"FR\">\u00b7\u00a0\u00a0\u00a0\u00a0\u00a0\u00a0\u00a0\u00a0\u00a0\u00a0\u00a0\u00a0\u00a0\u00a0<\/span><span lang=\"FR\">Mons. Triboohun Gunnoo, Manager du college;<\/span><\/div>\n<div><span lang=\"FR\">\u00b7\u00a0\u00a0\u00a0\u00a0\u00a0\u00a0\u00a0\u00a0\u00a0\u00a0\u00a0\u00a0\u00a0\u00a0<\/span><span lang=\"FR\">Mons. Jeelany Imrith, President du \u2018Parent Teachers Association;<\/span><\/div>\n<div>\u00b7\u00a0\u00a0\u00a0\u00a0\u00a0\u00a0\u00a0\u00a0\u00a0\u00a0\u00a0\u00a0\u00a0\u00a0Mons. Tony Padmanabadoo, Vice Recteur Suppleant;<\/div>\n<div><span lang=\"FR\">\u00b7\u00a0\u00a0\u00a0\u00a0\u00a0\u00a0\u00a0\u00a0\u00a0\u00a0\u00a0\u00a0\u00a0\u00a0<\/span><span lang=\"FR\">Mons. Kevin Sunnassee, Chef du d\u00e9partement d\u2019\u00e9ducation physique;<\/span><\/div>\n<div><span lang=\"FR\">\u00b7\u00a0\u00a0\u00a0\u00a0\u00a0\u00a0\u00a0\u00a0\u00a0\u00a0\u00a0\u00a0\u00a0\u00a0<\/span><span lang=\"FR\">Le personnel enseignant et \u00e9tudiants;<\/span><\/div>\n<div><span lang=\"FR\">\u00b7\u00a0\u00a0\u00a0\u00a0\u00a0\u00a0\u00a0\u00a0\u00a0\u00a0\u00a0\u00a0\u00a0\u00a0<\/span><span lang=\"FR\">Les athl\u00e8tes et parents\u00a0et<\/span><\/div>\n<div><span lang=\"FR\">\u00b7\u00a0\u00a0\u00a0\u00a0\u00a0\u00a0\u00a0\u00a0\u00a0\u00a0\u00a0\u00a0\u00a0\u00a0<\/span><span lang=\"FR\">Membres de la presse<\/span><\/div>\n<div><span lang=\"FR\">\u00a0<\/span><\/div>\n<div><span lang=\"FR\">Le \u2018Yop Athl\u00e8te Award of the Month\u2019 est b\u00e9n\u00e9fique\u00a0 pour les athl\u00e8tes et les \u00e9l\u00e8ves et qui a pour but, de r\u00e9compenser nos athl\u00e8tes de plus de 16 ans\u00a0 qui ont brill\u00e9 sur le plan national et international. Ces champions sont des exemples pour nos jeunes d\u2019aujourd\u2019hui et le MSC encourage les \u00e9tudiants des \u00e9tablissements scolaires \u00e0 les suivre et \u00e0 faire du sport.\u00a0<\/span><\/div>\n<div><span lang=\"FR\">\u00a0<\/span><\/div>\n<div><span lang=\"FR\">Les gagnants du Yop Award ont \u00e9t\u00e9 r\u00e9compens\u00e9s comme suit;<\/span><\/div>\n<div><span lang=\"FR\"><br \/>\n\u2022 un troph\u00e9e, un certificat et un ch\u00e8que de Rs 4,000\/- offerts par le Mauritius Sports Council<br \/>\n\u2022 un bon d\u2019achat de Rs 4,000\/- et des produits YOP offerts par Panagora Marketing Company Limited.<\/span><\/div>\n<div><span lang=\"FR\">\u00a0<\/span><\/div>\n<div><span lang=\"FR\"><strong>Les Gagnants<\/strong><\/span><\/div>\n<div><span lang=\"FR\">\u00a0<\/span><\/div>\n<div><span lang=\"FR\"><strong>L\u2019athl\u00e8te du mois d\u2019octobre 2016- Jack Anthony MADANAMOOTHOO (Halt\u00e9rophilie)<\/strong><\/span><\/div>\n<div><span lang=\"FR\">\u00a0<\/span><\/div>\n<div><span lang=\"FR\">Ag\u00e9 de 17 ans, il particip\u00e2t au \u2018Youth Commonwealth Championships\u2019 tenu a Penang en Malaisie. Dans la cat\u00e9gorie des -77 kgs, avec quatre participants au compteur, notre champion s\u2019illustra en montant sur la plus haute marche du podium, remportant ainsi la m\u00e9daille d\u2019or pour Maurice.<\/span><\/div>\n<div><span lang=\"FR\">\u00a0<\/span><\/div>\n<div><span lang=\"FR\"><strong>L\u2019athl\u00e8te du mois de novembre 2016- Jerome FERRAT (Equestre<\/strong><strong>)<\/strong><\/span><\/div>\n<div><span lang=\"FR\">\u00a0<\/span><\/div>\n<div><span lang=\"FR\">Il nous vient de la discipline d\u2019\u00e9questre. Pour sa f\u00e9d\u00e9ration, c\u2019est un comp\u00e9titeur n\u00e9, un exemple et ses r\u00e9sultats en disent long. Participant au \u2018National Show Jumping\u2019 tenu \u00e0 Maurice, au club d\u2019\u00e9quitation du nord, avec trois participants au compteur, il remporta la m\u00e9daille d\u2019or.<\/span><\/div>\n<div><span lang=\"FR\">De plus, il remporta la m\u00e9daille d\u2019or au \u2018FEI World challenge\u2019 tenu \u00e0 Maurice, avec 6 pays participants et 15 participants respectivement. En remportant la derni\u00e8re \u2018League du World Jumping Challenge\u2019, il devint le \u2018overall winner\u2019 de la comp\u00e9tition r\u00e9gional. Il repr\u00e9sentera notre r\u00e9gion au\u00a0\u2018FEI World Jumping Challenge Finals\u2019 du 2 au 5 mai 2017 en Alg\u00e9rie.<\/span><\/div>\n<div><span lang=\"FR\">\u00a0<\/span><\/div>\n<div><span lang=\"FR\"><strong>L\u2019athl\u00e8te du mois de d\u00e9cembre 2016- Georges Julien PAUL (Badminton)<\/strong><\/span><\/div>\n<div><span lang=\"FR\">\u00a0<\/span><\/div>\n<div><span lang=\"FR\">Il particip\u00e2t au \u2018National Republic Open\u2019 tenu au National Badminton Centre \u00e0 Rose Hill. Il remporta 2 m\u00e9dailles d\u2019or\u00a0; 1 en simple avec 34 participants et 1 double avec 17 pairs au compteur. De plus, il particip\u00e2t au \u2018South Africa International\u2019 en individuel et remporta la m\u00e9daille de bronze avec 32 participants inscrits. Il concourut au \u2018Botswana International\u2019 peu apr\u00e8s et d\u00e9crocha 3 m\u00e9dailles d\u2019argent en simple, double et mix. De tr\u00e8s bonnes performances \u00e0 son actif pour le mois de d\u00e9cembre nous fait ressortir sa f\u00e9d\u00e9ration.<\/span><\/div>\n<div><span lang=\"FR\">\u00a0<\/span><\/div>\n<div><i><span lang=\"FR\"><strong>Interludes interpr\u00e9t\u00e9s par les \u00e9tudiants<\/strong><\/span><\/i><\/div>\n<div><i><span lang=\"FR\">\u00a0<\/span><\/i><\/div>\n<div><span lang=\"FR\">\u00b7\u00a0\u00a0\u00a0\u00a0\u00a0\u00a0\u00a0\u00a0\u00a0\u00a0\u00a0\u00a0\u00a0\u00a0<\/span><span lang=\"FR\">Un Morceau de violon.<\/span><\/div>\n<div><span lang=\"FR\">\u00b7\u00a0\u00a0\u00a0\u00a0\u00a0\u00a0\u00a0\u00a0\u00a0\u00a0\u00a0\u00a0\u00a0\u00a0<\/span><span lang=\"FR\">Un Slam<\/span><\/div>\n<div><span lang=\"FR\">\u00b7\u00a0\u00a0\u00a0\u00a0\u00a0\u00a0\u00a0\u00a0\u00a0\u00a0\u00a0\u00a0\u00a0\u00a0<\/span><span lang=\"FR\">La Chanson &#8221;J&#8217;irai au bout de mes reves&#8217;.<\/span><\/div>\n<div><span lang=\"FR\">\u00a0<\/span><\/div>\n<div><i><span lang=\"FR\"><strong>Les interludes ont \u00e9t\u00e9 pr\u00e9par\u00e9s par Mme Marie Claire Marimootoo et Mons. Kevin\u00a0<\/strong><strong>Museliah.<\/strong><\/span><\/i><\/div>\n<div><span lang=\"FR\">\u00a0<\/span><\/div>\n<div><span lang=\"FR\">\u00a0Comme \u00e0 chaque remise de r\u00e9compense, le Panagora Marketing Co Ltd a eu le plaisir d\u2019offrir au college des \u00e9quipements sportifs, qui seront mis \u00e0 la disposition des \u00e9l\u00e8ves.<\/span><\/div>\n<div><span lang=\"FR\">\u00a0<\/span><\/div>\n<div><span lang=\"FR\">\u00b7\u00a0\u00a0\u00a0\u00a0\u00a0\u00a0\u00a0\u00a0\u00a0\u00a0\u00a0\u00a0\u00a0\u00a0<\/span><span lang=\"FR\">2 ballons de foot<\/span><\/div>\n<div><span lang=\"FR\">\u00b7\u00a0\u00a0\u00a0\u00a0\u00a0\u00a0\u00a0\u00a0\u00a0\u00a0\u00a0\u00a0\u00a0\u00a0<\/span><span lang=\"FR\">Un ballon de Volley<\/span><\/div>\n<div><span lang=\"FR\">\u00b7\u00a0\u00a0\u00a0\u00a0\u00a0\u00a0\u00a0\u00a0\u00a0\u00a0\u00a0\u00a0\u00a0\u00a0<\/span><span lang=\"FR\">2 ballons de basket<\/span><\/div>\n<div><span lang=\"FR\">\u00b7\u00a0\u00a0\u00a0\u00a0\u00a0\u00a0\u00a0\u00a0\u00a0\u00a0\u00a0\u00a0\u00a0\u00a0<\/span><span lang=\"FR\">Des cordes \u00e0 sauter<\/span><\/div>\n<div><span lang=\"FR\">\u00b7\u00a0\u00a0\u00a0\u00a0\u00a0\u00a0\u00a0\u00a0\u00a0\u00a0\u00a0\u00a0\u00a0\u00a0<\/span><span lang=\"FR\">2 paires de raquettes de badminton<\/span><\/div>\n<div><span lang=\"FR\">\u00a0<\/span><\/div>\n<div><span lang=\"FR\">Une trousse de premier soin et un bac \u00e0 glace sont aussi offerts pour les premiers soins et en cas de blessure pendant les activit\u00e9s physiques.<\/span><\/div>\n<div><span lang=\"FR\">\u00a0<\/span><\/div>\n<div><span lang=\"FR\">Les \u00e9quipements ont \u00e9t\u00e9 remis \u00e0 Messieurs. Kevin Sunnassee, Kevin Museliah et Bhunjun du department d\u2019\u00e9ducation physique.<\/span><\/div>\n<div><span lang=\"FR\">\u00a0<\/span><\/div>\n<div><span lang=\"FR\">Le college New Eton a eu le plaisir d\u2019offrir un troph\u00e9e \u00e0 Mons. J. Parasiram Rangan, \u2018Acting Chairman\u2019 du Mauritius Sports Council, \u00e0 Melle Aurore Lam, \u2018Marketing Coordinator\u2019 de \u2018Panagora Marketing Company Limited\u2019 et \u00e0 Mons. S. Kumar Appadoo, Secr\u00e9taire Administratif du Mauritius Sports Council en guise de remerciement.<\/span><\/div>\n<div><span lang=\"FR\">\u00a0<\/span><\/div>\n<div><span lang=\"FR\">A la fin de la c\u00e9r\u00e9monie, les boissons Yop ont \u00e9t\u00e9 distribu\u00e9es aux \u00e9tudiants.<\/span><\/div>\n<div><span lang=\"FR\">\u00a0<\/span><\/div>\n<div><span lang=\"FR\"><a href=\"http:\/\/msc2020.govmu.org\/msc\/?page_id=58\">View Pictures in Media Library<\/a><\/span><\/div>\n<p>[\/vc_column_text][\/vc_column][\/vc_row]<\/p>\n","protected":false},"excerpt":{"rendered":"<p>[vc_row][vc_column][vc_column_text] Yop Athlete Award of the Month at New Eton College [\/vc_column_text][\/vc_column][\/vc_row][vc_row css=&#8221;.vc_custom_1595851061156{margin-top: 30px !important;}&#8221;][vc_column][vc_column_text] La c\u00e9r\u00e9monie de remise des r\u00e9compenses pour les laur\u00e9ats du &#8220;YOP ATHELE AWARD&#8221; pour les mois d\u2019octobre \u00e0 d\u00e9cembre 2016 eut lieu au college de New Eton \u00e0 Rose Hill, jeudi 23 mars 2017 devant un parterre compos\u00e9 des personnalit\u00e9s [&hellip;]<\/p>\n","protected":false},"author":1,"featured_media":0,"parent":0,"menu_order":0,"comment_status":"closed","ping_status":"closed","template":"","meta":{"ngg_post_thumbnail":0,"footnotes":""},"class_list":["post-541","page","type-page","status-publish","hentry"],"_links":{"self":[{"href":"https:\/\/mauritiussportscouncil.govmu.org\/mauritiussportscouncil\/index.php?rest_route=\/wp\/v2\/pages\/541","targetHints":{"allow":["GET"]}}],"collection":[{"href":"https:\/\/mauritiussportscouncil.govmu.org\/mauritiussportscouncil\/index.php?rest_route=\/wp\/v2\/pages"}],"about":[{"href":"https:\/\/mauritiussportscouncil.govmu.org\/mauritiussportscouncil\/index.php?rest_route=\/wp\/v2\/types\/page"}],"author":[{"embeddable":true,"href":"https:\/\/mauritiussportscouncil.govmu.org\/mauritiussportscouncil\/index.php?rest_route=\/wp\/v2\/users\/1"}],"replies":[{"embeddable":true,"href":"https:\/\/mauritiussportscouncil.govmu.org\/mauritiussportscouncil\/index.php?rest_route=%2Fwp%2Fv2%2Fcomments&post=541"}],"version-history":[{"count":2,"href":"https:\/\/mauritiussportscouncil.govmu.org\/mauritiussportscouncil\/index.php?rest_route=\/wp\/v2\/pages\/541\/revisions"}],"predecessor-version":[{"id":5281,"href":"https:\/\/mauritiussportscouncil.govmu.org\/mauritiussportscouncil\/index.php?rest_route=\/wp\/v2\/pages\/541\/revisions\/5281"}],"wp:attachment":[{"href":"https:\/\/mauritiussportscouncil.govmu.org\/mauritiussportscouncil\/index.php?rest_route=%2Fwp%2Fv2%2Fmedia&parent=541"}],"curies":[{"name":"wp","href":"https:\/\/api.w.org\/{rel}","templated":true}]}}