{"id":548,"date":"2020-07-20T07:37:48","date_gmt":"2020-07-20T07:37:48","guid":{"rendered":"http:\/\/localhost\/msc\/?page_id=548"},"modified":"2020-07-28T08:04:26","modified_gmt":"2020-07-28T08:04:26","slug":"yop-athlete-award-of-the-month-at-northfields-international-high-school","status":"publish","type":"page","link":"https:\/\/mauritiussportscouncil.govmu.org\/mauritiussportscouncil\/?page_id=548","title":{"rendered":"Yop Athlete Award of the Month at Northfields International High School"},"content":{"rendered":"<p>[vc_row][vc_column][vc_column_text]<\/p>\n<h3>Yop Athlete Award of the Month at Northfields International High School<\/h3>\n<p>[\/vc_column_text][\/vc_column][\/vc_row][vc_row css=&#8221;.vc_custom_1595922570003{margin-top: 30px !important;}&#8221;][vc_column][vc_column_text]<\/p>\n<p style=\"font-weight: 400;\">La c\u00e9r\u00e9monie de remise des r\u00e9compenses pour les laur\u00e9ats du &#8220;YOP ATHELE AWARD&#8221; pour les mois de juillet \u00e0 septembre 2016 eut lieu au \u2018Northfields International High School\u2019 \u00e0 Mapou, lundi 21 novembre 2016 devant un parterre compos\u00e9 des personnalit\u00e9s suivantes:<\/p>\n<ul>\n<li style=\"font-weight: 400;\">de la Pr\u00e9sidente du Mauritius Sports Council, Mme Sarah Rawat Currimjee et membres;<\/li>\n<li style=\"font-weight: 400;\">de Melle. Magalie Karuppannen, \u2018Brand Manager\u2018 de la marque Candia et Yoplait\u00a0;<\/li>\n<li style=\"font-weight: 400;\">de Melle Aurore Lam, \u2018Marketing Coordinator\u2019 de \u2018Panagora Marketing Company Limited\u2019;<\/li>\n<li style=\"font-weight: 400;\">du directeur, Monsieur Michael Dunleavy, le personnel enseignant et \u00e9tudiants\u00a0;<\/li>\n<li style=\"font-weight: 400;\">athl\u00e8tes et parents\u00a0et<\/li>\n<li style=\"font-weight: 400;\">membre de la presse<\/li>\n<\/ul>\n<p style=\"font-weight: 400;\">Le \u2018Yop Athl\u00e8te Award of the Month\u2019 est b\u00e9n\u00e9fique\u00a0 pour les athl\u00e8tes et les \u00e9l\u00e8ves et qui a pour but, de r\u00e9compenser nos athl\u00e8tes de plus de 16 ans\u00a0 qui ont brill\u00e9 sur le plan national et international. Ces champions sont des exemples pour nos jeunes d\u2019aujourd\u2019hui et le MSC encourage les \u00e9tudiants des \u00e9tablissements scolaires \u00e0 les suivre et \u00e0 faire du sport.<\/p>\n<p style=\"font-weight: 400;\">Les gagnants du Yop Award ont \u00e9t\u00e9 r\u00e9compens\u00e9s comme suit;<\/p>\n<ul>\n<li style=\"font-weight: 400;\">un troph\u00e9e, un certificat et un ch\u00e8que de Rs 3,000\/- offerts par le Mauritius Sports Council<\/li>\n<li style=\"font-weight: 400;\">un bon d\u2019achat de Rs 3,000\/- et des produits YOP offerts par Panagora Marketing Company Limited.<\/li>\n<\/ul>\n<p>&nbsp;<\/p>\n<p style=\"font-weight: 400;\"><strong>Les Gagnants<\/strong><\/p>\n<p style=\"font-weight: 400;\"><strong>Juillet 2016- Joseph Kennedy ST PIERRE (Boxe)\u00a0<\/strong><\/p>\n<p style=\"font-weight: 400;\">Boxeur dans l\u2019\u00e2me, et cela se fait ressentir quand on le voit combattre. Notre compatriote nous a encore une fois, fais honneur dans une comp\u00e9tition majeure qui s\u2019est tenu \u00e0 Cuba. Sur les 8 pays participants, dont 14 participants dans la cat\u00e9gorie des poids lourd, notre champion remporta la m\u00e9daille d\u2019argent au Teofilo Stevenson Tour. Il termina aussi 5eme des Jeux Olympiques, en acc\u00e9dant les quarts des finales de ces prestigieux Jeux.<\/p>\n<p style=\"font-weight: 400;\"><strong>Aout \u00a02016-<\/strong><strong>\u00a0Lambert LECLEZIO (Equestre)<\/strong><\/p>\n<p style=\"font-weight: 400;\">Une discipline pas commune et pas tr\u00e8s connu encore \u00e0 Maurice, notre conqu\u00e9rant s\u2019illustra au FEI (F\u00e9d\u00e9ration D\u2019Equestre Internationale) \u2018World and European Vaulting Championships\u2019 qui s\u2019est tenu du 17 au 21 aout 2016 en France. Sur les 12 pays participants, dont 15 participants respectifs, il domina l\u2019\u00e9preuve et remporta la m\u00e9daille d\u2019or. Il est a not\u00e9 que notre compatriote a seulement 19 ans et fait d\u00e9j\u00e0 fureur.<\/p>\n<p style=\"font-weight: 400;\"><strong>Septembre 2016- Jean Luc VILBRIM (Athl\u00e9tisme)<\/strong><\/p>\n<p style=\"font-weight: 400;\">Tr\u00e8s connu dans le giron sportif, \u00e0 savoir la marathon Mauricien ou il repr\u00e9senta le pays dans\u00a0maintes comp\u00e9titions, notre compatriote s\u2019illustra cette fois ci au Marathon de Sanlam \u00e0 Cape Town. Avec 18 pays participants, dont 35,000 participants approximativement, notre champion termine son marathon \u00e0 la 26eme place\u00a0; une place plus qu\u2019honorable pour un p\u00e8re de famille, qui arrive \u00e0 g\u00e9rer et concilier sport, vie de famille et boulot.<\/p>\n<p>&nbsp;<\/p>\n<p style=\"font-weight: 400;\"><strong><em>Interludes<\/em><\/strong><\/p>\n<ul style=\"font-weight: 400;\">\n<li>La chanson\u00a0\u00a0\u2018Arrowhead\u2019\u00a0interpr\u00e9t\u00e9 par une \u00e9l\u00e8ve et accompagn\u00e9 par le Band Notebook<\/li>\n<li>La chanson\u00a0\u00a0\u2018Chasing Pavements\u2019\u00a0interpr\u00e9t\u00e9 par une \u00e9l\u00e8ve<\/li>\n<\/ul>\n<p style=\"font-weight: 400;\">La compagnie Panagora Marketing a eu le plaisir d\u2019offrir au coll\u00e8ge un lot d\u2019\u00e9quipements sportifs que les \u00e9tudiants auront l\u2019occasion d\u2019utiliser. Les \u00e9quipements comme suit ont \u00e9t\u00e9 remis au directeur.<\/p>\n<ul style=\"font-weight: 400;\">\n<li>2 ballons de Volley<\/li>\n<li>1 ballon de basket<\/li>\n<li>2 paires de raquettes de badminton<\/li>\n<\/ul>\n<p style=\"font-weight: 400;\">Une trousse de premier soin et un bac \u00e0 glace ont aussi \u00e9t\u00e9 offerts \u00e0 l\u2019\u00e9tablissement scolaire pour les premiers soins et en cas de blessure pendant les activit\u00e9s physiques.<\/p>\n<p style=\"font-weight: 400;\">A la fin de la c\u00e9r\u00e9monie, les boissons Yop ont \u00e9t\u00e9 distribu\u00e9es aux \u00e9tudiants.<\/p>\n<p style=\"font-weight: 400;\"><a href=\"http:\/\/msc2020.govmu.org\/msc\/?page_id=58\">View Pictures in Media Library<\/a><\/p>\n<p>[\/vc_column_text][\/vc_column][\/vc_row]<\/p>\n","protected":false},"excerpt":{"rendered":"<p>[vc_row][vc_column][vc_column_text] Yop Athlete Award of the Month at Northfields International High School [\/vc_column_text][\/vc_column][\/vc_row][vc_row css=&#8221;.vc_custom_1595922570003{margin-top: 30px !important;}&#8221;][vc_column][vc_column_text] La c\u00e9r\u00e9monie de remise des r\u00e9compenses pour les laur\u00e9ats du &#8220;YOP ATHELE AWARD&#8221; pour les mois de juillet \u00e0 septembre 2016 eut lieu au \u2018Northfields International High School\u2019 \u00e0 Mapou, lundi 21 novembre 2016 devant un parterre compos\u00e9 des [&hellip;]<\/p>\n","protected":false},"author":1,"featured_media":0,"parent":0,"menu_order":0,"comment_status":"closed","ping_status":"closed","template":"","meta":{"ngg_post_thumbnail":0,"footnotes":""},"class_list":["post-548","page","type-page","status-publish","hentry"],"_links":{"self":[{"href":"https:\/\/mauritiussportscouncil.govmu.org\/mauritiussportscouncil\/index.php?rest_route=\/wp\/v2\/pages\/548","targetHints":{"allow":["GET"]}}],"collection":[{"href":"https:\/\/mauritiussportscouncil.govmu.org\/mauritiussportscouncil\/index.php?rest_route=\/wp\/v2\/pages"}],"about":[{"href":"https:\/\/mauritiussportscouncil.govmu.org\/mauritiussportscouncil\/index.php?rest_route=\/wp\/v2\/types\/page"}],"author":[{"embeddable":true,"href":"https:\/\/mauritiussportscouncil.govmu.org\/mauritiussportscouncil\/index.php?rest_route=\/wp\/v2\/users\/1"}],"replies":[{"embeddable":true,"href":"https:\/\/mauritiussportscouncil.govmu.org\/mauritiussportscouncil\/index.php?rest_route=%2Fwp%2Fv2%2Fcomments&post=548"}],"version-history":[{"count":3,"href":"https:\/\/mauritiussportscouncil.govmu.org\/mauritiussportscouncil\/index.php?rest_route=\/wp\/v2\/pages\/548\/revisions"}],"predecessor-version":[{"id":5283,"href":"https:\/\/mauritiussportscouncil.govmu.org\/mauritiussportscouncil\/index.php?rest_route=\/wp\/v2\/pages\/548\/revisions\/5283"}],"wp:attachment":[{"href":"https:\/\/mauritiussportscouncil.govmu.org\/mauritiussportscouncil\/index.php?rest_route=%2Fwp%2Fv2%2Fmedia&parent=548"}],"curies":[{"name":"wp","href":"https:\/\/api.w.org\/{rel}","templated":true}]}}