{"id":569,"date":"2020-07-20T07:37:58","date_gmt":"2020-07-20T07:37:58","guid":{"rendered":"http:\/\/localhost\/msc\/?page_id=569"},"modified":"2020-07-28T09:00:13","modified_gmt":"2020-07-28T09:00:13","slug":"yop-athlete-award-of-the-month-at-seewa-bapoo-state-secondary-school","status":"publish","type":"page","link":"https:\/\/mauritiussportscouncil.govmu.org\/mauritiussportscouncil\/?page_id=569","title":{"rendered":"Yop Athlete Award of the month at Seewa Bapoo State Secondary School"},"content":{"rendered":"<p>[vc_row][vc_column][vc_column_text]<\/p>\n<h3>Yop Athlete Award of the month at Seewa Bapoo State Secondary School<\/h3>\n<p>[\/vc_column_text][\/vc_column][\/vc_row][vc_row css=&#8221;.vc_custom_1595925213704{margin-top: 30px !important;}&#8221;][vc_column][vc_column_text]<\/p>\n<div><span lang=\"FR\">La c\u00e9r\u00e9monie de remise des r\u00e9compenses pour les laur\u00e9ats du &#8220;YOP ATHELE AWARD&#8221; pour les mois d\u2019octobre \u00e0 d\u00e9cembre 2015 eut lieu \u00e0\u00a0Seewa Bapoo State Secondary School\u00a0\u00e0 Vacoas, jeudi 05 mai 2015 devant un parterre compos\u00e9 des personnalit\u00e9s suivantes:<\/span><\/div>\n<div><span lang=\"FR\">\u00a0<\/span><\/div>\n<div><span lang=\"FR\">\u00b7\u00a0\u00a0\u00a0\u00a0\u00a0\u00a0\u00a0\u00a0\u00a0<\/span><span lang=\"FR\">de la Pr\u00e9sidente du Mauritius Sports Council, Mme Sarah Rawat Currimjee\u00a0;<\/span><\/div>\n<div><span lang=\"FR\">\u00b7\u00a0\u00a0\u00a0\u00a0\u00a0\u00a0\u00a0\u00a0\u00a0<\/span><span lang=\"FR\">de Melle. Anjina Saddul, repr\u00e9sentante de \u2018Panagora Marketing Company Limited\u2019\u00a0;<\/span><\/div>\n<div><span lang=\"FR\">\u00b7\u00a0\u00a0\u00a0\u00a0\u00a0\u00a0\u00a0\u00a0\u00a0<\/span><span lang=\"FR\">Mme Meera Bissoonauthsing, rectrice de l\u2019\u00e9tablissement scolaire\u00a0;<\/span><\/div>\n<div><span lang=\"FR\">\u00b7\u00a0\u00a0\u00a0\u00a0\u00a0\u00a0\u00a0\u00a0\u00a0<\/span><span lang=\"FR\">Le personnel enseignant et \u00e9tudiants et<\/span><\/div>\n<div><span lang=\"FR\">\u00b7\u00a0\u00a0\u00a0\u00a0\u00a0\u00a0\u00a0\u00a0\u00a0<\/span><span lang=\"FR\">membre de la presse \u00e9crite et parl\u00e9e<\/span><\/div>\n<div><span lang=\"FR\">\u00a0<\/span><\/div>\n<div><span lang=\"FR\">Le \u2018Yop Athl\u00e8te Award of the Month\u2019 est b\u00e9n\u00e9fique\u00a0 pour les athl\u00e8tes et les \u00e9l\u00e8ves et qui a pour but, de r\u00e9compenser nos athl\u00e8tes de plus de 16 ans\u00a0 qui ont brill\u00e9 sur le plan national et international. Ces champions sont des exemples pour nos jeunes d\u2019aujourd\u2019hui et le MSC encourage les \u00e9tudiants des \u00e9tablissements scolaires \u00e0 les suivre et \u00e0 faire du sport.\u00a0<\/span><\/div>\n<div><span lang=\"FR\">\u00a0<\/span><\/div>\n<div><span lang=\"FR\">Les gagnants du Yop Award ont \u00e9t\u00e9 r\u00e9compens\u00e9s comme suit;<\/span><\/div>\n<div><span lang=\"FR\"><br \/>\n\u2022 un troph\u00e9e, un certificat et un ch\u00e8que de Rs 3,000\/- offerts par le Mauritius Sports Council<br \/>\n\u2022 un cheque de Rs 3,000\/- et des produits YOP offerts par Panagora Marketing Company Limited.<\/span><\/div>\n<div><span lang=\"FR\">\u00a0<\/span><\/div>\n<div><b><span lang=\"FR\">Les Gagnants<\/span><\/b><b><\/b><\/div>\n<div><span lang=\"FR\">\u00a0<\/span><\/div>\n<div><b><span lang=\"FR\">Octobre 2015-<\/span><\/b><b><span lang=\"FR\">\u00a0Yvan PIERROT (Halt\u00e9rophilie)<\/span><\/b><\/div>\n<div><span lang=\"FR\">\u00a0<\/span><\/div>\n<div><span lang=\"FR\">Ce fut un athl\u00e8te qui prit part pendant le mois d\u2019octobre 2015 au Championnat de Commonwealth en Inde.\u00a0\u00a0It prit part en Halt\u00e9rophilie dans la Cat\u00e9gorie Junior et Senior et il d\u00e9crocha la m\u00e9daille d\u2019or et d\u2019argent respectivement en arrach\u00e9\/\u00e9paul\u00e9 jet\u00e9 ou il a aussi am\u00e9lior\u00e9 le record national dans les deux cat\u00e9gories, Juniors et Seniors.\u00a0\u00a0C\u2019est un athl\u00e8te qui a fait\u00a0\u00a0honneur au pays.<\/span><\/div>\n<div><span lang=\"FR\">\u00a0<\/span><\/div>\n<div><span lang=\"FR\">A titre posthume, le Mauritius Sports Council a d\u00e9cor\u00e9 le titre du meilleur athl\u00e8te du mois d\u2019octobre 2015 au d\u00e9funt Yvan Pierrot.<\/span><\/div>\n<div><span lang=\"FR\">\u00a0\u00a0<\/span><\/div>\n<div><b><span lang=\"FR\">Novembre 2015- Amelie BOY (Tennis)<\/span><\/b><\/div>\n<div><span lang=\"FR\">\u00a0<\/span><\/div>\n<div><span lang=\"FR\">Notre championne prit part \u00e0 l\u2019IIF East Africa Junior Circuit qui s\u2019est tenu au Kenya. Elle fit son petit bonhomme de chemin pour s\u2019approprier la deuxi\u00e8me place du podium\u00a0; une performance plus qu\u2019honorable en double.<\/span><\/div>\n<div><span lang=\"FR\">\u00a0<\/span><\/div>\n<div><span lang=\"FR\">Pour cette performance, Melle Aur\u00e9lie Boy a \u00e9t\u00e9 d\u00e9sign\u00e9 la meilleure athl\u00e8te du mois de novembre 2015.<\/span><\/div>\n<div><span lang=\"FR\">\u00a0<\/span><\/div>\n<div><span lang=\"FR\"><b>D\u00e9cembre 2015- Kate FOO KUNE (Badminton)<\/b><b><\/b><\/span><\/div>\n<div><span lang=\"FR\">\u00a0<\/span><\/div>\n<div><span lang=\"FR\">Notre compatriote prit part \u00e0 L\u2019International de Botswana avec 8 pays participants et avec 24 participants. Notre championne s\u2019octroya la m\u00e9daille d\u2019argent en simple pour cet exploit.<\/span><\/div>\n<div><span lang=\"FR\">\u00a0<\/span><\/div>\n<div><span lang=\"FR\">La MSC a eu le plaisir de d\u00e9cerner le titre du meilleure athl\u00e8te du mois de d\u00e9cembre 2015 \u00e0 Melle Kate Foo Kune.\u00a0<\/span><\/div>\n<div><span lang=\"FR\">\u00a0\u00a0<\/span><\/div>\n<div><b><i><span lang=\"FR\">Interlude\u00a0:<\/span><\/i><\/b><span lang=\"FR\">\u00a0Un morceau ex\u00e9cut\u00e9 \u00e0 la flute par les \u00e9tudiants de la \u2018Form II\u2019\u00a0: \u2018Mo passer la Rivi\u00e8re Tanier\u2019.<\/span><\/div>\n<div><span lang=\"FR\">\u00a0<\/span><\/div>\n<div><span lang=\"FR\">La compagnie Panagora Marketing a eu le plaisir d\u2019offrir au coll\u00e8ge un lot d\u2019\u00e9quipements sportifs que les \u00e9tudiants auront l\u2019occasion d\u2019utiliser. Les \u00e9quipements comme suit ont \u00e9t\u00e9 remis \u00e0 la rectrice\u00a0:<\/span><\/div>\n<div><span lang=\"FR\">\u00a0<\/span><\/div>\n<div><span lang=\"FR\">\u00b7\u00a0\u00a0\u00a0\u00a0\u00a0\u00a0\u00a0\u00a0 Un ballon de foot<\/span><\/div>\n<div><span lang=\"FR\">\u00b7\u00a0\u00a0\u00a0\u00a0\u00a0\u00a0\u00a0\u00a0 Un ballon de Volley<\/span><\/div>\n<div><span lang=\"FR\">\u00b7\u00a0\u00a0\u00a0\u00a0\u00a0\u00a0\u00a0\u00a0 Un ballon de basket<\/span><\/div>\n<div><span lang=\"FR\">\u00b7\u00a0\u00a0\u00a0\u00a0\u00a0\u00a0\u00a0\u00a0 Des Cordes \u00e0 sauter<\/span><\/div>\n<div><span lang=\"FR\">\u00b7\u00a0\u00a0\u00a0\u00a0\u00a0\u00a0\u00a0\u00a0 2 paires de raquettes de badminton<\/span><\/div>\n<div><span lang=\"FR\">\u00a0<\/span><\/div>\n<div><span lang=\"FR\">Une trousse de premier soin et un Bac \u00e0 glace ont \u00e9t\u00e9 offerts \u00e0 l\u2019\u00e9tablissement scolaire pour les premiers soins et en cas de blessure pendant les activit\u00e9s physiques.<\/span><\/div>\n<div>\n<div><span lang=\"FR\">\u00a0<\/span><\/div>\n<div>A la fin de la c\u00e9r\u00e9monie, les boissons Yop ont \u00e9t\u00e9 distribu\u00e9es aux \u00e9tudiants.<\/div>\n<\/div>\n<div><span lang=\"FR\">\u00a0<\/span><\/div>\n<div><a href=\"http:\/\/msc2020.govmu.org\/msc\/?page_id=58\">View Pictures in Media Library<\/a><\/div>\n<p>&nbsp;[\/vc_column_text][\/vc_column][\/vc_row]<\/p>\n","protected":false},"excerpt":{"rendered":"<p>[vc_row][vc_column][vc_column_text] Yop Athlete Award of the month at Seewa Bapoo State Secondary School [\/vc_column_text][\/vc_column][\/vc_row][vc_row css=&#8221;.vc_custom_1595925213704{margin-top: 30px !important;}&#8221;][vc_column][vc_column_text] La c\u00e9r\u00e9monie de remise des r\u00e9compenses pour les laur\u00e9ats du &#8220;YOP ATHELE AWARD&#8221; pour les mois d\u2019octobre \u00e0 d\u00e9cembre 2015 eut lieu \u00e0\u00a0Seewa Bapoo State Secondary School\u00a0\u00e0 Vacoas, jeudi 05 mai 2015 devant un parterre compos\u00e9 des personnalit\u00e9s [&hellip;]<\/p>\n","protected":false},"author":1,"featured_media":0,"parent":0,"menu_order":0,"comment_status":"closed","ping_status":"closed","template":"","meta":{"ngg_post_thumbnail":0,"footnotes":""},"class_list":["post-569","page","type-page","status-publish","hentry"],"_links":{"self":[{"href":"https:\/\/mauritiussportscouncil.govmu.org\/mauritiussportscouncil\/index.php?rest_route=\/wp\/v2\/pages\/569","targetHints":{"allow":["GET"]}}],"collection":[{"href":"https:\/\/mauritiussportscouncil.govmu.org\/mauritiussportscouncil\/index.php?rest_route=\/wp\/v2\/pages"}],"about":[{"href":"https:\/\/mauritiussportscouncil.govmu.org\/mauritiussportscouncil\/index.php?rest_route=\/wp\/v2\/types\/page"}],"author":[{"embeddable":true,"href":"https:\/\/mauritiussportscouncil.govmu.org\/mauritiussportscouncil\/index.php?rest_route=\/wp\/v2\/users\/1"}],"replies":[{"embeddable":true,"href":"https:\/\/mauritiussportscouncil.govmu.org\/mauritiussportscouncil\/index.php?rest_route=%2Fwp%2Fv2%2Fcomments&post=569"}],"version-history":[{"count":2,"href":"https:\/\/mauritiussportscouncil.govmu.org\/mauritiussportscouncil\/index.php?rest_route=\/wp\/v2\/pages\/569\/revisions"}],"predecessor-version":[{"id":5286,"href":"https:\/\/mauritiussportscouncil.govmu.org\/mauritiussportscouncil\/index.php?rest_route=\/wp\/v2\/pages\/569\/revisions\/5286"}],"wp:attachment":[{"href":"https:\/\/mauritiussportscouncil.govmu.org\/mauritiussportscouncil\/index.php?rest_route=%2Fwp%2Fv2%2Fmedia&parent=569"}],"curies":[{"name":"wp","href":"https:\/\/api.w.org\/{rel}","templated":true}]}}