{"id":576,"date":"2020-07-20T07:38:02","date_gmt":"2020-07-20T07:38:02","guid":{"rendered":"http:\/\/localhost\/msc\/?page_id=576"},"modified":"2020-07-28T09:09:36","modified_gmt":"2020-07-28T09:09:36","slug":"yop-athlete-award-of-the-month-at-thanacody-college","status":"publish","type":"page","link":"https:\/\/mauritiussportscouncil.govmu.org\/mauritiussportscouncil\/?page_id=576","title":{"rendered":"Yop Athlete Award of the Month at Thanacody College"},"content":{"rendered":"<p>[vc_row][vc_column][vc_column_text]<\/p>\n<h3>Yop Athlete Award of the Month at Thanacody College<\/h3>\n<p>[\/vc_column_text][\/vc_column][\/vc_row][vc_row css=&#8221;.vc_custom_1595927224324{margin-top: 30px !important;}&#8221;][vc_column][vc_column_text]<\/p>\n<div><span lang=\"FR\">La c\u00e9r\u00e9monie de remise des r\u00e9compenses pour les laur\u00e9ats du &#8220;YOP ATHELE AWARD&#8221; pour les mois d\u2019avril \u00e0 juin et juillet \u00e0 septembre 2015\u00a0eut lieu \u00e0\u00a0Thanacody College \u00e0 Souillac, jeudi\u00a031 ao\u00fbt 2015 devant un parterre compos\u00e9 des personnalit\u00e9s suivantes:<\/span><\/div>\n<div><span lang=\"FR\">\u00a0<\/span><\/div>\n<div><span lang=\"FR\">\u00b7\u00a0\u00a0\u00a0\u00a0\u00a0\u00a0\u00a0\u00a0\u00a0<\/span><span lang=\"FR\">de la Pr\u00e9sidente du Mauritius Sports Council, Mme Sarah Rawat Currimjee\u00a0;<\/span><\/div>\n<div><span lang=\"FR\">\u00b7\u00a0\u00a0\u00a0\u00a0\u00a0\u00a0\u00a0\u00a0\u00a0<\/span><span lang=\"FR\">Monsieur D. Beeharry, membre du Board\u00a0;<\/span><\/div>\n<div><span lang=\"FR\">\u00b7\u00a0\u00a0\u00a0\u00a0\u00a0\u00a0\u00a0\u00a0\u00a0<\/span><span lang=\"FR\">Mme. G. Toory, membre du Board et pr\u00e9sidente du Commission Nationale du Sport Feminin\u00a0;<\/span><\/div>\n<div><span lang=\"FR\">\u00b7\u00a0\u00a0\u00a0\u00a0\u00a0\u00a0\u00a0\u00a0\u00a0<\/span><span lang=\"FR\">de Melle. Aurore Lam, repr\u00e9sentante de \u2018Panagora Marketing Company Limited\u2019\u00a0;<\/span><\/div>\n<div><span lang=\"FR\">\u00b7\u00a0\u00a0\u00a0\u00a0\u00a0\u00a0\u00a0\u00a0\u00a0<\/span><span lang=\"FR\">de Mons. Rajen Moothoo Curpen, conseiller au Minist\u00e8re de la Jeunesse et des Sports\u00a0;<\/span><\/div>\n<div><span lang=\"FR\">\u00b7\u00a0\u00a0\u00a0\u00a0\u00a0\u00a0\u00a0\u00a0\u00a0<\/span><span lang=\"FR\">de Mme. Ragini Luchmun, rectrice de l\u2019\u00e9tablissement scolaire\u00a0;<\/span><\/div>\n<div><span lang=\"FR\">\u00b7\u00a0\u00a0\u00a0\u00a0\u00a0\u00a0\u00a0\u00a0\u00a0<\/span><span lang=\"FR\">Le personnel enseignant et \u00e9tudiants et<\/span><\/div>\n<div><span lang=\"FR\">\u00b7\u00a0\u00a0\u00a0\u00a0\u00a0\u00a0\u00a0\u00a0\u00a0<\/span><span lang=\"FR\">membre de la presse \u00e9crite et parl\u00e9e<\/span><\/div>\n<div><span lang=\"FR\">\u00a0<\/span><\/div>\n<div><span lang=\"FR\">Le \u2018Yop Athl\u00e8te Award of the Month\u2019 est b\u00e9n\u00e9fique\u00a0 pour les athl\u00e8tes et les \u00e9l\u00e8ves et qui a pour but, de r\u00e9compenser nos athl\u00e8tes de plus de 16 ans\u00a0 qui ont brill\u00e9 sur le plan national et international. Ces champions sont des exemples pour nos jeunes d\u2019aujourd\u2019hui et le MSC encourage les \u00e9tudiants des \u00e9tablissements scolaires \u00e0 les suivre et \u00e0 faire du sport.\u00a0<\/span><\/div>\n<div><span lang=\"FR\">\u00a0<\/span><\/div>\n<div><span lang=\"FR\">Les gagnants du Yop Award ont \u00e9t\u00e9 r\u00e9compens\u00e9s comme suit;<\/span><\/div>\n<div><span lang=\"FR\"><br \/>\n\u2022 un troph\u00e9e, un certificat et un ch\u00e8que de Rs 3,000\/- offerts par le Mauritius Sports Council<br \/>\n\u2022 un cheque de Rs 3,000\/- et des produits YOP offerts par Panagora Marketing Company Limited.<\/span><\/div>\n<div><span lang=\"FR\">\u00a0<\/span><\/div>\n<div><b><span lang=\"FR\">Les Gagnants<\/span><\/b><b><\/b><\/div>\n<div><span lang=\"FR\">\u00a0<\/span><\/div>\n<div><b><span lang=\"FR\">Avril 2015-\u00a0<\/span><\/b><b><span lang=\"FR\">Elodie POO CHEONG\u00a0&#8211; Natation<\/span><\/b><\/div>\n<div><span lang=\"FR\">\u00a0<\/span><\/div>\n<div><span lang=\"FR\">Notre championne prit part aux championnats de Maurice toute cat\u00e9gorie et remporta les quatre \u00e9preuves sur laquelle elle \u00e9tait inscrite dont le 100m et 200m FREE, 50 et 100m FLY, qui fait d\u2019elle championne de Maurice sur ces quatre disciplines. Elle participa aussi au CANA Zone 4 en Angola dans la cat\u00e9gorie des plus de 17 ans remportant toutes les \u00e9preuves donc le 50 et 200 FLY, 50 et 100 FREE et enfin le 100 BREAST. Elle a \u00e9t\u00e9 \u00e9lue meilleure nageuse de ces championnats d\u2019Afrique.<\/span><\/div>\n<div><span lang=\"FR\">\u00a0<\/span><\/div>\n<div><span lang=\"FR\">Le Mauritius Sports Council est fier de r\u00e9compenser Elodie POO CHEONG pour de tels exploits.<\/span><\/div>\n<div><span lang=\"FR\">\u00a0\u00a0<\/span><\/div>\n<div><b><span lang=\"EN-US\">Mai 2015-\u00a0<\/span><\/b><b><span lang=\"EN-US\">Louis William BOUTON\u00a0\u2013 Kick Boxing<\/span><\/b><\/div>\n<div><b><span lang=\"EN-US\">\u00a0<\/span><\/b><\/div>\n<div>Notre Kick Boxer participa au WAKO WORLD CUP, dans la cat\u00e9gorie des moins de 52KG chez les Juniors.\u00a0<span lang=\"FR\">Avec 3 participants inscrits, notre compatriote remporta la comp\u00e9tition et monta sur la plus haute marche du podium.<\/span><\/div>\n<div><span lang=\"FR\">\u00a0<\/span><\/div>\n<div><span lang=\"FR\">Le Mauritius Sports Council a r\u00e9compens\u00e9 Louis William BOUTON avec fiert\u00e9.<\/span><\/div>\n<div><span lang=\"FR\">\u00a0<\/span><\/div>\n<div><b><span lang=\"FR\">Juin 2015-\u00a0<\/span><\/b><b><span lang=\"FR\">Jean Vincent DUVAL\u00a0\u2013 Handisport (Athl\u00e9tisme)<\/span><\/b><\/div>\n<div><span lang=\"FR\">\u00a0<\/span><\/div>\n<div>Sprinteur et Sauteur en Longueur, notre sportif de ce mois remporta le Championnats D\u2019Afrique Austral au 200m avec 6 participants inscrits.\u00a0<span lang=\"FR\">Au niveau Internationale, il d\u00e9crocha 2 m\u00e9dailles d\u2019or au 200m et au saut en longueur au \u2018Meeting Internationale de Talence\u2019, \u00e0 Bordeaux.<\/span><\/div>\n<div><span lang=\"FR\">\u00a0<\/span><\/div>\n<div><span lang=\"FR\">Le Mauritius Sports Council a eu l\u2019honneur de r\u00e9compenser Jean Vincent DUVAL pour de telles performances au niveau Handisport.<\/span><\/div>\n<div><span lang=\"FR\">\u00a0<\/span><\/div>\n<div><b><span lang=\"FR\">Juillet 2015-\u00a0<\/span><\/b><b><span lang=\"FR\">Scody VICTOR\u00a0&#8211; Handisport (Natation)<\/span><\/b><\/div>\n<div><span lang=\"FR\">\u00a0<\/span><\/div>\n<div><span lang=\"FR\">Nageur au niveau handisport, notre compatriote pris part au \u2018IPC World Championships\u2019 \u00e0 Glasgow o\u00f9 il remporta le 50m freestyle, \u00e9tablissant un nouveau record d\u2019Afrique a l\u2019occasion.<\/span><\/div>\n<div><span lang=\"FR\">\u00a0<\/span><\/div>\n<div><span lang=\"FR\">Le Mauritius Sports Council est fier de r\u00e9compenser Scody VICTOR pour avoir accompli une telle prouesse.\u00a0<\/span><\/div>\n<div><span lang=\"FR\">\u00a0<\/span><\/div>\n<div><b><span lang=\"FR\">Aout 2015-\u00a0<\/span><\/b><b><span lang=\"FR\">Christopher LAGANE- Cyclisme<\/span><\/b><\/div>\n<div><span lang=\"FR\">\u00a0<\/span><\/div>\n<div><span lang=\"FR\">Il prit la deuxi\u00e8me place au Tour de Maurice en Time Trial Individuel et la cinqui\u00e8me place au g\u00e9n\u00e9ral, toutes cat\u00e9gories confondues. Il fit aussi son petit bonhomme de chemin \u00e0 l\u2019\u00e9tranger au niveau internationale, en France, en arrachant 3 m\u00e9dailles d\u2019or chez les juniors avec au minimum 75 participants dans trois diff\u00e9rentes comp\u00e9titions. Il prit la troisi\u00e8me place au g\u00e9n\u00e9ral \u00e0 la comp\u00e9tition de ST THURIAM et deuxi\u00e8me \u00e0 celle de ST SEGRIEN.<\/span><\/div>\n<div><span lang=\"FR\">\u00a0<\/span><\/div>\n<div><span lang=\"FR\">Avec de tels exploits, le Mauritius Sports Council a eu l\u2019honneur de primer Christopher LAGANE.<\/span><\/div>\n<div><span lang=\"FR\">\u00a0<\/span><\/div>\n<div><b><span lang=\"FR\">Septembre 2015- Kate FOO KUNE- Badminton<\/span><\/b><\/div>\n<div><b><span lang=\"FR\">\u00a0<\/span><\/b><\/div>\n<div><span lang=\"FR\">Avec exploit sur exploit, notre athl\u00e8te de ce mois m\u00e9rite bien d\u2019\u00eatre r\u00e9compenser. M\u00e9daill\u00e9 d\u2019argent en double dames, m\u00e9daill\u00e9 d\u2019or en simple dames et par \u00e9quipe au dernier Jeux Africains tenu au Congo, que des prouesses \u00e0 mettre \u00e0 son actif, des performances acquises apr\u00e8s tant de sacrifices.<\/span><\/div>\n<div><span lang=\"FR\">\u00a0<\/span><\/div>\n<div><span lang=\"FR\">La Mauritius Sports Council a eu l\u2019honneur de r\u00e9compenser notre badi<a name=\"_GoBack\"><\/a>ste Kate FOO KUNE.<\/span><\/div>\n<div><span lang=\"FR\">\u00a0<\/span><\/div>\n<div><span lang=\"FR\"><strong>Interlude:<\/strong> Sega par les \u00e9tudiants<\/span><\/div>\n<div><span lang=\"FR\">\u00a0<\/span><\/div>\n<div><span lang=\"FR\">La compagnie Panagora Marketing a eu le plaisir d\u2019offrir au coll\u00e8ge un lot d\u2019\u00e9quipements sportifs que les \u00e9tudiants auront l\u2019occasion d\u2019utiliser. Les \u00e9quipements comme suit ont \u00e9t\u00e9 remis \u00e0 la rectrice\u00a0:<\/span><\/div>\n<div><\/div>\n<div><span lang=\"FR\">\u00b7\u00a0\u00a0\u00a0\u00a0\u00a0\u00a0\u00a0\u00a0 Un ballon de foot<\/span><\/div>\n<div><span lang=\"FR\">\u00b7\u00a0\u00a0\u00a0\u00a0\u00a0\u00a0\u00a0\u00a0 Un ballon de Volley<\/span><\/div>\n<div><span lang=\"FR\">\u00b7\u00a0\u00a0\u00a0\u00a0\u00a0\u00a0\u00a0\u00a0 Un ballon de basket<\/span><\/div>\n<div><span lang=\"FR\">\u00b7\u00a0\u00a0\u00a0\u00a0\u00a0\u00a0\u00a0\u00a0 Des Cordes \u00e0 sauter<\/span><\/div>\n<div><span lang=\"FR\">\u00b7\u00a0\u00a0\u00a0\u00a0\u00a0\u00a0\u00a0\u00a0 2 paires de raquettes de badminton<\/span><\/div>\n<div><span lang=\"FR\">\u00a0<\/span><\/div>\n<div><span lang=\"FR\">Une trousse de premier soin et un Bac \u00e0 glace ont \u00e9t\u00e9 offerts \u00e0 l\u2019\u00e9tablissement scolaire pour les premiers soins et en cas de blessure pendant les activit\u00e9s physiques.<\/span><\/div>\n<div><span lang=\"FR\">\u00a0<\/span><\/div>\n<div>A la fin de la c\u00e9r\u00e9monie, les boissons Yop ont \u00e9t\u00e9 distribu\u00e9es aux \u00e9tudiants.<\/div>\n<div><span lang=\"FR\">\u00a0<\/span><\/div>\n<div>\n<div><a href=\"http:\/\/msc2020.govmu.org\/msc\/?page_id=58\"><span style=\"color: #0072bc;\">View Pictures in Media Library<\/span><\/a><\/div>\n<\/div>\n<p>[\/vc_column_text][\/vc_column][\/vc_row]<\/p>\n","protected":false},"excerpt":{"rendered":"<p>[vc_row][vc_column][vc_column_text] Yop Athlete Award of the Month at Thanacody College [\/vc_column_text][\/vc_column][\/vc_row][vc_row css=&#8221;.vc_custom_1595927224324{margin-top: 30px !important;}&#8221;][vc_column][vc_column_text] La c\u00e9r\u00e9monie de remise des r\u00e9compenses pour les laur\u00e9ats du &#8220;YOP ATHELE AWARD&#8221; pour les mois d\u2019avril \u00e0 juin et juillet \u00e0 septembre 2015\u00a0eut lieu \u00e0\u00a0Thanacody College \u00e0 Souillac, jeudi\u00a031 ao\u00fbt 2015 devant un parterre compos\u00e9 des personnalit\u00e9s suivantes: \u00a0 \u00b7\u00a0\u00a0\u00a0\u00a0\u00a0\u00a0\u00a0\u00a0\u00a0de [&hellip;]<\/p>\n","protected":false},"author":1,"featured_media":0,"parent":0,"menu_order":0,"comment_status":"closed","ping_status":"closed","template":"","meta":{"ngg_post_thumbnail":0,"footnotes":""},"class_list":["post-576","page","type-page","status-publish","hentry"],"_links":{"self":[{"href":"https:\/\/mauritiussportscouncil.govmu.org\/mauritiussportscouncil\/index.php?rest_route=\/wp\/v2\/pages\/576","targetHints":{"allow":["GET"]}}],"collection":[{"href":"https:\/\/mauritiussportscouncil.govmu.org\/mauritiussportscouncil\/index.php?rest_route=\/wp\/v2\/pages"}],"about":[{"href":"https:\/\/mauritiussportscouncil.govmu.org\/mauritiussportscouncil\/index.php?rest_route=\/wp\/v2\/types\/page"}],"author":[{"embeddable":true,"href":"https:\/\/mauritiussportscouncil.govmu.org\/mauritiussportscouncil\/index.php?rest_route=\/wp\/v2\/users\/1"}],"replies":[{"embeddable":true,"href":"https:\/\/mauritiussportscouncil.govmu.org\/mauritiussportscouncil\/index.php?rest_route=%2Fwp%2Fv2%2Fcomments&post=576"}],"version-history":[{"count":2,"href":"https:\/\/mauritiussportscouncil.govmu.org\/mauritiussportscouncil\/index.php?rest_route=\/wp\/v2\/pages\/576\/revisions"}],"predecessor-version":[{"id":5287,"href":"https:\/\/mauritiussportscouncil.govmu.org\/mauritiussportscouncil\/index.php?rest_route=\/wp\/v2\/pages\/576\/revisions\/5287"}],"wp:attachment":[{"href":"https:\/\/mauritiussportscouncil.govmu.org\/mauritiussportscouncil\/index.php?rest_route=%2Fwp%2Fv2%2Fmedia&parent=576"}],"curies":[{"name":"wp","href":"https:\/\/api.w.org\/{rel}","templated":true}]}}