{"id":786,"date":"2020-07-20T10:01:48","date_gmt":"2020-07-20T10:01:48","guid":{"rendered":"http:\/\/localhost\/msc\/?page_id=786"},"modified":"2020-07-28T10:21:45","modified_gmt":"2020-07-28T10:21:45","slug":"milo-young-athlete-award-at-grand-sable-government-school","status":"publish","type":"page","link":"https:\/\/mauritiussportscouncil.govmu.org\/mauritiussportscouncil\/?page_id=786","title":{"rendered":"Milo Young Athlete Award at Grand Sable Government School"},"content":{"rendered":"<p>[vc_row][vc_column][vc_column_text]<\/p>\n<h3>Milo Young Athlete Award at Grand Sable Government School<\/h3>\n<p>[\/vc_column_text][\/vc_column][\/vc_row][vc_row css=&#8221;.vc_custom_1595931284686{margin-top: 30px !important;}&#8221;][vc_column][vc_column_text]<span class=\"ms-rteThemeFontFace-2 ms-rteFontSize-2\">La c\u00e9r\u00e9monie du \u2018Milo Young Athlete Award\u2019 pour les mois d\u2019avril \u00e0 juin 2019 eut lieu \u00e0 Grand Sable Government School le vendredi 04 octobre 2019 devant un parterre compos\u00e9 de personnalit\u00e9s suivantes :<\/span><\/p>\n<div class=\"ms-rteThemeFontFace-2 ms-rteFontSize-2\"><\/div>\n<div class=\"ms-rteThemeFontFace-2 ms-rteFontSize-2\">\u2022 Les membres ex\u00e9cutifs du Conseil ;<\/div>\n<div class=\"ms-rteThemeFontFace-2 ms-rteFontSize-2\">\u2022 Les employ\u00e9s du Mauritius Sports Council ;<\/div>\n<div class=\"ms-rteThemeFontFace-2 ms-rteFontSize-2\">\u2022 Monsieur Erkan Konak, \u2018Country Manager\u2019 de Nestl\u00e9\u2019s Products (Mtius) Ltd;<\/div>\n<div class=\"ms-rteThemeFontFace-2 ms-rteFontSize-2\">\u2022 Mademoiselle Gaelle Dardanne, \u2018Time Management Trading\u2019 de Nestl\u00e9\u2019s Productsts (Mtius) Ltd;<\/div>\n<div class=\"ms-rteThemeFontFace-2 ms-rteFontSize-2\">\u2022 Dr. Henry Bernard Baptiste, Sp\u00e9cialis\u00e9 en M\u00e9decine Pr\u00e9ventive Sportive, \u2018Programm Officer \u2018 du Elderly et Vulnerable Youth Program ;<\/div>\n<div class=\"ms-rteThemeFontFace-2 ms-rteFontSize-2\">\u2022 Le maitre d\u2019ecole, Monsieur Anand Potanah;<\/div>\n<div class=\"ms-rteThemeFontFace-2 ms-rteFontSize-2\">\u2022 Les enseignants et \u00e9l\u00e8ves ;<\/div>\n<div class=\"ms-rteThemeFontFace-2 ms-rteFontSize-2\">\u2022 Les athl\u00e8tes et parents ;<\/div>\n<div class=\"ms-rteThemeFontFace-2 ms-rteFontSize-2\">\u2022 Les entraineurs des athl\u00e8tes ;<\/div>\n<div class=\"ms-rteThemeFontFace-2 ms-rteFontSize-2\">\u2022 et membres de la presse<\/div>\n<div class=\"ms-rteThemeFontFace-2 ms-rteFontSize-2\"><\/div>\n<p style=\"padding-top:20px;\">Comme \u00e0 l\u2019accoutum\u00e9\u00a0<strong>Nestl\u00e9 Products (Mtius) Ltd<\/strong>\u00a0r\u00e9compense les athl\u00e8tes qui ont brill\u00e9 sur le plan r\u00e9gional, national et international, faisant ainsi honneur au pays qui est le n\u00f4tre. Le \u2018<strong>Milo Young Athlete Award<\/strong>\u2019, reconnait, \u00e0 travers leurs performances, les valeurs de nos champions et ainsi, les valorise et les prend comme mod\u00e8le afin d\u2019encourager les jeunes \u00e0 faire du sport d\u00e8s leurs plus jeune \u00e2ge. C\u2019est aussi l\u2019exemple que le sport et les \u00e9tudes sont compatibles.<\/p>\n<div class=\"ms-rteThemeFontFace-2 ms-rteFontSize-2\"><\/div>\n<div class=\"ms-rteThemeFontFace-2 ms-rteFontSize-2\"><strong>Les gagnants ont \u00e9t\u00e9 r\u00e9compens\u00e9s comme suit :<\/strong><\/div>\n<div class=\"ms-rteThemeFontFace-2 ms-rteFontSize-2\"><strong>\u00a0<\/strong><\/div>\n<div class=\"ms-rteThemeFontFace-2 ms-rteFontSize-2\">\u2022 Un troph\u00e9 offert par le Mauritius Sports Council ;<\/div>\n<div class=\"ms-rteThemeFontFace-2 ms-rteFontSize-2\">\u2022 Un certificat, un \u2018cash prize\u2019 de Rs 8,000\/-, des cadeaux et des produits MILO offerts par la compagnie Nestl\u00e9\u2019s Products (Mtius) Ltd ;<\/div>\n<div class=\"ms-rteThemeFontFace-2 ms-rteFontSize-2\"><\/div>\n<p style=\"padding-top:20px;\">\n<p>Suite aux discours des dignitaires, un petit quiz fait de questions faisant r\u00e9f\u00e9rence du contenu des discours, a \u00e9t\u00e9 organis\u00e9 ; et des petits cadeaux MILO ont \u00e9t\u00e9 offert \u00e0 4 \u00e9l\u00e8ves ayant bien r\u00e9pondu aux dites questions.<\/p>\n<div class=\"ms-rteThemeFontFace-2 ms-rteFontSize-2\"><strong>Les gagnants furent comme suit :<\/strong><\/div>\n<div class=\"ms-rteThemeFontFace-2 ms-rteFontSize-2\"><\/div>\n<div class=\"ms-rteThemeFontFace-2 ms-rteFontSize-2\" style=\"padding-top:20px;\">\n<p><strong>Avril 2019 &#8211; Francois Ory ANDRE &#8211; Athl\u00e9tisme<\/strong><\/p>\n<p>Notre gagnant du mois excelle en Pentathlon. Le Pentathlon qui comprend une course d\u2019endurance, des lancers et des sauts. Notre champion a particip\u00e9 au Match R\u00e9union \/ Maurice le 6 Avril 2019 qui s\u2019est tenu \u00e0 l\u2019ile de la R\u00e9union ou prenait part 9 participants. Notre athl\u00e8te a pris l\u2019honorable 2e place dans la cat\u00e9gorie 16 ans et moins. Il a \u00e9t\u00e9 repr\u00e9sent\u00e9 par son oncle.<\/p>\n<\/div>\n<div class=\"ms-rteThemeFontFace-2 ms-rteFontSize-2\">\n<p>&nbsp;<\/p>\n<p><strong>Mai 2019 &#8211; Claire JOSEPH &#8211; Athl\u00e9tisme<\/strong><\/p>\n<p>Notre gagnante pratique de l\u2019athl\u00e9tisme \u2013 plus pr\u00e9cis\u00e9ment, le 100m haies. Cette \u00e9preuve consiste \u00e0 parcourir \u00e0 une vitesse maximale, une distance de 100 m\u00e8tres en ligne droite en franchissant 10 haies de 84cm. Notre Championne a particip\u00e9 au Match Maurice \/ Reunion le 11 mai ici m\u00eame \u00e0 Maurice. Sur 6 participants elle a remport\u00e9 la m\u00e9daille D\u2019or avec une performance de 15 secondes et 50 centi\u00e8mes.<\/p>\n<\/div>\n<div class=\"ms-rteThemeFontFace-2 ms-rteFontSize-2\">\n<p>&nbsp;<\/p>\n<p><strong>Juin 2019 \u2013 FRA Olivier &#8211; Triathlon<\/strong><\/p>\n<p>Notre champion a particip\u00e9 au \u2018ATU African Championships\u2019 qui s\u2019est tenu \u00e0 l\u2019Hotel Shandrani Beach Comber Resort le 1er f\u00e9vrier 2019, avec 7 participants ou il a pris la troisi\u00e8me place. Je vous rappelle que le triathlon est une discipline qui comprend la natation, le cyclisme et la course.<\/p>\n<\/div>\n<div class=\"ms-rteThemeFontFace-2 ms-rteFontSize-2\" style=\"padding-top:20px;\">\n<p>La Compagnie Nestl\u00e9\u2019s Products (Mtius) Ltd a eu le plaisir d\u2019offrir \u00e0 l\u2019\u00e9tablissement : quatre Hoola Hoops, deux ballons de Foot Milo, cinq cordes \u00e0 sauter et douze balles de tennis, qui ajouteront sans aucun doute du bonheur dans la cour pendant leurs activit\u00e9s sportives.<\/p>\n<\/div>\n<div class=\"ms-rteThemeFontFace-2 ms-rteFontSize-2\" style=\"padding-top:20px;\">Les \u00e9l\u00e8ves ont pr\u00e9sent\u00e9 des interludes comme suit :<\/div>\n<div class=\"ms-rteThemeFontFace-2 ms-rteFontSize-2\"><\/div>\n<div class=\"ms-rteThemeFontFace-2 ms-rteFontSize-2\">\u2022 Une danse intitul\u00e9 \u2018 Chogara Tara\u2019 ex\u00e9cut\u00e9 par les \u00e9l\u00e8ves de la grade 4 ;<\/div>\n<div class=\"ms-rteThemeFontFace-2 ms-rteFontSize-2\">\u2022 Un slam pr\u00e9sent\u00e9 par les \u00e9l\u00e8ves de la grade 6 ;<\/div>\n<div class=\"ms-rteThemeFontFace-2 ms-rteFontSize-2\">\u2022 Une danse intitul\u00e9 \u2018 Say my name\u2019 ex\u00e9cut\u00e9 par les \u00e9l\u00e8ves de la grade 6 ;<\/div>\n<div class=\"ms-rteThemeFontFace-2 ms-rteFontSize-2\">\u2022 Un Sega et Bhojpuri Medley ex\u00e9cut\u00e9 par les \u00e9l\u00e8ves de la grade 6 ;<\/div>\n<div class=\"ms-rteThemeFontFace-2 ms-rteFontSize-2\"><\/div>\n<div class=\"ms-rteThemeFontFace-2 ms-rteFontSize-2\" style=\"padding-top:20px;\">Des boissons MILO ont aussi \u00e9t\u00e9 distribu\u00e9es aux \u00e9l\u00e8ves \u00e0 la fin de la c\u00e9r\u00e9monie.<\/div>\n<div><span class=\"ms-rteThemeFontFace-2 ms-rteFontSize-2\">\u00a0<\/span><\/div>\n<div><span class=\"ms-rteThemeFontFace-2 ms-rteFontSize-2\"><a href=\"http:\/\/msc2020.govmu.org\/msc\/?page_id=58\">View Pictures in Media Library\u200b<\/a><\/span><\/div>\n<p>[\/vc_column_text][\/vc_column][\/vc_row]<\/p>\n","protected":false},"excerpt":{"rendered":"<p>[vc_row][vc_column][vc_column_text] Milo Young Athlete Award at Grand Sable Government School [\/vc_column_text][\/vc_column][\/vc_row][vc_row css=&#8221;.vc_custom_1595931284686{margin-top: 30px !important;}&#8221;][vc_column][vc_column_text]La c\u00e9r\u00e9monie du \u2018Milo Young Athlete Award\u2019 pour les mois d\u2019avril \u00e0 juin 2019 eut lieu \u00e0 Grand Sable Government School le vendredi 04 octobre 2019 devant un parterre compos\u00e9 de personnalit\u00e9s suivantes : \u2022 Les membres ex\u00e9cutifs du Conseil ; \u2022 [&hellip;]<\/p>\n","protected":false},"author":1,"featured_media":0,"parent":0,"menu_order":0,"comment_status":"closed","ping_status":"closed","template":"","meta":{"ngg_post_thumbnail":0,"footnotes":""},"class_list":["post-786","page","type-page","status-publish","hentry"],"_links":{"self":[{"href":"https:\/\/mauritiussportscouncil.govmu.org\/mauritiussportscouncil\/index.php?rest_route=\/wp\/v2\/pages\/786","targetHints":{"allow":["GET"]}}],"collection":[{"href":"https:\/\/mauritiussportscouncil.govmu.org\/mauritiussportscouncil\/index.php?rest_route=\/wp\/v2\/pages"}],"about":[{"href":"https:\/\/mauritiussportscouncil.govmu.org\/mauritiussportscouncil\/index.php?rest_route=\/wp\/v2\/types\/page"}],"author":[{"embeddable":true,"href":"https:\/\/mauritiussportscouncil.govmu.org\/mauritiussportscouncil\/index.php?rest_route=\/wp\/v2\/users\/1"}],"replies":[{"embeddable":true,"href":"https:\/\/mauritiussportscouncil.govmu.org\/mauritiussportscouncil\/index.php?rest_route=%2Fwp%2Fv2%2Fcomments&post=786"}],"version-history":[{"count":2,"href":"https:\/\/mauritiussportscouncil.govmu.org\/mauritiussportscouncil\/index.php?rest_route=\/wp\/v2\/pages\/786\/revisions"}],"predecessor-version":[{"id":5292,"href":"https:\/\/mauritiussportscouncil.govmu.org\/mauritiussportscouncil\/index.php?rest_route=\/wp\/v2\/pages\/786\/revisions\/5292"}],"wp:attachment":[{"href":"https:\/\/mauritiussportscouncil.govmu.org\/mauritiussportscouncil\/index.php?rest_route=%2Fwp%2Fv2%2Fmedia&parent=786"}],"curies":[{"name":"wp","href":"https:\/\/api.w.org\/{rel}","templated":true}]}}