{"id":793,"date":"2020-07-20T10:01:54","date_gmt":"2020-07-20T10:01:54","guid":{"rendered":"http:\/\/localhost\/msc\/?page_id=793"},"modified":"2020-07-28T10:51:02","modified_gmt":"2020-07-28T10:51:02","slug":"milo-young-athlete-award-at-jules-koenig-government-school","status":"publish","type":"page","link":"https:\/\/mauritiussportscouncil.govmu.org\/mauritiussportscouncil\/?page_id=793","title":{"rendered":"Milo Young Athlete Award at Jules Koenig Government School"},"content":{"rendered":"<p>[vc_row][vc_column][vc_column_text]<\/p>\n<h3>Milo Young Athlete Award at Jules Koenig Government School<\/h3>\n<p>[\/vc_column_text][\/vc_column][\/vc_row][vc_row css=&#8221;.vc_custom_1595932357482{margin-top: 30px !important;}&#8221;][vc_column][vc_column_text]<span class=\"ms-rteThemeFontFace-2 ms-rteFontSize-2\">La c\u00e9r\u00e9monie du \u2018Milo Young Athlete Award\u2019 pour les mois de janvier \u00e0 mars 2019 eut lieu au Jules Koenig Government School \u00e0 Beau Bassin le Jeudi 18 juillet 2019 devant un parterre compos\u00e9 de personnalit\u00e9s suivantes :<\/span><\/p>\n<div class=\"ms-rteThemeFontFace-2 ms-rteFontSize-2\"><\/div>\n<div class=\"ms-rteThemeFontFace-2 ms-rteFontSize-2\">\u2022 Les membres ex\u00e9cutifs du Conseil ;<\/div>\n<div class=\"ms-rteThemeFontFace-2 ms-rteFontSize-2\">\u2022 Les employ\u00e9s du Mauritius Sports Council ;<\/div>\n<div class=\"ms-rteThemeFontFace-2 ms-rteFontSize-2\">\u2022 Monsieur Kushal Dinaran, \u2018Category Development Manager\u2019 de Nestl\u00e9\u2019s Products (Mtius) Ltd;<\/div>\n<div class=\"ms-rteThemeFontFace-2 ms-rteFontSize-2\">\u2022 Madame Priyanka Puddoo, \u2018Corporate Communication and Public Affairs Executive\u2019 de Nestl\u00e9\u2019s Products (Mtius) Ltd;<\/div>\n<div class=\"ms-rteThemeFontFace-2 ms-rteFontSize-2\">\u2022 Mademoiselle Gaelle Dardanne, \u2018Time Management Trading\u2019 de Nestl\u00e9\u2019s Products (Mtius) Ltd;<\/div>\n<div class=\"ms-rteThemeFontFace-2 ms-rteFontSize-2\">\u2022 La maitresse de l\u2019\u00e9cole, Madame Vidia Vythelingum;<\/div>\n<div class=\"ms-rteThemeFontFace-2 ms-rteFontSize-2\">\u2022 Les enseignants et \u00e9l\u00e8ves ;<\/div>\n<div class=\"ms-rteThemeFontFace-2 ms-rteFontSize-2\">\u2022 Les athl\u00e8tes et parents ;<\/div>\n<div class=\"ms-rteThemeFontFace-2 ms-rteFontSize-2\">\u2022 Les entraineurs des athl\u00e8tes ;<\/div>\n<div class=\"ms-rteThemeFontFace-2 ms-rteFontSize-2\">\u2022 et membres de la presse<\/div>\n<div class=\"ms-rteThemeFontFace-2 ms-rteFontSize-2\"><\/div>\n<div class=\"ms-rteThemeFontFace-2 ms-rteFontSize-2\" style=\"padding-top: 20px;\">Comme \u00e0 l\u2019accoutum\u00e9\u00a0<strong>Nestl\u00e9 Products (Mtius) Ltd<\/strong>\u00a0r\u00e9compense les athl\u00e8tes qui ont brill\u00e9 sur le plan r\u00e9gional, national et international, faisant ainsi honneur au pays qui est le n\u00f4tre. Le \u2018<strong>Milo Young Athlete Award<\/strong>\u2019, reconnait, \u00e0 travers leurs performances, les valeurs de nos champions et ainsi, les valorise et les prend comme mod\u00e8le afin d\u2019encourager les jeunes \u00e0 faire du sport d\u00e8s leurs plus jeune \u00e2ge. C\u2019est aussi l\u2019exemple que le sport et les \u00e9tudes sont compatibles.<\/div>\n<div class=\"ms-rteThemeFontFace-2 ms-rteFontSize-2\"><\/div>\n<div class=\"ms-rteThemeFontFace-2 ms-rteFontSize-2\" style=\"padding-top: 20px;\"><strong>Les gagnants ont \u00e9t\u00e9 r\u00e9compens\u00e9s comme suit :<\/strong><\/div>\n<div class=\"ms-rteThemeFontFace-2 ms-rteFontSize-2\">\u2022 Un troph\u00e9 offert par le Mauritius Sports Council ;<\/div>\n<div class=\"ms-rteThemeFontFace-2 ms-rteFontSize-2\">\u2022 Un certificat, un \u2018cash prize\u2019 de Rs 8,000\/-, des cadeaux et des produits MILO offerts par la compagnie Nestl\u00e9\u2019s Products (Mtius) Ltd ;<\/div>\n<div class=\"ms-rteThemeFontFace-2 ms-rteFontSize-2\"><\/div>\n<div class=\"ms-rteThemeFontFace-2 ms-rteFontSize-2\" style=\"padding-top: 20px;\">Suite aux discours des dignitaires, un petit quiz fait de questions faisant r\u00e9f\u00e9rence du contenu des discours, a \u00e9t\u00e9 organis\u00e9 ; et des petits cadeaux MILO ont \u00e9t\u00e9 offert \u00e0 3 \u00e9l\u00e8ves ayant bien r\u00e9pondu aux dites questions.<\/div>\n<div class=\"ms-rteThemeFontFace-2 ms-rteFontSize-2\" style=\"padding-top: 20px;\"><strong>Les gagnants furent comme suit :<\/strong><\/div>\n<div class=\"ms-rteThemeFontFace-2 ms-rteFontSize-2\"><\/div>\n<div class=\"ms-rteThemeFontFace-2 ms-rteFontSize-2\" style=\"padding-top: 20px;\">\n<p><strong>Janvier 2019 &#8211;\u00a0<\/strong>\u00a0<strong>Kenrick LAM WAI YAM \u2013 Tennis<\/strong><\/p>\n<p>Il a particip\u00e9 au \u2018ITF \/ CT Southern African Regional Champhionship\u2019 qui s\u2019est tenu en Namibie ou prenait part 10 pays et 32 participants. Notre repr\u00e9sentant a pris l\u2019honorable 5\u00e8me place dans la cat\u00e9gorie 14 ans et moins.<\/p>\n<\/div>\n<div class=\"ms-rteThemeFontFace-2 ms-rteFontSize-2\">\n<p>&nbsp;<\/p>\n<p><strong>F\u00e9vrier 2019 &#8211; Elena PLANTIER &#8211; Equitation<\/strong><\/p>\n<p>Elle a particip\u00e9 au \u2018National Senior Showjumping League 2018 \/ 2019\u2019 au Club D\u2019Equitation du Nord \u00e0 Poudre D\u2019or, dans la Cat\u00e9gorie C &#8211; un m\u00e8tre \u2013 un m\u00e8tre 10. Sur 13 participants, elle a remport\u00e9 la m\u00e9daille d\u2019or.<\/p>\n<\/div>\n<div class=\"ms-rteThemeFontFace-2 ms-rteFontSize-2\">\n<p>&nbsp;<\/p>\n<p><strong>Mars 2019 \u2013 Laetitia JAUFFRET &#8211; Equitation<\/strong><\/p>\n<p>Notre championne a particip\u00e9 au National Vaulting Competition qui s\u2019est tenu \u00e0 Cascavelle, dans la Cat\u00e9gorie Grade B, avec 3 participants ou elle a pris la premi\u00e8re place ; elle a aussi pris part \u00e0 la Comp\u00e9tition de Voltige Internationale qui s\u2019est tenu au Hollyberry Hall \u00e0 Kyalami, Johannesburg, Afrique du Sud en ALG\u00c9RIE ; sur 6 participants ou participaient 2 pays ; elle a d\u00e9croch\u00e9 la palme d\u2019or.<\/p>\n<\/div>\n<div class=\"ms-rteThemeFontFace-2 ms-rteFontSize-2\" style=\"padding-top:20px;\">\n<p>La Compagnie Nestl\u00e9\u2019s Products (Mtius) Ltd a eu le plaisir d\u2019offrir \u00e0 l\u2019\u00e9tablissement : quatre Hoola Hoops, deux ballons de Foot Milo, cinq cordes \u00e0 sauter et douze balles de tennis, qui ajouteront sans aucun doute du bonheur dans la cour pendant leurs activit\u00e9s sportives.<\/p>\n<\/div>\n<div class=\"ms-rteThemeFontFace-2 ms-rteFontSize-2\" style=\"padding-top:20px;\">Les \u00e9l\u00e8ves ont pr\u00e9sent\u00e9 des interludes comme suit :<\/div>\n<div class=\"ms-rteThemeFontFace-2 ms-rteFontSize-2\"><\/div>\n<div class=\"ms-rteThemeFontFace-2 ms-rteFontSize-2\">\u2022 Une danse intitul\u00e9 \u2018 I like to move it, move it\u2019 ex\u00e9cut\u00e9 par les \u00e9l\u00e8ves de la grade 9 ;<\/div>\n<div class=\"ms-rteThemeFontFace-2 ms-rteFontSize-2\">\u2022 Une chanson intitul\u00e9 \u2018Maman me dit\u2019 interpr\u00e9t\u00e9e par une \u00e9l\u00e8ve, Selena Nubee de la grade 1 Blue ;<\/div>\n<div class=\"ms-rteThemeFontFace-2 ms-rteFontSize-2\">\u2022 Une danse intitul\u00e9 \u2018 Allez Maurice\u2019 ex\u00e9cut\u00e9 par les \u00e9l\u00e8ves de la grade 4 Red ;<\/div>\n<div class=\"ms-rteThemeFontFace-2 ms-rteFontSize-2\"><\/div>\n<div class=\"ms-rteThemeFontFace-2 ms-rteFontSize-2\" style=\"padding-top:20px;\">600 \u00e9l\u00e8ves ont particip\u00e9 \u00e0 la remise de r\u00e9compenses.<\/div>\n<div class=\"ms-rteThemeFontFace-2 ms-rteFontSize-2\"><\/div>\n<div class=\"ms-rteThemeFontFace-2 ms-rteFontSize-2\" style=\"padding-top:20px;\">Des boissons MILO ont aussi \u00e9t\u00e9 distribu\u00e9es aux \u00e9l\u00e8ves \u00e0 la fin de la c\u00e9r\u00e9monie.<\/div>\n<div><span class=\"ms-rteThemeFontFace-2 ms-rteFontSize-2\">\u00a0<\/span><\/div>\n<div><span class=\"ms-rteThemeFontFace-2 ms-rteFontSize-2\"><a href=\"http:\/\/msc2020.govmu.org\/msc\/?page_id=58\">View Pictures in Media Library<\/a><\/span><\/div>\n<p>[\/vc_column_text][\/vc_column][\/vc_row]<\/p>\n","protected":false},"excerpt":{"rendered":"<p>[vc_row][vc_column][vc_column_text] Milo Young Athlete Award at Jules Koenig Government School [\/vc_column_text][\/vc_column][\/vc_row][vc_row css=&#8221;.vc_custom_1595932357482{margin-top: 30px !important;}&#8221;][vc_column][vc_column_text]La c\u00e9r\u00e9monie du \u2018Milo Young Athlete Award\u2019 pour les mois de janvier \u00e0 mars 2019 eut lieu au Jules Koenig Government School \u00e0 Beau Bassin le Jeudi 18 juillet 2019 devant un parterre compos\u00e9 de personnalit\u00e9s suivantes : \u2022 Les membres ex\u00e9cutifs [&hellip;]<\/p>\n","protected":false},"author":1,"featured_media":0,"parent":0,"menu_order":0,"comment_status":"closed","ping_status":"closed","template":"","meta":{"ngg_post_thumbnail":0,"footnotes":""},"class_list":["post-793","page","type-page","status-publish","hentry"],"_links":{"self":[{"href":"https:\/\/mauritiussportscouncil.govmu.org\/mauritiussportscouncil\/index.php?rest_route=\/wp\/v2\/pages\/793","targetHints":{"allow":["GET"]}}],"collection":[{"href":"https:\/\/mauritiussportscouncil.govmu.org\/mauritiussportscouncil\/index.php?rest_route=\/wp\/v2\/pages"}],"about":[{"href":"https:\/\/mauritiussportscouncil.govmu.org\/mauritiussportscouncil\/index.php?rest_route=\/wp\/v2\/types\/page"}],"author":[{"embeddable":true,"href":"https:\/\/mauritiussportscouncil.govmu.org\/mauritiussportscouncil\/index.php?rest_route=\/wp\/v2\/users\/1"}],"replies":[{"embeddable":true,"href":"https:\/\/mauritiussportscouncil.govmu.org\/mauritiussportscouncil\/index.php?rest_route=%2Fwp%2Fv2%2Fcomments&post=793"}],"version-history":[{"count":2,"href":"https:\/\/mauritiussportscouncil.govmu.org\/mauritiussportscouncil\/index.php?rest_route=\/wp\/v2\/pages\/793\/revisions"}],"predecessor-version":[{"id":5293,"href":"https:\/\/mauritiussportscouncil.govmu.org\/mauritiussportscouncil\/index.php?rest_route=\/wp\/v2\/pages\/793\/revisions\/5293"}],"wp:attachment":[{"href":"https:\/\/mauritiussportscouncil.govmu.org\/mauritiussportscouncil\/index.php?rest_route=%2Fwp%2Fv2%2Fmedia&parent=793"}],"curies":[{"name":"wp","href":"https:\/\/api.w.org\/{rel}","templated":true}]}}