{"id":807,"date":"2020-07-20T10:02:00","date_gmt":"2020-07-20T10:02:00","guid":{"rendered":"http:\/\/localhost\/msc\/?page_id=807"},"modified":"2020-07-28T11:06:55","modified_gmt":"2020-07-28T11:06:55","slug":"milo-young-athlete-award-at-adventist-college","status":"publish","type":"page","link":"https:\/\/mauritiussportscouncil.govmu.org\/mauritiussportscouncil\/?page_id=807","title":{"rendered":"Milo Young Athlete Award at Adventist College"},"content":{"rendered":"<p>[vc_row][vc_column][vc_column_text]<\/p>\n<h3>Milo Young Athlete Award at Adventist College<\/h3>\n<p>[\/vc_column_text][\/vc_column][\/vc_row][vc_row][vc_column][vc_column_text css=&#8221;.vc_custom_1595934404069{margin-top: 30px !important;}&#8221;]<span class=\"ms-rteThemeFontFace-2 ms-rteFontSize-2\">La c\u00e9r\u00e9monie du \u2018Milo Young Athlete Award\u2019 pour les mois de juillet \u00e0 d\u00e9cembre 2018 eut lieu au \u2018Adventist College\u2019 le Jeudi 05 avril 2019 devant un parterre compos\u00e9 des personnalit\u00e9s suivantes :\u00a0<\/span><\/p>\n<div><span class=\"ms-rteThemeFontFace-2 ms-rteFontSize-2\">\u2022 Madame Sarah Rawat Currimjee, pr\u00e9sidente du Mauritius Sports Council ;\u00a0<\/span><\/div>\n<div><span class=\"ms-rteThemeFontFace-2 ms-rteFontSize-2\">\u2022 Les membres ex\u00e9cutifs du Conseil ; \u2022 Les employ\u00e9s du Mauritius Sports Council ;\u00a0<\/span><\/div>\n<div><span class=\"ms-rteThemeFontFace-2 ms-rteFontSize-2\">\u2022 Monsieur Erkan Konak, \u2018Country Manager\u2019 de Nestl\u00e9\u2019s Products (Mtius) Ltd;\u00a0<\/span><\/div>\n<div><span class=\"ms-rteThemeFontFace-2 ms-rteFontSize-2\">\u2022 Monsieur Kushal Dinaran, \u2018Category Development Manager\u2019 de Nestl\u00e9\u2019s Products (Mtius) Ltd;\u00a0<\/span><\/div>\n<div><span class=\"ms-rteThemeFontFace-2 ms-rteFontSize-2\">\u2022 Madame Priyanka Puddoo, \u2018Corporate Communication and Public Affairs Executive\u2019 de Nestl\u00e9\u2019s Products (Mtius) Ltd;\u00a0<\/span><\/div>\n<div><span class=\"ms-rteThemeFontFace-2 ms-rteFontSize-2\">\u2022 Madame Sheila Seebaluck, \u2018Chief Executive Officer\u2019, Trust Fund For Excellence in Sports;\u00a0<\/span><\/div>\n<div><span class=\"ms-rteThemeFontFace-2 ms-rteFontSize-2\">\u2022 Dr. Henry Bernard Baptiste, Athlete de haut niveau ;\u00a0<\/span><\/div>\n<div><span class=\"ms-rteThemeFontFace-2 ms-rteFontSize-2\">\u2022 La rectrice du college, Madame Ginette Catherine ;\u00a0<\/span><\/div>\n<div><span class=\"ms-rteThemeFontFace-2 ms-rteFontSize-2\">\u2022 Les enseignants et \u00e9l\u00e8ves ;\u00a0<\/span><\/div>\n<div><span class=\"ms-rteThemeFontFace-2 ms-rteFontSize-2\">\u2022 Les athl\u00e8tes et parents ;\u00a0<\/span><\/div>\n<div><span class=\"ms-rteThemeFontFace-2 ms-rteFontSize-2\">\u2022 Les entraineurs des athl\u00e8tes ;\u00a0<\/span><\/div>\n<div><span class=\"ms-rteThemeFontFace-2 ms-rteFontSize-2\">\u2022 et membres de la presse\u00a0<\/span><\/div>\n<div><span class=\"ms-rteThemeFontFace-2 ms-rteFontSize-2\">\u00a0<\/span><\/div>\n<div><span class=\"ms-rteThemeFontFace-2 ms-rteFontSize-2\">Comme \u00e0 l\u2019accoutum\u00e9\u00a0<strong>Nestl\u00e9 Products (Mtius) Ltd\u00a0<\/strong>r\u00e9compense les athl\u00e8tes qui ont brill\u00e9 sur le plan r\u00e9gional, national et international, faisant ainsi honneur au pays qui est le n\u00f4tre. Le \u2018<strong>Milo Young Athlete Award<\/strong>\u2019, reconnait, \u00e0 travers leurs performances, les valeurs de nos champions et ainsi, les valorise et les prend comme mod\u00e8le afin d\u2019encourager les jeunes \u00e0 faire du sport d\u00e8s leurs plus jeune \u00e2ge.\u00a0<\/span><\/div>\n<div><span class=\"ms-rteThemeFontFace-2 ms-rteFontSize-2\">\u00a0<\/span><\/div>\n<div><span class=\"ms-rteThemeFontFace-2 ms-rteFontSize-2\"><strong>Les gagnants ont \u00e9t\u00e9 r\u00e9compens\u00e9s comme suit\u00a0:\u00a0<\/strong><\/span><\/div>\n<div><span class=\"ms-rteThemeFontFace-2 ms-rteFontSize-2\">\u2022 Un troph\u00e9e et un ch\u00e8que de Rs 2,000\/- offerts par le Mauritius Sports Council ;\u00a0<\/span><\/div>\n<div><span class=\"ms-rteThemeFontFace-2 ms-rteFontSize-2\">\u2022 Un certificat, un \u2018cash prize\u2019 de Rs 2,000\/-, des cadeaux et des produits MILO offerts par la compagnie Nestl\u00e9\u2019s Products (Mtius) Ltd ;\u00a0<\/span><\/div>\n<div><span class=\"ms-rteThemeFontFace-2 ms-rteFontSize-2\">\u00a0<\/span><\/div>\n<div><span class=\"ms-rteThemeFontFace-2 ms-rteFontSize-2\">Suite aux discours des dignitaires, un petit quiz fait de questions faisant r\u00e9f\u00e9rence du contenu des discours, a \u00e9t\u00e9 organis\u00e9 ; et des petits cadeaux MILO ont \u00e9t\u00e9 offert \u00e0 3 \u00e9l\u00e8ves ayant bien r\u00e9pondu aux dites questions.\u00a0<\/span><\/div>\n<div><span class=\"ms-rteThemeFontFace-2 ms-rteFontSize-2\">\u00a0<\/span><\/div>\n<div><span class=\"ms-rteThemeFontFace-2 ms-rteFontSize-2\"><strong>Les gagnants sont comme suit\u00a0:\u00a0<\/strong><\/span><\/div>\n<div><span class=\"ms-rteThemeFontFace-2 ms-rteFontSize-2\">\u00a0<\/span><\/div>\n<div><span class=\"ms-rteThemeFontFace-2 ms-rteFontSize-2\"><strong>Juillet 2018<\/strong>\u00a0&#8211; Jake LAM HAU CHING &#8211; Tennis Il a particip\u00e9 aux 2 tournois \u2018ITF CIRCUIT LEG 1 et CIRCUIT LEG 2\u2019, qui s\u2019est tenu au Zimbabwe ou il a rafl\u00e9 la m\u00e9daille D\u2019OR dans la cat\u00e9gorie 14 ans et moins. Il a \u00e9t\u00e9 repr\u00e9sent\u00e9 par sa m\u00e8re.\u00a0<\/span><\/div>\n<div><span class=\"ms-rteThemeFontFace-2 ms-rteFontSize-2\">\u00a0<\/span><\/div>\n<div><span class=\"ms-rteThemeFontFace-2 ms-rteFontSize-2\"><strong>Aout 2018<\/strong>&#8211; Khelwin JHUBBOO \u2013 Halt\u00e9rophilie Il a particip\u00e9 au \u2018Senior African Championship\u2019 dans la cat\u00e9gorie 105 kgs et plus ou il a remport\u00e9 3 m\u00e9dailles d\u2019argent.\u00a0<\/span><\/div>\n<div><span class=\"ms-rteThemeFontFace-2 ms-rteFontSize-2\">\u00a0<\/span><\/div>\n<div><span class=\"ms-rteThemeFontFace-2 ms-rteFontSize-2\"><strong>Septembre 2018<\/strong>\u00a0&#8211; Jake LAM HAU CHING \u2013 Tennis Il a particip\u00e9 au \u2018ITT \u2013 CIRCUIT LEG 1\u2019, qui s\u2019est tenu en Alg\u00e9rie ou il a pris la 6-\u00e8me place sur 32 participants ou participaient 9 pays; il a aussi pris part au \u2018ITF \u2013 CIRCUIT AFRICAN JUNIOR CHAMPIONSHIP CLAY COURTS\u2019 ou il a pris l\u2019honorable 4-\u00e8me place sur 25 participants ou participaient 10 pays. Il a \u00e9t\u00e9 repr\u00e9sent\u00e9 par sa m\u00e8re.<\/span><\/div>\n<div><span class=\"ms-rteThemeFontFace-2 ms-rteFontSize-2\">\u00a0<\/span><\/div>\n<div><span class=\"ms-rteThemeFontFace-2 ms-rteFontSize-2\"><strong>Octobre 2018<\/strong>\u00a0\u2013 Jenna ROUSSET \u2013 Equestre Elle a particip\u00e9 au \u2018National Showjumping League 2018 \u2013 2019\u2019 qui s\u2019est tenu \u00e0 maurice ou elle a rafl\u00e9 la m\u00e9daille d\u2019or. Elle a \u00e9t\u00e9 repr\u00e9sent\u00e9e par sa m\u00e8re.\u00a0<\/span><\/div>\n<div><span class=\"ms-rteThemeFontFace-2 ms-rteFontSize-2\">\u00a0<\/span><\/div>\n<div><span class=\"ms-rteThemeFontFace-2 ms-rteFontSize-2\"><strong>Novembre 2018<\/strong>\u00a0\u2013 Jake LAM HAU CHING \u2013 Tennis Il particip\u00e9 au \u2018ITF \u2013 CIRCUIT LEG 1\u2019, qui s\u2019est tenu \u00e0 maurice ou il a remport\u00e9 la m\u00e9daille d\u2019or ; il a aussi pris part au \u2018ITF \u2013 CIRCUIT leg 2\u2019 ou il \u00e9tait sur la plus haute marche du podium. Il a \u00e9t\u00e9 repr\u00e9sent\u00e9 par sa m\u00e8re.\u00a0<\/span><\/div>\n<div><span class=\"ms-rteThemeFontFace-2 ms-rteFontSize-2\">\u00a0<\/span><\/div>\n<div><span class=\"ms-rteThemeFontFace-2 ms-rteFontSize-2\"><strong>D\u00e9cembre 2018<\/strong>\u00a0\u2013 Noah HUGNIN \u2013 Equestre\u00a0<\/span><\/div>\n<div><span class=\"ms-rteThemeFontFace-2 ms-rteFontSize-2\">Il fait de l\u2019\u00e9quitation et a particip\u00e9 au \u2018National Showjumping League 2018 \u2013 2019\u2019 qui s\u2019est tenu \u00e0 maurice ou il a rafl\u00e9 la m\u00e9daille d\u2019or. Il a \u00e9t\u00e9 repr\u00e9sent\u00e9 par sa s\u0153ur.\u00a0<\/span><\/div>\n<div><span class=\"ms-rteThemeFontFace-2 ms-rteFontSize-2\">\u00a0<\/span><\/div>\n<div><span class=\"ms-rteThemeFontFace-2 ms-rteFontSize-2\">La Compagnie Nestl\u00e9\u2019s Products (Mtius) Ltd a eu le plaisir d\u2019offrir \u00e0 l\u2019\u00e9tablissement : un ballon de Foot et un ballon de Volley, qui ajouteront sans aucun doute du bonheur dans la cour pendant leurs activit\u00e9s sportives.\u00a0<\/span><\/div>\n<div><span class=\"ms-rteThemeFontFace-2 ms-rteFontSize-2\">\u00a0<\/span><\/div>\n<div><span class=\"ms-rteThemeFontFace-2 ms-rteFontSize-2\">Les \u00e9l\u00e8ves ont pr\u00e9sent\u00e9 des interludes comme suit :\u00a0<\/span><\/div>\n<div><span class=\"ms-rteThemeFontFace-2 ms-rteFontSize-2\">\u2022 Un po\u00e8me intitul\u00e9 \u2018Sport et Sante\u2019 lu par Mademoiselle Amelie Louise ;\u00a0<\/span><\/div>\n<div><span class=\"ms-rteThemeFontFace-2 ms-rteFontSize-2\">\u2022 Une chanson intitul\u00e9 \u2018More than words\u2019 interpr\u00e9t\u00e9s par Sloan Ayot, Anaelle Petite, Sarah-Anne Bangard et Rohan Sidaya et\u00a0<\/span><\/div>\n<div><span class=\"ms-rteThemeFontFace-2 ms-rteFontSize-2\">\u2022 Un po\u00e8me intitul\u00e9 \u2018Mon Sport\u2019 lu par Monsieur Lael Baya ;\u00a0<\/span><\/div>\n<div><span class=\"ms-rteThemeFontFace-2 ms-rteFontSize-2\">\u00a0<\/span><\/div>\n<div><span class=\"ms-rteThemeFontFace-2 ms-rteFontSize-2\">Ces \u00e9v\u00e8nements sont possible gr\u00e2ce \u00e0 nos g\u00e9n\u00e9reux partenaire. Afin de sceller et continuer notre \u00e9troite collaboration, nous avons proc\u00e9der \u00e0 la Signature de Contrat de Partenariat entre Nestl\u00e9\u2019s Products (Mtius) Ltd et le Mauritius Sports Council. 10 \u00e9l\u00e8ves ont \u00e9t\u00e9 invit\u00e9s pour une d\u00e9monstration de Zumba Kids sous la houlette de Mme Ariane Man KHIOW CHEING TSANG (Keep Fit Coach) pour encourager les jeunes \u00e0 pratiquer les activit\u00e9s physiques.\u00a0<\/span><\/div>\n<div><span class=\"ms-rteThemeFontFace-2 ms-rteFontSize-2\">\u00a0<\/span><\/div>\n<div><span class=\"ms-rteThemeFontFace-2 ms-rteFontSize-2\">125 \u00e9l\u00e8ves ont particip\u00e9 \u00e0 la remise de r\u00e9compenses.\u00a0<\/span><\/div>\n<div><span class=\"ms-rteThemeFontFace-2 ms-rteFontSize-2\">\u00a0<\/span><\/div>\n<div><span class=\"ms-rteThemeFontFace-2 ms-rteFontSize-2\">Des boissons MILO ont aussi \u00e9t\u00e9 distribu\u00e9es aux \u00e9l\u00e8ves \u00e0 la fin de la c\u00e9r\u00e9monie.\u00a0<\/span><\/div>\n<div><span class=\"ms-rteThemeFontFace-2 ms-rteFontSize-2\">\u00a0<\/span><\/div>\n<div><span class=\"ms-rteThemeFontFace-2 ms-rteFontSize-2\"><a href=\"http:\/\/msc2020.govmu.org\/msc\/?page_id=58\">View Pictures in Media Library<\/a><\/span><\/div>\n<p>[\/vc_column_text][\/vc_column][\/vc_row]<\/p>\n","protected":false},"excerpt":{"rendered":"<p>[vc_row][vc_column][vc_column_text] Milo Young Athlete Award at Adventist College [\/vc_column_text][\/vc_column][\/vc_row][vc_row][vc_column][vc_column_text css=&#8221;.vc_custom_1595934404069{margin-top: 30px !important;}&#8221;]La c\u00e9r\u00e9monie du \u2018Milo Young Athlete Award\u2019 pour les mois de juillet \u00e0 d\u00e9cembre 2018 eut lieu au \u2018Adventist College\u2019 le Jeudi 05 avril 2019 devant un parterre compos\u00e9 des personnalit\u00e9s suivantes :\u00a0 \u2022 Madame Sarah Rawat Currimjee, pr\u00e9sidente du Mauritius Sports Council ;\u00a0 [&hellip;]<\/p>\n","protected":false},"author":1,"featured_media":0,"parent":0,"menu_order":0,"comment_status":"closed","ping_status":"closed","template":"","meta":{"ngg_post_thumbnail":0,"footnotes":""},"class_list":["post-807","page","type-page","status-publish","hentry"],"_links":{"self":[{"href":"https:\/\/mauritiussportscouncil.govmu.org\/mauritiussportscouncil\/index.php?rest_route=\/wp\/v2\/pages\/807","targetHints":{"allow":["GET"]}}],"collection":[{"href":"https:\/\/mauritiussportscouncil.govmu.org\/mauritiussportscouncil\/index.php?rest_route=\/wp\/v2\/pages"}],"about":[{"href":"https:\/\/mauritiussportscouncil.govmu.org\/mauritiussportscouncil\/index.php?rest_route=\/wp\/v2\/types\/page"}],"author":[{"embeddable":true,"href":"https:\/\/mauritiussportscouncil.govmu.org\/mauritiussportscouncil\/index.php?rest_route=\/wp\/v2\/users\/1"}],"replies":[{"embeddable":true,"href":"https:\/\/mauritiussportscouncil.govmu.org\/mauritiussportscouncil\/index.php?rest_route=%2Fwp%2Fv2%2Fcomments&post=807"}],"version-history":[{"count":2,"href":"https:\/\/mauritiussportscouncil.govmu.org\/mauritiussportscouncil\/index.php?rest_route=\/wp\/v2\/pages\/807\/revisions"}],"predecessor-version":[{"id":5294,"href":"https:\/\/mauritiussportscouncil.govmu.org\/mauritiussportscouncil\/index.php?rest_route=\/wp\/v2\/pages\/807\/revisions\/5294"}],"wp:attachment":[{"href":"https:\/\/mauritiussportscouncil.govmu.org\/mauritiussportscouncil\/index.php?rest_route=%2Fwp%2Fv2%2Fmedia&parent=807"}],"curies":[{"name":"wp","href":"https:\/\/api.w.org\/{rel}","templated":true}]}}