{"id":814,"date":"2020-07-20T10:02:04","date_gmt":"2020-07-20T10:02:04","guid":{"rendered":"http:\/\/localhost\/msc\/?page_id=814"},"modified":"2020-07-29T05:24:21","modified_gmt":"2020-07-29T05:24:21","slug":"milo-young-athlete-award-at-loreto-junior-school-vacoas","status":"publish","type":"page","link":"https:\/\/mauritiussportscouncil.govmu.org\/mauritiussportscouncil\/?page_id=814","title":{"rendered":"Milo Young Athlete Award at Loreto Junior School Vacoas"},"content":{"rendered":"<p>[vc_row][vc_column][vc_column_text]<\/p>\n<h3>Milo Young Athlete Award at Loreto Junior School Vacoas<\/h3>\n<p>[\/vc_column_text][\/vc_column][\/vc_row][vc_row][vc_column][vc_column_text css=&#8221;.vc_custom_1596000251164{margin-top: 30px !important;}&#8221;]<span lang=\"FR\">La c\u00e9r\u00e9monie du<b>\u00a0\u2018Milo Young Athlete Award\u2019\u00a0<\/b>pour les mois d\u2019<b>Avril<\/b>\u00a0\u00e0<b>\u00a0Juin 2018\u00a0<\/b>eut lieu \u00e0<b>\u00a0Loreto Junior School de Vacoas<\/b>, le\u00a0<b>Jeudi 30 Aout 2018<\/b>\u00a0devant un parterre compos\u00e9 des personnalit\u00e9s suivantes :<\/span><\/p>\n<div><span lang=\"FR\">\u00a0 \u00a0 \u00b7\u00a0 <\/span><span lang=\"FR\">Monsieur Rangan Jaganathan Parasivam, l\u2019Adjoint Secr\u00e9taire Permanent\u2019 du Minist\u00e8re de la Jeunesse et des Sports, Membre Ex\u00e9cutif du Conseil du MSC et agissant en tant que \u2018Chair Person\u2019 du Mauritius Sports Council ;<\/span><\/div>\n<div>\u00a0 \u00a0 \u00b7\u00a0 Monsieur Erkan Konak, \u2018Country Manager\u2019 de Nestl\u00e9\u2019s Products (Mtius) Ltd;<\/div>\n<div>\u00a0 \u00a0 \u00b7\u00a0 Monsieur Kushal Dinaran, \u2018Category Development Manager\u2019 de Nestl\u00e9\u2019s Products (Mtius) Ltd;<\/div>\n<div>\u00a0 \u00a0 \u00b7\u00a0 Madame Priyanka Puddoo, \u2018Corporate Communication and Public Affairs Executive\u2019 de Nestl\u00e9\u2019s Products (Mtius) Ltd;<\/div>\n<div><span lang=\"FR\">\u00a0 \u00a0 \u00b7\u00a0 <\/span><span lang=\"FR\">La directrice de l\u2019\u00e9cole, Mademoiselle Marielle Rivet ;<\/span><\/div>\n<div><span lang=\"FR\">\u00a0 \u00a0 \u00b7\u00a0 <\/span><span lang=\"FR\">Le Manager de l\u2019\u00e9cole, S\u0153ur Genevi\u00e8ve Maigrot;<\/span><\/div>\n<div><span lang=\"FR\">\u00a0 \u00a0 \u00b7\u00a0 <\/span><span lang=\"FR\">Enseignants et \u00e9l\u00e8ves ;<\/span><\/div>\n<div><span lang=\"FR\">\u00a0 \u00a0 \u00b7\u00a0 <\/span><span lang=\"FR\">Les athl\u00e8tes et parents ;<\/span><\/div>\n<div><span lang=\"FR\">\u00a0 \u00a0 \u00b7\u00a0 <\/span><span lang=\"FR\">Les entraineurs des athl\u00e8tes<\/span><\/div>\n<div><span lang=\"FR\">\u00a0 \u00a0 \u00b7\u00a0 <\/span><span lang=\"FR\">Les membres Ex\u00e9cutifs du Conseil er employ\u00e9s du Mauritius Sports Council <\/span><span lang=\"FR\">et<\/span><\/div>\n<div><span lang=\"FR\">\u00a0 \u00a0 \u00b7\u00a0 <\/span><span lang=\"FR\">Membres de la Presse<\/span><\/div>\n<div><span lang=\"FR\">\u00a0<\/span><\/div>\n<div><span lang=\"FR\">Comme \u00e0 l\u2019accoutum\u00e9\u00a0<b>Nestl\u00e9 Products (Mtius) Ltd<\/b>\u00a0r\u00e9compense les athl\u00e8tes qui ont brill\u00e9 sur le plan r\u00e9gional, national et international, faisant ainsi honneur au pays qui est le n\u00f4tre.<\/span><\/div>\n<div><span lang=\"FR\">\u00a0<\/span><\/div>\n<div><span lang=\"FR\">Le\u00a0<b>\u2018Milo\u00a0Young Athlete Award\u2019,\u00a0<\/b>reconnait, \u00e0 travers leurs performances, les valeurs de nos champions et ainsi, les valorise et les prends comme mod\u00e8le afin d\u2019encourager les jeunes \u00e0 faire du sport d\u00e8s leurs plus jeune \u00e2ge.<\/span><\/div>\n<div><span lang=\"FR\">\u00a0<\/span><\/div>\n<div><b><u><span lang=\"FR\">Les gagnants ont \u00e9t\u00e9 r\u00e9compens\u00e9s comme suit :<\/span><\/u><\/b><\/div>\n<div><span lang=\"FR\">\u00a0 \u00a0 \u00b7\u00a0 <\/span><span lang=\"FR\">Un Troph\u00e9e et un ch\u00e8que de Rs 2,000\/- offerts par le\u00a0<b>Mauritius Sports Council\u00a0;<u><\/u><\/b><\/span><\/div>\n<div><span lang=\"FR\">\u00a0 \u00a0 \u00b7\u00a0 <\/span><span lang=\"FR\">Un Certificat, un \u2018cash prize\u2019 de Rs 2,000\/-, des cadeaux et des produits MILO offerts par la compagnie\u00a0<b>Nestl\u00e9\u2019s Products (Mtius) Ltd<\/b>\u00a0;<b><u><\/u><\/b><\/span><\/div>\n<div><span lang=\"FR\">\u00a0<\/span><\/div>\n<div><span lang=\"FR\">Suite aux discours des dignitaires, un petit quiz fait de questions faisant r\u00e9f\u00e9rence du contenu des discours, a \u00e9t\u00e9 organis\u00e9 ; et des petits cadeaux MILO ont \u00e9t\u00e9 offert \u00e0 3 \u00e9l\u00e8ves ayant bien r\u00e9pondu aux dites questions.<\/span><\/div>\n<div><span lang=\"FR\">\u00a0<\/span><\/div>\n<div><b><u><span lang=\"FR\">Les gagnants sont comme suit:<\/span><\/u><\/b><\/div>\n<div><span lang=\"FR\">\u00a0<\/span><\/div>\n<div><b><span lang=\"FR\">Avril 2018 &#8211; Jake LAM HAU CHING- Tennis<\/span><\/b><\/div>\n<div><span lang=\"FR\">Notre gagnant du mois excelle en Tennis ; il a particip\u00e9 au \u2018National Rose Hill Open\u2019, qui s\u2019est tenu \u00e0 Maurice ou il a rafl\u00e9 2 m\u00e9dailles d\u2019Or\u00a0: une dans la cat\u00e9gorie 14 ans et moins\u00a0et l\u2019autre dans la cat\u00e9gorie 16 ans et moins\u00a0; il a aussi pris part au ITF dans la Cat\u00e9gorie de 14 ans et moins \u2013 Circuit L1, qui s\u2019est tenu au Togo ou il a remport\u00e9 2 m\u00e9dailles d\u2019Or.<\/span><\/div>\n<div><span lang=\"FR\">\u00a0<\/span><\/div>\n<div><b><span lang=\"FR\">Mai 2018- Jake LAM HAU CHING- Tennis<\/span><\/b><\/div>\n<div><span lang=\"FR\">Notre champion du mois, est un Tennis man ; il a particip\u00e9 au \u2018National Rose Hill Open\u2019, qui s\u2019est tenu \u00e0 Maurice ou il a rafl\u00e9 2 m\u00e9dailles d\u2019Or\u00a0: une dans la cat\u00e9gorie 14 ans et moins\u00a0et l\u2019autre dans la cat\u00e9gorie 16 ans et moins\u00a0; il a aussi pris part au ITF \/ Cat\u00e9gorie 14 ans et moins\u00a0\u2013 Circuit L1, qui s\u2019est tenu au Kenya ou il a remport\u00e9 la m\u00e9daille d\u2019Or et une m\u00e9daille d\u2019Argent au IFT \/ Cat\u00e9gorie 14 ans et moins\u00a0\u2013 Circuit L2.<\/span><\/div>\n<div><span lang=\"FR\">\u00a0<\/span><\/div>\n<div><b><span lang=\"FR\">Juin 2018 &#8211; Yuv Harsh PARTHYNAIKOO- Brazilian Jiu Jitsu<\/span><\/b><\/div>\n<div><span lang=\"FR\">Notre champion du mois, pratique l\u2019Art Martial &#8211; le Brazilian Jiu Jitsu ; il a particip\u00e9 au \u2018St Pierre Open Brazilian Jiu Jitsu\u2019 et au \u2018Rose Hill Open Brazilian Jiu Jitsu\u2019 respectivement, tenu \u00e0 Maurice et a remport\u00e9 dans les 2 Tournois : la m\u00e9daille d\u2019Or.<\/span><\/div>\n<div><span lang=\"FR\">\u00a0<\/span><\/div>\n<div><span lang=\"FR\">La Compagnie\u00a0<b>Nestl\u00e9\u2019s Products (Mtius) Ltd<\/b>\u00a0a eu le plaisir d\u2019offrir \u00e0 l\u2019\u00e9tablissement\u00a0:\u00a0<b><i>un ballon de Foot et un ballon de Volley,\u00a0<\/i><\/b>qui ajouteront sans aucun doute du bonheur dans la cour pendant leurs activit\u00e9s sportives.<\/span><\/div>\n<div><span lang=\"FR\">\u00a0<\/span><\/div>\n<div><u><span lang=\"FR\">Les \u00e9l\u00e8ves de la grade 6 ont interpr\u00e9t\u00e9 2 chansons\u00a0:<\/span><\/u><\/div>\n<div><span lang=\"FR\">\u00a0 \u00a0\u00b7\u00a0 <\/span><b><span lang=\"FR\">\u2018LORETO\u2019<\/span><\/b><span lang=\"FR\"> qui est l\u2019hymne de l\u2019Ecole\u00a0<\/span><span lang=\"FR\">Et<\/span><\/div>\n<div><span lang=\"FR\">\u00a0 \u00a0\u00b7\u00a0 <\/span><b><span lang=\"FR\">\u2018THIS IS OUR NATION\u2019<\/span><\/b><\/div>\n<div><i><span lang=\"FR\">(\u00c0 noter que les 2 chansons sont des compositions (paroles et musiques) des professeurs de musiques de l\u2019\u00e9tablissement scolaire.)<\/span><\/i><i><\/i><\/div>\n<div><span lang=\"FR\">\u00a0<\/span><\/div>\n<div><span lang=\"FR\">25 \u00e9l\u00e8ves ont \u00e9t\u00e9 invit\u00e9s pour une d\u00e9monstration de Zumba Kids sous la houlette de Mme Ariane Man KHIOW CHEING TSANG\u00a0<i>(Keep Fit Coach)<\/i>\u00a0pour encourager les jeunes \u00e0 pratiquer les activit\u00e9s physiques.\u00a0<\/span><\/div>\n<div><span lang=\"FR\">\u00a0<\/span><\/div>\n<div><span lang=\"FR\">300 \u00e9l\u00e8ves ont particip\u00e9 \u00e0 la remise de r\u00e9compenses.<br \/>\n<\/span><\/div>\n<div><span lang=\"FR\">\u00a0<\/span><\/div>\n<p><span lang=\"FR\">Des boissons MILO ont aussi \u00e9t\u00e9 distribu\u00e9es aux \u00e9l\u00e8ves \u00e0 la fin de la c\u00e9r\u00e9monie.<\/span><\/p>\n<div><span lang=\"FR\">\u00a0<\/span><\/div>\n<p><a href=\"http:\/\/msc2020.govmu.org\/msc\/?page_id=58\" target=\"_blank\" rel=\"noopener noreferrer\">View Pictures in Media Library<\/a>[\/vc_column_text][\/vc_column][\/vc_row]<\/p>\n","protected":false},"excerpt":{"rendered":"<p>[vc_row][vc_column][vc_column_text] Milo Young Athlete Award at Loreto Junior School Vacoas [\/vc_column_text][\/vc_column][\/vc_row][vc_row][vc_column][vc_column_text css=&#8221;.vc_custom_1596000251164{margin-top: 30px !important;}&#8221;]La c\u00e9r\u00e9monie du\u00a0\u2018Milo Young Athlete Award\u2019\u00a0pour les mois d\u2019Avril\u00a0\u00e0\u00a0Juin 2018\u00a0eut lieu \u00e0\u00a0Loreto Junior School de Vacoas, le\u00a0Jeudi 30 Aout 2018\u00a0devant un parterre compos\u00e9 des personnalit\u00e9s suivantes : \u00a0 \u00a0 \u00b7\u00a0 Monsieur Rangan Jaganathan Parasivam, l\u2019Adjoint Secr\u00e9taire Permanent\u2019 du Minist\u00e8re de la Jeunesse [&hellip;]<\/p>\n","protected":false},"author":1,"featured_media":0,"parent":0,"menu_order":0,"comment_status":"closed","ping_status":"closed","template":"","meta":{"ngg_post_thumbnail":0,"footnotes":""},"class_list":["post-814","page","type-page","status-publish","hentry"],"_links":{"self":[{"href":"https:\/\/mauritiussportscouncil.govmu.org\/mauritiussportscouncil\/index.php?rest_route=\/wp\/v2\/pages\/814","targetHints":{"allow":["GET"]}}],"collection":[{"href":"https:\/\/mauritiussportscouncil.govmu.org\/mauritiussportscouncil\/index.php?rest_route=\/wp\/v2\/pages"}],"about":[{"href":"https:\/\/mauritiussportscouncil.govmu.org\/mauritiussportscouncil\/index.php?rest_route=\/wp\/v2\/types\/page"}],"author":[{"embeddable":true,"href":"https:\/\/mauritiussportscouncil.govmu.org\/mauritiussportscouncil\/index.php?rest_route=\/wp\/v2\/users\/1"}],"replies":[{"embeddable":true,"href":"https:\/\/mauritiussportscouncil.govmu.org\/mauritiussportscouncil\/index.php?rest_route=%2Fwp%2Fv2%2Fcomments&post=814"}],"version-history":[{"count":2,"href":"https:\/\/mauritiussportscouncil.govmu.org\/mauritiussportscouncil\/index.php?rest_route=\/wp\/v2\/pages\/814\/revisions"}],"predecessor-version":[{"id":5295,"href":"https:\/\/mauritiussportscouncil.govmu.org\/mauritiussportscouncil\/index.php?rest_route=\/wp\/v2\/pages\/814\/revisions\/5295"}],"wp:attachment":[{"href":"https:\/\/mauritiussportscouncil.govmu.org\/mauritiussportscouncil\/index.php?rest_route=%2Fwp%2Fv2%2Fmedia&parent=814"}],"curies":[{"name":"wp","href":"https:\/\/api.w.org\/{rel}","templated":true}]}}