{"id":821,"date":"2020-07-20T10:02:08","date_gmt":"2020-07-20T10:02:08","guid":{"rendered":"http:\/\/localhost\/msc\/?page_id=821"},"modified":"2020-07-29T05:34:21","modified_gmt":"2020-07-29T05:34:21","slug":"milo-young-athlete-award-at-loreto-junior-school","status":"publish","type":"page","link":"https:\/\/mauritiussportscouncil.govmu.org\/mauritiussportscouncil\/?page_id=821","title":{"rendered":"Milo Young Athlete Award at Loreto Junior School"},"content":{"rendered":"<p>[vc_row][vc_column][vc_column_text]<\/p>\n<h3>Milo Young Athlete Award at Loreto Junior School<\/h3>\n<p>[\/vc_column_text][\/vc_column][\/vc_row][vc_row][vc_column][vc_column_text css=&#8221;.vc_custom_1596000851727{margin-top: 30px !important;}&#8221;]<\/p>\n<div><span lang=\"FR\">La c\u00e9r\u00e9monie du \u2018Milo Young AthleteAward\u2019 pour les mois d\u2019octobre\u00a0<\/span><span lang=\"FR\">\u00e0 d\u00e9cembre 2017 et janvier \u00e0 mars 2018<\/span><span lang=\"FR\">\u00a0eut lieu \u00e0 Loreto Junior School \u00e0Curepipe, jeudi 14 juin2018 devant un parterre compos\u00e9 des personnalit\u00e9s suivantes:<\/span><\/div>\n<div><span lang=\"FR\">\u00a0 \u00a0 \u00b7\u00a0 <\/span><span lang=\"FR\">Monsieur Mohammad Shah Mehmeel SALAMAT, Membre Ex\u00e9cutif et agissant en tant que \u2018Chairperson\u2019 du Mauritius Sports Council\u00a0;<\/span><\/div>\n<div><span lang=\"FR\">\u00a0 \u00a0 \u00b7\u00a0 <\/span><span lang=\"FR\">Les membres du Mauritius Sports Council et staff;<\/span><\/div>\n<div><span lang=\"FR\">\u00a0 \u00a0 \u00b7\u00a0 <\/span><span lang=\"FR\">Monsieur ErkanKONAK , \u2018Country Manager\u2019 de Nestl\u00e9\u2019sProducts (Mtius) Lt\u00e9e\u00a0;<\/span><\/div>\n<div><span lang=\"FR\">\u00a0 \u00a0 <\/span>\u00b7<span lang=\"FR\">\u00a0 <\/span>Monsieur Kushal Dinaran, \u2018Category Development Manager\u2019 de Nestl\u00e9\u2019s Products (Mtius) Ltd ;<\/div>\n<div><span lang=\"FR\">\u00a0 \u00a0 <\/span>\u00b7<span lang=\"FR\">\u00a0 <\/span>Madame Priyanka Puddoo, \u2018Corporate Communication and Public Affairs Executive\u2019 de\u00a0\u00a0Nestl\u00e9\u2019s Products (Mtius) Ltd;<\/div>\n<div><span lang=\"FR\">\u00a0 \u00a0 \u00b7\u00a0 <\/span><span lang=\"FR\">Madame Jacqueline Raboude, maitresse d\u2019Ecole\u00a0;<\/span><\/div>\n<div><span lang=\"FR\">\u00a0 \u00a0 \u00b7\u00a0 <\/span><span lang=\"FR\">S\u0153ur Th\u00e9r\u00e8se de l\u2019Ecole;<\/span><\/div>\n<div><span lang=\"FR\">\u00a0 \u00a0 \u00b7\u00a0 <\/span><span lang=\"FR\">enseignants et \u00e9l\u00e8ves;<\/span><\/div>\n<div><span lang=\"FR\">\u00a0 \u00a0 \u00b7\u00a0 <\/span><span lang=\"FR\">Les athl\u00e8tes et parents ;<\/span><\/div>\n<div><span lang=\"FR\">\u00a0 \u00a0 \u00b7\u00a0 <\/span><span lang=\"FR\">Les entraineurs des athl\u00e8tes ;<\/span><\/div>\n<div><span lang=\"FR\">\u00a0 \u00a0 \u00b7\u00a0 <\/span><span lang=\"FR\">et membres de la presse<\/span><\/div>\n<div><span lang=\"FR\">\u00a0<\/span><\/div>\n<div>\n<p><span lang=\"FR\">Il est maintenant coutume de r\u00e9compenser les athl\u00e8tes qui ont brill\u00e9 sur le plan r\u00e9gional, national et international, faisant ainsi honneur au pays qui est le notre. Le \u2018Milo\u00a0 Young AthleteAward\u2019, reconnait, a travers leurs performances, les valeurs de nos champions et ainsi, les valorise et les prends comme mod\u00e8le afin d\u2019encourager les jeunes \u00e0 faire du sport d\u00e8s leurs plus jeune \u00e2ge.<\/span><\/p>\n<p>Les gagnants ont \u00e9t\u00e9 r\u00e9compens\u00e9s comme suit:<\/p>\n<p>\u2022\u00a0un &#8220;shield&#8221; et un ch\u00e8que de Rs 2,000\/- offerts par le Mauritius Sports Council ;<br \/>\n\u2022\u00a0un certificat, un \u2018cash prize\u2019 de Rs 2,000\/-, des cadeaux et des produits Milo offerts par la compagnie Nestl\u00e9\u2019sProducts (Mtius) Ltd ;<\/p>\n<p>&nbsp;<\/p>\n<\/div>\n<div><b><span lang=\"FR\">Octobre 2017 &#8211; Jenna ROUSSET- Equitation<\/span><\/b><\/div>\n<div><span lang=\"FR\">Notre gagnante du mois excelle en Equitation; elle a particip\u00e9 au\u00a0;National League Showjumping\u00a0 2017-2018\u2019 qui s\u2019est tenu \u00e0 Maurice ou elle a rafl\u00e9 la m\u00e9daille d\u2019or. Elle a \u00e9t\u00e9 repr\u00e9sent\u00e9e par son entraineur.<\/span><\/div>\n<div><span lang=\"FR\">\u00a0<\/span><\/div>\n<div><b><span lang=\"FR\">Novembre 2017- Malika RAMASAMY- Tennis<\/span><\/b><\/div>\n<div><span lang=\"FR\">Notre championne du mois, est une joueuse de Tennis; elle a particip\u00e9 \u00e0 \u2018 l\u2019UBP NationalChampionship\u2019 qui s\u2019est tenu \u00e0 Maurice et a remport\u00e9 la m\u00e9daille d\u2019argent. <\/span><span lang=\"FR\">Elle a aussi particip\u00e9 au \u2018 ITF CAT 14 JUNIOR CIRCUIT MAURITIUS 1\u2019, en novembre 2017, ou elle a eu la m\u00e9daille d\u2019argent aussi.<\/span><\/div>\n<div><span lang=\"FR\">\u00a0<\/span><\/div>\n<div><b><span lang=\"FR\">D\u00e9cembre 2017- S\u00e9bastien LIU CHUNG MIN- Tennis<\/span><\/b><\/div>\n<div><span lang=\"FR\">Notre champion du mois, est un joueur de Tennis; il a particip\u00e9 au \u2018WILSON OPEN U16 et U18\u2019 respectivement, tenu \u00e0 Maurice et a remport\u00e9 dans les 2 cat\u00e9gories la m\u00e9daille d\u2019or.<\/span><\/div>\n<div><span lang=\"FR\">\u00a0<\/span><\/div>\n<div><b><span lang=\"FR\">Janvier 2018- Christopher FOK KOW- Tennis<\/span><\/b><\/div>\n<div><span lang=\"FR\">Notre champion du mois, est un joueur de Tennis; il a particip\u00e9 au \u2018SouthernAfrican Junior Championship\u2019 tenu au Gaborone, Botswana. Il y avait 13 pays participant et notre champion a rafl\u00e9 la m\u00e9daille d\u2019or en simple. Il a \u00e9t\u00e9 repr\u00e9sent\u00e9 par sa m\u00e8re.<\/span><\/div>\n<div><span lang=\"FR\">\u00a0<\/span><\/div>\n<div><b><span lang=\"FR\">F\u00e9vrier 2018- Mohammad Mussab JAUNBOCUS<\/span><\/b><span lang=\"FR\">&#8211;\u00a0<b>Brazilian Jiu Jitsu<\/b><\/span><\/div>\n<div><span lang=\"FR\">Le gagnant du mois de f\u00e9vrierpratique leBrazilian Jiu Jitsu. Il a particip\u00e9 dans la Comp\u00e9tition, le \u2018OPEN AFRICA 2018\u2019 qui a eu lieu \u00e0 Maurice en f\u00e9vrier dernier. 20 pays ont particip\u00e9 et notre champion a eu la plus haute marche du podium.<\/span><\/div>\n<div><span lang=\"FR\">\u00a0<\/span><\/div>\n<div><b><span lang=\"FR\">Mars 2018- Khelwin JHUBOO- Halterophilie<\/span><\/b><\/div>\n<div><span lang=\"FR\">Notre laur\u00e9at du mois de mars, est un Halt\u00e9rophile, tr\u00e8s prometteur; il a particip\u00e9 au \u2018Youth AfricanChampionship\u2019, qui s\u2019est tenu en Egypt. Il y avait 13 pays participant et notre champion s\u2019est distingu\u00e9 en remportant 3 m\u00e9dailles d\u2019Argent dans la cat\u00e9gorie Jeune des plus de 94 kilos; Il a aussi remport\u00e9, dans la cat\u00e9gorie Junior des moins de 105 Kilos: 3 m\u00e9dailles de Bronze.<\/span><\/div>\n<div><span lang=\"FR\">\u00a0<\/span><\/div>\n<div><span lang=\"FR\">La Compagnie Nestl\u00e9\u2019sProducts (Mtius) Ltd a eu le plaisir d\u2019offrir \u00e0 l\u2019\u00e9tablissement des \u00e9quipements sportifs, qui seront mis \u00e0 la disposition des \u00e9l\u00e8ves.<\/span><\/div>\n<div><span lang=\"FR\">\u00a0<\/span><\/div>\n<div><span lang=\"FR\"><b>Interludes:\u00a0\u00a0\u00a0 \u00a0<\/b><\/span><\/div>\n<div><span lang=\"FR\">\u00a0 \u00a0 \u00b7\u00a0 <\/span><span lang=\"FR\">Un num\u00e9ro de PERCUSSION pr\u00e9sent\u00e9 par un groupe d\u2019\u00e9l\u00e8ves\u00a0;<\/span><\/div>\n<div><span lang=\"FR\">\u00a0 \u00a0 \u00b7\u00a0 <\/span><span lang=\"FR\">Unchant intitul\u00e9 \u2018ADIEMUS\u2019 interpr\u00e9t\u00e9 par un groupe d\u2019\u00e9l\u00e8ves\u00a0;<\/span><\/div>\n<div><span lang=\"FR\">\u00a0 \u00a0 \u00b7\u00a0 <\/span><span lang=\"FR\">Un poeme intitul\u00e9 \u2018L\u2019UNIT\u00c9\u2019 r\u00e9cit\u00e9 par un group d\u2019\u00e9l\u00e8ves.<\/span><\/div>\n<div><span lang=\"FR\"><br \/>\n50 \u00e9l\u00e8ves ont \u00e9t\u00e9 invit\u00e9s \u00e0 ex\u00e9cuter des danses (Zumba Kids) sous la houlette de Ariane Man KHIOW CHEING TSANG(Keep Fit Coach) pour encourager les jeunes \u00e0 pratiquer les activit\u00e9s physiques.\u00a0<\/span><\/div>\n<div><span lang=\"FR\">\u00a0<\/span><\/div>\n<div>\n<p><span lang=\"FR\">425 \u00e9l\u00e8ves ont particip\u00e9 \u00e0 la remise des r\u00e9compenses.<\/span><\/p>\n<p>Les boissons Milo ont aussi \u00e9t\u00e9 distribu\u00e9es aux \u00e9l\u00e8ves \u00e0 la fin de la c\u00e9r\u00e9monie.<\/p>\n<p><a href=\"http:\/\/msc2020.govmu.org\/msc\/?page_id=58\" target=\"_blank\" rel=\"noopener noreferrer\">View Pictures in Media Library<\/a><\/p>\n<\/div>\n<p>[\/vc_column_text][\/vc_column][\/vc_row]<\/p>\n","protected":false},"excerpt":{"rendered":"<p>[vc_row][vc_column][vc_column_text] Milo Young Athlete Award at Loreto Junior School [\/vc_column_text][\/vc_column][\/vc_row][vc_row][vc_column][vc_column_text css=&#8221;.vc_custom_1596000851727{margin-top: 30px !important;}&#8221;] La c\u00e9r\u00e9monie du \u2018Milo Young AthleteAward\u2019 pour les mois d\u2019octobre\u00a0\u00e0 d\u00e9cembre 2017 et janvier \u00e0 mars 2018\u00a0eut lieu \u00e0 Loreto Junior School \u00e0Curepipe, jeudi 14 juin2018 devant un parterre compos\u00e9 des personnalit\u00e9s suivantes: \u00a0 \u00a0 \u00b7\u00a0 Monsieur Mohammad Shah Mehmeel SALAMAT, Membre [&hellip;]<\/p>\n","protected":false},"author":1,"featured_media":0,"parent":0,"menu_order":0,"comment_status":"closed","ping_status":"closed","template":"","meta":{"ngg_post_thumbnail":0,"footnotes":""},"class_list":["post-821","page","type-page","status-publish","hentry"],"_links":{"self":[{"href":"https:\/\/mauritiussportscouncil.govmu.org\/mauritiussportscouncil\/index.php?rest_route=\/wp\/v2\/pages\/821","targetHints":{"allow":["GET"]}}],"collection":[{"href":"https:\/\/mauritiussportscouncil.govmu.org\/mauritiussportscouncil\/index.php?rest_route=\/wp\/v2\/pages"}],"about":[{"href":"https:\/\/mauritiussportscouncil.govmu.org\/mauritiussportscouncil\/index.php?rest_route=\/wp\/v2\/types\/page"}],"author":[{"embeddable":true,"href":"https:\/\/mauritiussportscouncil.govmu.org\/mauritiussportscouncil\/index.php?rest_route=\/wp\/v2\/users\/1"}],"replies":[{"embeddable":true,"href":"https:\/\/mauritiussportscouncil.govmu.org\/mauritiussportscouncil\/index.php?rest_route=%2Fwp%2Fv2%2Fcomments&post=821"}],"version-history":[{"count":3,"href":"https:\/\/mauritiussportscouncil.govmu.org\/mauritiussportscouncil\/index.php?rest_route=\/wp\/v2\/pages\/821\/revisions"}],"predecessor-version":[{"id":5297,"href":"https:\/\/mauritiussportscouncil.govmu.org\/mauritiussportscouncil\/index.php?rest_route=\/wp\/v2\/pages\/821\/revisions\/5297"}],"wp:attachment":[{"href":"https:\/\/mauritiussportscouncil.govmu.org\/mauritiussportscouncil\/index.php?rest_route=%2Fwp%2Fv2%2Fmedia&parent=821"}],"curies":[{"name":"wp","href":"https:\/\/api.w.org\/{rel}","templated":true}]}}