{"id":828,"date":"2020-07-20T10:02:13","date_gmt":"2020-07-20T10:02:13","guid":{"rendered":"http:\/\/localhost\/msc\/?page_id=828"},"modified":"2020-07-29T05:55:08","modified_gmt":"2020-07-29T05:55:08","slug":"milo-young-athlete-award-at-sookdeo-bissoondoyal-government-school","status":"publish","type":"page","link":"https:\/\/mauritiussportscouncil.govmu.org\/mauritiussportscouncil\/?page_id=828","title":{"rendered":"Milo Young Athlete Award at Sookdeo Bissoondoyal Government School"},"content":{"rendered":"<p>[vc_row][vc_column][vc_column_text]<\/p>\n<h3 class=\"FL\">Milo Young Athlete Award at Sookdeo Bissoondoyal Government School<\/h3>\n<p>[\/vc_column_text][\/vc_column][\/vc_row][vc_row][vc_column][vc_column_text css=&#8221;.vc_custom_1596002101419{margin-top: 30px !important;}&#8221;]La c\u00e9r\u00e9monie du \u2018Milo Young Athlete Award\u2019 pour les mois d\u2019avril \u00e0 septembre 2017 eut lieu \u00e0 l\u2019\u00e9cole primaire de Soodeo Bissoondoyal \u00e0 Lallmatie, mardi 31 octobre 2017 devant un parterre compos\u00e9 des personnalit\u00e9s suivantes:<br \/>\n\u2022\u00a0Madame Sarah Rawat Currimjee, pr\u00e9sidente du Mauritius Sports Council, membres et staff;<br \/>\n\u2022\u00a0Monsieur\u00a0 Kamal Jagun, \u2018Interim Country Manager\u2019 de Nestl\u00e9 Products (Mtius) Ltd;<br \/>\n\u2022\u00a0Monsieur Kushal Dinaran, \u2018Category Development Manager\u2019 de Nestl\u00e9 Products (Mtius) Ltd ;<br \/>\n\u2022\u00a0Madame Priyanka Puddoo, \u2018Corporate Communication and Public Affairs Executive\u2019 de\u00a0\u00a0 Nestl\u00e9 Products (Mtius) Ltd;<br \/>\n\u2022\u00a0Monsieur Neerunjun Sharma Nundah, pr\u00e9sident du \u2018Parent Teachers Association\u2019 et membres ;<br \/>\n\u2022\u00a0Monsieur Premchand Jeetun, maitre d\u2019\u00e9cole;<br \/>\n\u2022\u00a0Monsieur Hemraz Booluck, assistant maitre d\u2019\u00e9cole ;<br \/>\n\u2022\u00a0Monsieur Oumashankar Ramsaha, assistant maitre d\u2019\u00e9cole ;<br \/>\n\u2022\u00a0enseignants et \u00e9l\u00e8ves;<br \/>\n\u2022\u00a0Les athl\u00e8tes et parents ;<br \/>\n\u2022\u00a0Les entraineurs des athl\u00e8tes ;<br \/>\n\u2022\u00a0et membres de la presse<\/p>\n<p>Il est maintenant coutume de r\u00e9compenser les athl\u00e8tes qui ont brill\u00e9 sur le plan national et international, faisant ainsi honneur au pays qui est le notre. Le \u2018Milo\u00a0 Young Athlete Award\u2019, reconnait, a travers leurs performances, les valeurs de nos champions et ainsi, les valorise et les prends comme mod\u00e8le afin d\u2019encourager les jeunes \u00e0 faire du sport d\u00e8s leurs plus jeune \u00e2ge.<\/p>\n<p>Les gagnants ont \u00e9t\u00e9 r\u00e9compens\u00e9s comme suit:<br \/>\n\u2022\u00a0un &#8220;shield&#8221; et un ch\u00e8que de Rs 2,000\/- offerts par le Mauritius Sports Council ;<br \/>\n\u2022\u00a0un certificat, un cheque de Rs 2,000\/-, des cadeaux et des produits Milo offerts par la compagnie Nestl\u00e9 Products (Mtius) Ltd ;<\/p>\n<p><strong>Avril 2017- Karan Linesh GOPALL (Brazilian Jiu Jitsu)<\/strong><br \/>\n\u2022 M\u00e9daill\u00e9 d\u2019or \u00e0 \u2019L\u2019Open Vacoas Phoenix Tournament\u2019<br \/>\n\u2022 2 m\u00e9dailles d\u2019or \u00e0\u00a0 \u2018Silaf Open Africa Championship\u2019<\/p>\n<p><strong>Mai 2017- Jake LAM HAU CHING (Tennis)<\/strong><br \/>\n\u2022 M\u00e9daill\u00e9 d\u2019or en simple U16 et une m\u00e9daille d\u2019argent en simple U14 au \u2018Tennis Mauritius Union Open\u2019<\/p>\n<p><strong>Juin 2017 \u2013 Jos\u00e9phine JOYCE (Athl\u00e9tisme)<\/strong><br \/>\n\u2022 M\u00e9daill\u00e9 d\u2019or en javelot au Meeting Maurice \/ R\u00e9union Minime<\/p>\n<p><strong>Juillet 2017- Wendy IRAM (Halt\u00e9rophilie)<\/strong><br \/>\n\u2022 3 m\u00e9dailles de bronze au \u2018Senior Weightlifting Senior African Championship\u2019<\/p>\n<p><strong>Aout 2017- Yanveersingh JASMIT (Badminton)<\/strong><br \/>\n\u2022 M\u00e9daill\u00e9s d\u2019argent en \u2018Men Singles\u2019 et \u2018Men Doubles\u2019 \/ M\u00e9daill\u00e9 de bronze en \u2018Mixed Doubles\u2019 au \u2018All Africa Championship U15\u2019<\/p>\n<p><strong>Septembre 2017 \u2013 Neel Ryan PARAHOO (Jujitsu)<\/strong><br \/>\n\u2022 M\u00e9daill\u00e9 d\u2019or au \u201914 Balkan Championship U12\u2019<\/p>\n<p>Des \u00e9quipements sportifs ont \u00e9t\u00e9 offerts au maitre d\u2019\u00e9cole par la compagnie\u00a0 Nestl\u00e9\u00a0 Products (Mtius) Ltd.<\/p>\n<p><strong>Interludes:<\/strong><br \/>\nDemonstration de Yoga par une \u00e9l\u00e8ve de Std IV<br \/>\nUn po\u00e8me par les \u00e9l\u00e8ves de std V<br \/>\nUne danse par les \u00e9l\u00e8ves de la cinqui\u00e8me<br \/>\n50 enfants ont \u00e9t\u00e9 invit\u00e9s \u00e0 ex\u00e9cuter des danses (Zumba Kids) sous la houlette de Ruby Ramsamy (Keep Fit Coach) pour encourager les jeunes \u00e0 pratiquer les activit\u00e9s physiques.<\/p>\n<p>Les boissons Milo ont aussi \u00e9t\u00e9 distribu\u00e9es aux \u00e9l\u00e8ves \u00e0 la fin de la c\u00e9r\u00e9monie.<\/p>\n<p><a href=\"http:\/\/msc2020.govmu.org\/msc\/?page_id=58\">View Pictures in Media Library<\/a>[\/vc_column_text][\/vc_column][\/vc_row]<\/p>\n","protected":false},"excerpt":{"rendered":"<p>[vc_row][vc_column][vc_column_text] Milo Young Athlete Award at Sookdeo Bissoondoyal Government School [\/vc_column_text][\/vc_column][\/vc_row][vc_row][vc_column][vc_column_text css=&#8221;.vc_custom_1596002101419{margin-top: 30px !important;}&#8221;]La c\u00e9r\u00e9monie du \u2018Milo Young Athlete Award\u2019 pour les mois d\u2019avril \u00e0 septembre 2017 eut lieu \u00e0 l\u2019\u00e9cole primaire de Soodeo Bissoondoyal \u00e0 Lallmatie, mardi 31 octobre 2017 devant un parterre compos\u00e9 des personnalit\u00e9s suivantes: \u2022\u00a0Madame Sarah Rawat Currimjee, pr\u00e9sidente du Mauritius [&hellip;]<\/p>\n","protected":false},"author":1,"featured_media":0,"parent":0,"menu_order":0,"comment_status":"closed","ping_status":"closed","template":"","meta":{"ngg_post_thumbnail":0,"footnotes":""},"class_list":["post-828","page","type-page","status-publish","hentry"],"_links":{"self":[{"href":"https:\/\/mauritiussportscouncil.govmu.org\/mauritiussportscouncil\/index.php?rest_route=\/wp\/v2\/pages\/828","targetHints":{"allow":["GET"]}}],"collection":[{"href":"https:\/\/mauritiussportscouncil.govmu.org\/mauritiussportscouncil\/index.php?rest_route=\/wp\/v2\/pages"}],"about":[{"href":"https:\/\/mauritiussportscouncil.govmu.org\/mauritiussportscouncil\/index.php?rest_route=\/wp\/v2\/types\/page"}],"author":[{"embeddable":true,"href":"https:\/\/mauritiussportscouncil.govmu.org\/mauritiussportscouncil\/index.php?rest_route=\/wp\/v2\/users\/1"}],"replies":[{"embeddable":true,"href":"https:\/\/mauritiussportscouncil.govmu.org\/mauritiussportscouncil\/index.php?rest_route=%2Fwp%2Fv2%2Fcomments&post=828"}],"version-history":[{"count":2,"href":"https:\/\/mauritiussportscouncil.govmu.org\/mauritiussportscouncil\/index.php?rest_route=\/wp\/v2\/pages\/828\/revisions"}],"predecessor-version":[{"id":5298,"href":"https:\/\/mauritiussportscouncil.govmu.org\/mauritiussportscouncil\/index.php?rest_route=\/wp\/v2\/pages\/828\/revisions\/5298"}],"wp:attachment":[{"href":"https:\/\/mauritiussportscouncil.govmu.org\/mauritiussportscouncil\/index.php?rest_route=%2Fwp%2Fv2%2Fmedia&parent=828"}],"curies":[{"name":"wp","href":"https:\/\/api.w.org\/{rel}","templated":true}]}}