{"id":835,"date":"2020-07-20T10:02:17","date_gmt":"2020-07-20T10:02:17","guid":{"rendered":"http:\/\/localhost\/msc\/?page_id=835"},"modified":"2020-07-29T06:23:15","modified_gmt":"2020-07-29T06:23:15","slug":"milo-young-athlete-award-at-grand-bay-government-school","status":"publish","type":"page","link":"https:\/\/mauritiussportscouncil.govmu.org\/mauritiussportscouncil\/?page_id=835","title":{"rendered":"Milo Young Athlete Award at Grand Bay Government School"},"content":{"rendered":"<p>[vc_row][vc_column][vc_column_text]<\/p>\n<h3 class=\"FL\">Milo Young Athlete Award at Grand Bay Government School<\/h3>\n<p>[\/vc_column_text][\/vc_column][\/vc_row][vc_row][vc_column][vc_column_text css=&#8221;.vc_custom_1596003754633{margin-top: 30px !important;}&#8221;]<span lang=\"FR\">La c\u00e9r\u00e9monie du \u2018Milo Young Athlete Award\u2019 pour les mois de janvier \u00e0 mars 2017 eut lieu \u00e0 \u2018Grand Bay Government School\u2019 mardi 06 juin 2017 devant un parterre compos\u00e9 des personnalit\u00e9s suivantes:<\/span><\/p>\n<div>\n<div><span lang=\"FR\">\u00b7\u00a0\u00a0\u00a0\u00a0\u00a0\u00a0\u00a0\u00a0\u00a0<\/span><span lang=\"FR\">Monsieur\u00a0 Allan Brelu Brelu, \u2018Country Manager de Nestl\u00e9 Products (Mtius) Ltd;<\/span><\/div>\n<div><span lang=\"FR\">\u00b7\u00a0\u00a0\u00a0\u00a0\u00a0\u00a0\u00a0\u00a0\u00a0<\/span><span lang=\"FR\">Monsieur Kushal Dinaran, \u2018Category Development Manager\u2019 de Nestl\u00e9 Products (Mtius) Ltd\u00a0;<\/span><\/div>\n<div><span lang=\"FR\">\u00b7\u00a0\u00a0\u00a0\u00a0\u00a0\u00a0\u00a0\u00a0\u00a0<\/span><span lang=\"FR\">Monsieur Alex Monty, maitre d\u2019\u00e9cole;<\/span><\/div>\n<div><span lang=\"FR\">\u00b7\u00a0\u00a0\u00a0\u00a0\u00a0\u00a0\u00a0\u00a0\u00a0<\/span><span lang=\"FR\">Monsieur Deonarain Basant, inspecteur du Zone;<\/span><\/div>\n<div><span lang=\"FR\">\u00b7\u00a0\u00a0\u00a0\u00a0\u00a0\u00a0\u00a0\u00a0\u00a0<\/span><span lang=\"FR\">Madame Annick L\u2019aimable, Pr\u00e9sidente de la \u2018Parent Teachers Association\u2019 et membres;<\/span><\/div>\n<div><span lang=\"FR\">\u00b7\u00a0\u00a0\u00a0\u00a0\u00a0\u00a0\u00a0\u00a0\u00a0<\/span><span lang=\"FR\">Madame Aurore Lacloche, repr\u00e9sentante du minist\u00e8re de L\u2019\u00e9ducation (Zone 1);<\/span><\/div>\n<div><span lang=\"FR\">\u00b7\u00a0\u00a0\u00a0\u00a0\u00a0\u00a0\u00a0\u00a0\u00a0<\/span><span lang=\"FR\">enseignants et \u00e9l\u00e8ves;<\/span><\/div>\n<div><span lang=\"FR\">\u00b7\u00a0\u00a0\u00a0\u00a0\u00a0\u00a0\u00a0\u00a0\u00a0<\/span><span lang=\"FR\">Les athl\u00e8tes\u00a0et parents<\/span><\/div>\n<div><span lang=\"FR\">\u00b7\u00a0\u00a0\u00a0\u00a0\u00a0\u00a0\u00a0\u00a0\u00a0<\/span><span lang=\"FR\">et membres de la presse<\/span><\/div>\n<div><span lang=\"FR\"><br \/>\nIl est maintenant coutume de r\u00e9compenser les athl\u00e8tes qui ont brill\u00e9 sur le plan national et international, faisant ainsi honneur au pays qui est le notre. Le \u2018Milo\u00a0 Young Athlete Award\u2019, reconnait, a travers leurs performances, les valeurs de nos champions et ainsi, les valorise et les prends comme mod\u00e8le afin d\u2019encourager les jeunes \u00e0 faire du sport d\u00e8s leurs plus jeune \u00e2ge.<\/span><\/div>\n<div><span lang=\"FR\">\u00a0<\/span><\/div>\n<div><span lang=\"FR\">Les gagnants ont \u00e9t\u00e9 r\u00e9compens\u00e9s comme suit:<br \/>\n<\/span><\/div>\n<div><span lang=\"FR\">\u00b7\u00a0\u00a0\u00a0\u00a0\u00a0\u00a0\u00a0\u00a0\u00a0<\/span><span lang=\"FR\">un &#8220;shield&#8221; et un ch\u00e8que de Rs 2,000\/- offerts par le Mauritius Sports Council<\/span><\/div>\n<div><span lang=\"FR\">\u00b7\u00a0\u00a0\u00a0\u00a0\u00a0\u00a0\u00a0\u00a0\u00a0<\/span><span lang=\"FR\">un certificat, un cheque de Rs 2,000\/-, des cadeaux et des produits Milo offerts par la compagnie Nestl\u00e9 Products (Mtius) Ltd\u00a0;<\/span><\/div>\n<div><span lang=\"FR\">\u00a0<\/span><\/div>\n<div><\/div>\n<div><b><span lang=\"FR\">Janvier 2017- Sarah INTROCASO (Tennis)<\/span><\/b><\/div>\n<div><span lang=\"FR\">Notre championne du mois de janvier 2017 nous vient de la discipline de Tennis. Elle est m\u00e9daill\u00e9 d\u2019argent\u00a0\u00a0dans le \u2018Tennis Open de Lux Grand Gaube\u2019 et m\u00e9daill\u00e9 d\u2019or dans le \u2018ITF\/CAT Southern African Junior Championship\u2019 en Namibie.<\/span><\/div>\n<div><span lang=\"FR\">\u00a0<\/span><\/div>\n<div><b><span lang=\"FR\">F\u00e9vrier 2017- Anastasia Mars (Athl\u00e9tisme)<\/span><\/b><\/div>\n<div><span lang=\"FR\">Notre championne du mois de f\u00e9vrier 2017 nous vient de l\u2019athl\u00e9tisme. Sa sp\u00e9cialit\u00e9 c\u2019est le Cross Country .Avec de tr\u00e8s bonnes performances dans diverses courses de cross country, c\u2019est un talent sure.<\/span><\/div>\n<div><span lang=\"FR\">\u00a0<\/span><\/div>\n<div><b><span lang=\"FR\">Mars 2017- Ervin Moorooghen (Athl\u00e9tisme) &#8211; repr\u00e9sent\u00e9 par Monsieur Nishiraj Jhegadoo, entraineur national\u00a0 et membre de la federation d\u2019athl\u00e9tisme<\/span><\/b><\/div>\n<div><span lang=\"FR\">Notre gagnant nous vient de la discipline de l\u2019athl\u00e9tisme. Il a fait premier dans le \u2018Youth Combined Events\u2019 (en Quadrathlon). D\u00e9di\u00e9, disciplin\u00e9 et travailleur, il progresse sur tous les niveaux.\u00a0<\/span><\/div>\n<div><i><span lang=\"FR\">\u00a0<\/span><\/i><\/div>\n<div><span lang=\"FR\">Des \u00e9quipements sportifs ont \u00e9t\u00e9 offerts au maitre d\u2019\u00e9cole par la compagnie\u00a0 Nestl\u00e9\u00a0 Products (Mtius) Ltd.\u00a0<\/span><\/div>\n<div><span lang=\"FR\">\u00a0<\/span><\/div>\n<div><b><span lang=\"FR\">Interludes:<\/span><\/b><span lang=\"FR\">\u00a0\u00a0\u00a0\u00a0\u00a0<\/span><\/div>\n<div><span lang=\"FR\">Une histoire racont\u00e9e par les \u00e9l\u00e8ves de la cinqui\u00e8me<\/span><\/div>\n<div><span lang=\"FR\">Une danse interpr\u00e9t\u00e9e par les \u00e9l\u00e8ves de la sixi\u00e8me<\/span><\/div>\n<div><span lang=\"FR\">Un \u2018slam\u2019 interpr\u00e9t\u00e9 par les \u00e9l\u00e8ves de la quatri\u00e8me<\/span><\/div>\n<div><span lang=\"FR\">\u00a0<\/span><\/div>\n<div><span lang=\"FR\">50 enfants ont \u00e9t\u00e9 invit\u00e9s \u00e0 ex\u00e9cuter des danses (Zumba Kids) sous la houlette de Mehzabeen Goolamgoskhan (Keep Fit Coach) pour encourager les jeunes \u00e0 pratiquer les activit\u00e9s physiques. \u00a0<\/span><\/div>\n<div><span lang=\"FR\">\u00a0<\/span><\/div>\n<div><span lang=\"FR\">Les boissons Milo ont aussi \u00e9t\u00e9 distribu\u00e9es aux \u00e9l\u00e8ves \u00e0 la fin de la c\u00e9r\u00e9monie.<\/span><\/div>\n<div><span lang=\"FR\">\u00a0<\/span><\/div>\n<div><span lang=\"FR\"><a href=\"http:\/\/msc2020.govmu.org\/msc\/?page_id=58\">View Pictures in Media Library<\/a><\/span><\/div>\n<\/div>\n<p>[\/vc_column_text][\/vc_column][\/vc_row]<\/p>\n","protected":false},"excerpt":{"rendered":"<p>[vc_row][vc_column][vc_column_text] Milo Young Athlete Award at Grand Bay Government School [\/vc_column_text][\/vc_column][\/vc_row][vc_row][vc_column][vc_column_text css=&#8221;.vc_custom_1596003754633{margin-top: 30px !important;}&#8221;]La c\u00e9r\u00e9monie du \u2018Milo Young Athlete Award\u2019 pour les mois de janvier \u00e0 mars 2017 eut lieu \u00e0 \u2018Grand Bay Government School\u2019 mardi 06 juin 2017 devant un parterre compos\u00e9 des personnalit\u00e9s suivantes: \u00b7\u00a0\u00a0\u00a0\u00a0\u00a0\u00a0\u00a0\u00a0\u00a0Monsieur\u00a0 Allan Brelu Brelu, \u2018Country Manager de Nestl\u00e9 Products [&hellip;]<\/p>\n","protected":false},"author":1,"featured_media":0,"parent":0,"menu_order":0,"comment_status":"closed","ping_status":"closed","template":"","meta":{"ngg_post_thumbnail":0,"footnotes":""},"class_list":["post-835","page","type-page","status-publish","hentry"],"_links":{"self":[{"href":"https:\/\/mauritiussportscouncil.govmu.org\/mauritiussportscouncil\/index.php?rest_route=\/wp\/v2\/pages\/835","targetHints":{"allow":["GET"]}}],"collection":[{"href":"https:\/\/mauritiussportscouncil.govmu.org\/mauritiussportscouncil\/index.php?rest_route=\/wp\/v2\/pages"}],"about":[{"href":"https:\/\/mauritiussportscouncil.govmu.org\/mauritiussportscouncil\/index.php?rest_route=\/wp\/v2\/types\/page"}],"author":[{"embeddable":true,"href":"https:\/\/mauritiussportscouncil.govmu.org\/mauritiussportscouncil\/index.php?rest_route=\/wp\/v2\/users\/1"}],"replies":[{"embeddable":true,"href":"https:\/\/mauritiussportscouncil.govmu.org\/mauritiussportscouncil\/index.php?rest_route=%2Fwp%2Fv2%2Fcomments&post=835"}],"version-history":[{"count":2,"href":"https:\/\/mauritiussportscouncil.govmu.org\/mauritiussportscouncil\/index.php?rest_route=\/wp\/v2\/pages\/835\/revisions"}],"predecessor-version":[{"id":5299,"href":"https:\/\/mauritiussportscouncil.govmu.org\/mauritiussportscouncil\/index.php?rest_route=\/wp\/v2\/pages\/835\/revisions\/5299"}],"wp:attachment":[{"href":"https:\/\/mauritiussportscouncil.govmu.org\/mauritiussportscouncil\/index.php?rest_route=%2Fwp%2Fv2%2Fmedia&parent=835"}],"curies":[{"name":"wp","href":"https:\/\/api.w.org\/{rel}","templated":true}]}}