{"id":940,"date":"2020-07-20T10:12:43","date_gmt":"2020-07-20T10:12:43","guid":{"rendered":"http:\/\/localhost\/msc\/?page_id=940"},"modified":"2020-07-29T06:42:43","modified_gmt":"2020-07-29T06:42:43","slug":"milo-young-athlete-award-at-notre-dame-de-la-paix-rca-school","status":"publish","type":"page","link":"https:\/\/mauritiussportscouncil.govmu.org\/mauritiussportscouncil\/?page_id=940","title":{"rendered":"Milo Young Athlete Award at Notre Dame de la Paix RCA School"},"content":{"rendered":"<p>[vc_row][vc_column][vc_column_text]<\/p>\n<h3>Milo Young Athlete Award at Notre Dame de la Paix RCA School<\/h3>\n<p>[\/vc_column_text][\/vc_column][\/vc_row][vc_row][vc_column][vc_column_text css=&#8221;.vc_custom_1596004954013{margin-top: 30px !important;}&#8221;]<\/p>\n<div><span lang=\"FR\">La c\u00e9r\u00e9monie du \u2018Milo Young Athlete Award\u2019 pour les mois d\u2019octobre \u00e0 d\u00e9cembre 2016 eut lieu \u00e0 \u2018Notre Dame de la Paix RCA School\u2019, vendredi 03 f\u00e9vrier 2017 devant un parterre compos\u00e9 des personnalit\u00e9s suivantes:<\/span><\/div>\n<div><span lang=\"FR\">\u00b7\u00a0\u00a0\u00a0\u00a0\u00a0\u00a0\u00a0\u00a0\u00a0<\/span><span lang=\"FR\">Madame Sarah Rawat Currimjee, Pr\u00e9sidente du Mauritius Sports Council;<\/span><\/div>\n<div><span lang=\"FR\">\u00b7\u00a0\u00a0\u00a0\u00a0\u00a0\u00a0\u00a0\u00a0\u00a0<\/span><span lang=\"FR\">Monsieur\u00a0 Denis Cheong, \u2018Country Controller, de Nestl\u00e9 Products (Mtius) Ltd\u00a0;<\/span><\/div>\n<div><span lang=\"FR\">\u00b7\u00a0\u00a0\u00a0\u00a0\u00a0\u00a0\u00a0\u00a0\u00a0<\/span><span lang=\"FR\">Monsieur Kushal Dinaran, \u2018Category Development Manager\u2019 de Nestl\u00e9 Products (Mtius) Ltd\u00a0;<\/span><\/div>\n<div><span lang=\"FR\">\u00b7\u00a0\u00a0\u00a0\u00a0\u00a0\u00a0\u00a0\u00a0\u00a0<\/span><span lang=\"FR\">Madame Marie Noel Florian, la maitresse d\u2019\u00e9cole, enseignants et \u00e9l\u00e8ves\u00a0;<\/span><\/div>\n<div><span lang=\"FR\">\u00b7\u00a0\u00a0\u00a0\u00a0\u00a0\u00a0\u00a0\u00a0\u00a0<\/span><span lang=\"FR\">Les athl\u00e8tes\u00a0et parents et membres de la presse\u00a0;<\/span><\/div>\n<div><span lang=\"FR\"><br \/>\nIl est maintenant coutume de r\u00e9compenser les athl\u00e8tes qui ont brill\u00e9 sur le plan national et international, faisant ainsi honneur au pays qui est le notre. Le \u2018Milo\u00a0 Young Athlete Award\u2019, reconnait, a travers leurs performances, les valeurs de nos champions et ainsi, les valorise et les prends comme mod\u00e8le afin d\u2019encourager les jeunes \u00e0 faire du sport d\u00e8s leurs plus jeune \u00e2ge.<\/span><\/div>\n<div><span lang=\"FR\">\u00a0<\/span><\/div>\n<div><span lang=\"FR\">Les gagnants ont \u00e9t\u00e9 r\u00e9compens\u00e9s comme suit:<br \/>\n<\/span><\/div>\n<div><span lang=\"FR\">\u00b7\u00a0\u00a0\u00a0\u00a0\u00a0\u00a0\u00a0\u00a0\u00a0<\/span><span lang=\"FR\">un &#8220;shield&#8221; et un ch\u00e8que de Rs 2,000\/- offerts par le Mauritius Sports Council<\/span><\/div>\n<div><span lang=\"FR\">\u00b7\u00a0\u00a0\u00a0\u00a0\u00a0\u00a0\u00a0\u00a0\u00a0<\/span><span lang=\"FR\">un certificat, un cheque de Rs 2,000\/-, des cadeaux et des produits Milo offerts par la compagnie Nestl\u00e9 Products (Mtius) Ltd\u00a0;<\/span><\/div>\n<div><span lang=\"FR\">\u00a0<\/span><\/div>\n<div><b><i><span lang=\"FR\">Octobre 2016- \u00a0<\/span><\/i><\/b><b><span lang=\"FR\">Ketty LENT\u00a0<i>(Halt\u00e9rophilie)<\/i><\/span><\/b><\/div>\n<div><span lang=\"FR\">Notre championne du mois d\u2019octobre 2016 nous vient de la discipline d\u2019Halt\u00e9rophilie. Elle participa au \u2018Youth Commonwealth Championships\u2019 tenu \u00e0 Penang, Malaisie. Avec 11 pays participants au compteur, elle se distingua en remporta la m\u00e9daille d\u2019argent sur les 5 participants engag\u00e9s. Sa f\u00e9d\u00e9ration la consid\u00e8re comme \u00e9tant \u201cOne of the Most Promising Weightlifters of her generation\u201d, consid\u00e9rant le fait qu\u2019elle remporte des comp\u00e9titions avec des concurrents \u00e9tant plus grande qu\u2019elle de 2 ann\u00e9es\u00a0!<\/span><\/div>\n<div><span lang=\"FR\">\u00a0<\/span><\/div>\n<div><b><i><span lang=\"FR\">Novembre 2016 \u2013<\/span><\/i><\/b><b><span lang=\"FR\">Christopher FOK KOW<\/span><\/b><b><span lang=\"FR\">\u00a0<i>(Tennis)<br \/>\n<\/i><\/span><\/b><span lang=\"FR\">Notre champion du mois de novembre 2016 nous vient du Tennis. Participant au \u2018African 14 years and under Masters\u2019 tenu \u00e0 Nairobi au Kenya, il remporta la comp\u00e9tition sur les 5 pays participants et 8 participants inscrits.<\/span><\/div>\n<div><span lang=\"FR\">\u00a0<\/span><\/div>\n<div><b><i><span lang=\"FR\">D\u00e9cembre 2016 \u2013\u00a0<\/span><\/i><\/b><b><span lang=\"FR\">Jean Bernard Alexandre BONGOUT\u00a0<\/span><\/b><b><i><span lang=\"FR\">(Badminton)<\/span><\/i><\/b><\/div>\n<div><span lang=\"FR\">Notre gagnant nous vient de la discipline de Badminton. Il participa au \u2018National Junior Open U17\u2019 tenu \u00e0 Maurice et remporta 3 m\u00e9dailles d\u2019or\u00a0; en simple, mix et double. Il participa au m\u00eame concours U19 et remporta 2 m\u00e9dailles d\u2019or en simple et double. Il participa aussi au \u2018National Republic Open\u2019, cat\u00e9gorie Senior et remporta une m\u00e9daille de bronze en simple et une d\u2019argent en double. De plus, il prit part au \u2018All Africa School Championships\u2019 en Afrique du Sud. Il remporta la m\u00e9daille D\u2019or en \u00e9quipe, en simple, et une d\u2019argent en double. D\u00e9dier, discipliner et travailleur, il progresse sur tous les niveaux\u00a0!<\/span><\/div>\n<div><span lang=\"FR\">50 enfants ont \u00e9t\u00e9 invit\u00e9s \u00e0 ex\u00e9cuter des danses (Zumba Kids) sous la houlette de Sandra Balthazar (Keep Fit Coach) pour encourager les jeunes \u00e0 pratiquer les activit\u00e9s physiques. \u00a0<\/span><\/div>\n<div><span lang=\"FR\">\u00a0<\/span><\/div>\n<div><span lang=\"FR\">Des \u00e9quipements sportifs ont \u00e9t\u00e9 offert par la compagnie\u00a0 Nestl\u00e9\u2019s\u00a0 Products (Mtius) Ltd.\u00a0<\/span><\/div>\n<div><span lang=\"FR\">\u00a0<\/span><\/div>\n<div><span lang=\"FR\">Les boissons Milo ont aussi \u00e9t\u00e9 distribu\u00e9es aux \u00e9l\u00e8ves \u00e0 la fin de la c\u00e9r\u00e9monie.<\/span><\/div>\n<div><span lang=\"FR\">\u00a0<\/span><\/div>\n<div><span lang=\"FR\"><a href=\"http:\/\/msc2020.govmu.org\/msc\/?page_id=58\">View Pictures in Media Library<\/a><\/span><\/div>\n<p>[\/vc_column_text][\/vc_column][\/vc_row]<\/p>\n","protected":false},"excerpt":{"rendered":"<p>[vc_row][vc_column][vc_column_text] Milo Young Athlete Award at Notre Dame de la Paix RCA School [\/vc_column_text][\/vc_column][\/vc_row][vc_row][vc_column][vc_column_text css=&#8221;.vc_custom_1596004954013{margin-top: 30px !important;}&#8221;] La c\u00e9r\u00e9monie du \u2018Milo Young Athlete Award\u2019 pour les mois d\u2019octobre \u00e0 d\u00e9cembre 2016 eut lieu \u00e0 \u2018Notre Dame de la Paix RCA School\u2019, vendredi 03 f\u00e9vrier 2017 devant un parterre compos\u00e9 des personnalit\u00e9s suivantes: \u00b7\u00a0\u00a0\u00a0\u00a0\u00a0\u00a0\u00a0\u00a0\u00a0Madame Sarah Rawat [&hellip;]<\/p>\n","protected":false},"author":1,"featured_media":0,"parent":0,"menu_order":0,"comment_status":"closed","ping_status":"closed","template":"","meta":{"ngg_post_thumbnail":0,"footnotes":""},"class_list":["post-940","page","type-page","status-publish","hentry"],"_links":{"self":[{"href":"https:\/\/mauritiussportscouncil.govmu.org\/mauritiussportscouncil\/index.php?rest_route=\/wp\/v2\/pages\/940","targetHints":{"allow":["GET"]}}],"collection":[{"href":"https:\/\/mauritiussportscouncil.govmu.org\/mauritiussportscouncil\/index.php?rest_route=\/wp\/v2\/pages"}],"about":[{"href":"https:\/\/mauritiussportscouncil.govmu.org\/mauritiussportscouncil\/index.php?rest_route=\/wp\/v2\/types\/page"}],"author":[{"embeddable":true,"href":"https:\/\/mauritiussportscouncil.govmu.org\/mauritiussportscouncil\/index.php?rest_route=\/wp\/v2\/users\/1"}],"replies":[{"embeddable":true,"href":"https:\/\/mauritiussportscouncil.govmu.org\/mauritiussportscouncil\/index.php?rest_route=%2Fwp%2Fv2%2Fcomments&post=940"}],"version-history":[{"count":2,"href":"https:\/\/mauritiussportscouncil.govmu.org\/mauritiussportscouncil\/index.php?rest_route=\/wp\/v2\/pages\/940\/revisions"}],"predecessor-version":[{"id":5306,"href":"https:\/\/mauritiussportscouncil.govmu.org\/mauritiussportscouncil\/index.php?rest_route=\/wp\/v2\/pages\/940\/revisions\/5306"}],"wp:attachment":[{"href":"https:\/\/mauritiussportscouncil.govmu.org\/mauritiussportscouncil\/index.php?rest_route=%2Fwp%2Fv2%2Fmedia&parent=940"}],"curies":[{"name":"wp","href":"https:\/\/api.w.org\/{rel}","templated":true}]}}