{"id":947,"date":"2020-07-20T10:12:47","date_gmt":"2020-07-20T10:12:47","guid":{"rendered":"http:\/\/localhost\/msc\/?page_id=947"},"modified":"2020-07-29T06:53:25","modified_gmt":"2020-07-29T06:53:25","slug":"milo-young-athlete-award-at-cite-loiseau-community-centre","status":"publish","type":"page","link":"https:\/\/mauritiussportscouncil.govmu.org\/mauritiussportscouncil\/?page_id=947","title":{"rendered":"Milo Young Athlete Award at Cit\u00e9 L\u2019Oiseau Community Centre"},"content":{"rendered":"<p>[vc_row][vc_column][vc_column_text]<\/p>\n<h3 class=\"FL\">Milo Young Athlete Award at Cit\u00e9 L\u2019Oiseau Community Centre<\/h3>\n<p>[\/vc_column_text][\/vc_column][\/vc_row][vc_row][vc_column][vc_column_text css=&#8221;.vc_custom_1596005577104{margin-top: 30px !important;}&#8221;]<\/p>\n<div><span lang=\"FR\">La c\u00e9r\u00e9monie du \u2018Milo Young Athlete Award\u2019 pour les mois de juillet \u00e0 septembre 2016 eut lieu \u00e0 Cit\u00e9 L\u2019Oiseau Community Centre\u00a0\u00e0 Floreal , lundi 28 novembre 2016 devant un parterre compos\u00e9 des personnalit\u00e9s suivantes:<\/span><\/div>\n<div><span lang=\"FR\">\u00b7\u00a0\u00a0\u00a0\u00a0\u00a0\u00a0\u00a0\u00a0\u00a0<\/span><span lang=\"FR\">Madame Sarah Rawat Currimjee, Pr\u00e9sidente du Mauritius Sports Council et membres;<\/span><\/div>\n<div><span lang=\"FR\">\u00b7\u00a0\u00a0\u00a0\u00a0\u00a0\u00a0\u00a0\u00a0\u00a0<\/span><span lang=\"FR\">Monsieur\u00a0 Alan Brelu Brelu, \u2018Cluster Manager, de Nestl\u00e9\u2019s\u00a0\u00a0Products (Mtius) Ltd\u00a0;<\/span><\/div>\n<div>\u00b7\u00a0\u00a0\u00a0\u00a0\u00a0\u00a0\u00a0\u00a0\u00a0<span lang=\"EN-GB\">Monsieur Kushal Dinaran, \u2018Category Development Manager\u2019 de Nestl\u00e9\u2019s Products (Mtius)\u00a0<\/span>Ltd\u00a0;<\/div>\n<div>\u00b7\u00a0\u00a0\u00a0\u00a0\u00a0\u00a0\u00a0\u00a0\u00a0Monsieur Shardanand Beeharry, \u2018Principal Community Development Officer\u2019 du centre;<\/div>\n<div><span lang=\"FR\">\u00b7\u00a0\u00a0\u00a0\u00a0\u00a0\u00a0\u00a0\u00a0\u00a0<\/span><span lang=\"FR\">Les athl\u00e8tes\u00a0et parents\u00a0;<\/span><\/div>\n<div><span lang=\"FR\">\u00b7\u00a0\u00a0\u00a0\u00a0\u00a0\u00a0\u00a0\u00a0\u00a0<\/span><span lang=\"FR\">et membres de la presse\u00a0<\/span><\/div>\n<div><span lang=\"FR\"><br \/>\nIl est maintenant coutume de r\u00e9compenser les athl\u00e8tes qui ont brill\u00e9 sur le plan national et international, faisant ainsi honneur au pays qui est le notre. Le \u2018Milo\u00a0 Young Athlete Award\u2019, reconnait, a travers leurs performances, les valeurs de nos champions et ainsi, les valorise et les prends comme mod\u00e8le afin d\u2019encourager les jeunes \u00e0 faire du sport d\u00e8s leurs plus jeune \u00e2ge.<\/span><\/div>\n<div><span lang=\"FR\">\u00a0<\/span><\/div>\n<div><span lang=\"FR\">Les gagnants ont \u00e9t\u00e9 r\u00e9compens\u00e9s comme suit:<br \/>\n<\/span><\/div>\n<div><span lang=\"FR\">\u00b7\u00a0\u00a0\u00a0\u00a0\u00a0\u00a0\u00a0\u00a0\u00a0<\/span><span lang=\"FR\">un &#8220;shield&#8221; et un ch\u00e8que de Rs 2,000\/- offerts par le Mauritius Sports Council<\/span><\/div>\n<div><span lang=\"FR\">\u00b7\u00a0\u00a0\u00a0\u00a0\u00a0\u00a0\u00a0\u00a0\u00a0<\/span><span lang=\"FR\">un certificat, un cheque de Rs 2,000\/-, des cadeaux et des produits Milo offerts par la compagnie \u00a0Nestl\u00e9 Products (Mtius) Ltd\u00a0;<\/span><\/div>\n<div><span lang=\"FR\">\u00a0<\/span><\/div>\n<div><b><i><span lang=\"FR\">Juillet 2016- \u00a0<\/span><\/i><\/b><span lang=\"FR\">\u00a0<b>Zayan JAUNBOCUS (Brazilian Jiu Jitsu)<\/b><\/span><\/div>\n<div><span lang=\"FR\">Notre champion de ce mois nous vient de la discipline du Brazilian Jiu-Jitsu. Participant au \u2018Rose Hill Open Regional\u2019 dans la cat\u00e9gorie des 61-70 Lbs, il s\u2019adjura la victoire sur les 110 participants pr\u00e9sent. Pour sa f\u00e9d\u00e9ration, il d\u00e9montre un grand int\u00e9r\u00eat a la discipline qu\u2019il pratique et a \u00e9t\u00e9 tr\u00e8s r\u00e9gulier avec de tr\u00e8s bonnes performances \u00e0 son actif durant toutes les comp\u00e9titions de l\u2019ann\u00e9e.<\/span><\/div>\n<div><span lang=\"FR\">\u00a0<\/span><\/div>\n<div><b><i><span lang=\"FR\">Aout 2016<\/span><\/i><\/b><b><span lang=\"FR\">\u00a0\u2013 Shania LEUNG (Badminton)<\/span><\/b><\/div>\n<div><span lang=\"FR\">Participante au \u2018All Africa U19\u2019, au Maroc, notre championne qui nous vient de la discipline de Badminton, s\u2019illustra fort bien en remportant 2 m\u00e9dailles de bronze\u00a0; dont une en doubles dames et une en \u00e9quipe dont 10 paires et 10 \u00e9quipes. D\u00e9dier et discipliner, elle d\u00e9montra son immense savoir-faire pendant cette comp\u00e9tition.<\/span><\/div>\n<div><span lang=\"FR\">\u00a0<\/span><\/div>\n<div><b><i><span lang=\"FR\">Septembre 2016<\/span><\/i><\/b><b><span lang=\"FR\">\u00a0\u2013 Damien Chasteau De Balyon (Equestre)<\/span><\/b><\/div>\n<div><span lang=\"FR\">Notre gagnant nous vient de la discipline qu\u2019on appelle L\u2019Equestre. Participant au \u2018CSO National League\u2019, notre champion se distingua sur les trois participants \u00e0 l\u2019\u00e9preuve et remporta la m\u00e9daille d\u2019or. Selon sa f\u00e9d\u00e9ration, il est extr\u00eamement passionn\u00e9 et talentueux, et plus encore, car tenant de son \u00e2ge, il participe d\u00e9j\u00e0 avec les plus grands, avec un niveau exceptionnel. Il a \u00e9t\u00e9 repr\u00e9sent\u00e9 par son p\u00e8re.\u00a0<\/span><\/div>\n<div><span lang=\"FR\">\u00a0<\/span><\/div>\n<div><span lang=\"FR\">Des \u00e9quipements sportifs ont \u00e9t\u00e9 offert au centre par la compagnie\u00a0\u00a0Nestl\u00e9\u2019s\u00a0\u00a0Products (Mtius) Ltd.\u00a0<\/span><\/div>\n<div><span lang=\"FR\">\u00a0<\/span><\/div>\n<div><b><i><span lang=\"FR\">Interlude: <\/span><\/i><\/b><span lang=\"FR\">Des danses ex\u00e9cut\u00e9es par les enfants du centre.<\/span><\/div>\n<div><span lang=\"FR\">\u00a0<\/span><\/div>\n<div><span lang=\"FR\">20 enfants ont \u00e9t\u00e9 invit\u00e9s \u00e0 ex\u00e9cuter des danses (Zumba Kids) sous la houlette de Sandra Balthazar (Keep Fit Coach) pour encourager les jeunes \u00e0 pratiquer les activit\u00e9s physiques. \u00a0<\/span><\/div>\n<div><span lang=\"FR\">\u00a0<\/span><\/div>\n<div><span lang=\"FR\">Un quiz a \u00e9t\u00e9 organis\u00e9 et les gagnants sont Josias Candahoo, Mathieu Celestin et Leonna Balisson.<\/span><\/div>\n<div><span lang=\"FR\">\u00a0<\/span><\/div>\n<div><span lang=\"FR\">Les boissons Milo ont aussi \u00e9t\u00e9 distribu\u00e9es aux participants \u00e0 la fin de la c\u00e9r\u00e9monie.<\/span><\/div>\n<div><span lang=\"FR\">\u00a0<\/span><\/div>\n<p><span lang=\"FR\"><a href=\"http:\/\/msc2020.govmu.org\/msc\/?page_id=58\">View Pictures in Media Library<\/a><\/span>[\/vc_column_text][\/vc_column][\/vc_row]<\/p>\n","protected":false},"excerpt":{"rendered":"<p>[vc_row][vc_column][vc_column_text] Milo Young Athlete Award at Cit\u00e9 L\u2019Oiseau Community Centre [\/vc_column_text][\/vc_column][\/vc_row][vc_row][vc_column][vc_column_text css=&#8221;.vc_custom_1596005577104{margin-top: 30px !important;}&#8221;] La c\u00e9r\u00e9monie du \u2018Milo Young Athlete Award\u2019 pour les mois de juillet \u00e0 septembre 2016 eut lieu \u00e0 Cit\u00e9 L\u2019Oiseau Community Centre\u00a0\u00e0 Floreal , lundi 28 novembre 2016 devant un parterre compos\u00e9 des personnalit\u00e9s suivantes: \u00b7\u00a0\u00a0\u00a0\u00a0\u00a0\u00a0\u00a0\u00a0\u00a0Madame Sarah Rawat Currimjee, Pr\u00e9sidente du [&hellip;]<\/p>\n","protected":false},"author":1,"featured_media":0,"parent":0,"menu_order":0,"comment_status":"closed","ping_status":"closed","template":"","meta":{"ngg_post_thumbnail":0,"footnotes":""},"class_list":["post-947","page","type-page","status-publish","hentry"],"_links":{"self":[{"href":"https:\/\/mauritiussportscouncil.govmu.org\/mauritiussportscouncil\/index.php?rest_route=\/wp\/v2\/pages\/947","targetHints":{"allow":["GET"]}}],"collection":[{"href":"https:\/\/mauritiussportscouncil.govmu.org\/mauritiussportscouncil\/index.php?rest_route=\/wp\/v2\/pages"}],"about":[{"href":"https:\/\/mauritiussportscouncil.govmu.org\/mauritiussportscouncil\/index.php?rest_route=\/wp\/v2\/types\/page"}],"author":[{"embeddable":true,"href":"https:\/\/mauritiussportscouncil.govmu.org\/mauritiussportscouncil\/index.php?rest_route=\/wp\/v2\/users\/1"}],"replies":[{"embeddable":true,"href":"https:\/\/mauritiussportscouncil.govmu.org\/mauritiussportscouncil\/index.php?rest_route=%2Fwp%2Fv2%2Fcomments&post=947"}],"version-history":[{"count":2,"href":"https:\/\/mauritiussportscouncil.govmu.org\/mauritiussportscouncil\/index.php?rest_route=\/wp\/v2\/pages\/947\/revisions"}],"predecessor-version":[{"id":5307,"href":"https:\/\/mauritiussportscouncil.govmu.org\/mauritiussportscouncil\/index.php?rest_route=\/wp\/v2\/pages\/947\/revisions\/5307"}],"wp:attachment":[{"href":"https:\/\/mauritiussportscouncil.govmu.org\/mauritiussportscouncil\/index.php?rest_route=%2Fwp%2Fv2%2Fmedia&parent=947"}],"curies":[{"name":"wp","href":"https:\/\/api.w.org\/{rel}","templated":true}]}}