{"id":954,"date":"2020-07-20T10:12:51","date_gmt":"2020-07-20T10:12:51","guid":{"rendered":"http:\/\/localhost\/msc\/?page_id=954"},"modified":"2020-07-29T07:00:49","modified_gmt":"2020-07-29T07:00:49","slug":"milo-young-athlete-award-at-sir-veerasamy-ringadoo-govt-school","status":"publish","type":"page","link":"https:\/\/mauritiussportscouncil.govmu.org\/mauritiussportscouncil\/?page_id=954","title":{"rendered":"Milo Young Athlete Award at Sir Veerasamy Ringadoo Govt School"},"content":{"rendered":"<p>[vc_row][vc_column][vc_column_text]<\/p>\n<h3 class=\"FL\">Milo Young Athlete Award at Sir Veerasamy Ringadoo Govt School<\/h3>\n<p>[\/vc_column_text][\/vc_column][\/vc_row][vc_row][vc_column][vc_column_text css=&#8221;.vc_custom_1596006038820{margin-top: 30px !important;}&#8221;]<\/p>\n<p style=\"font-weight: 400;\">La c\u00e9r\u00e9monie du \u2018Milo Young Athlete Award\u2019 pour les mois d\u2019avril \u00e0 juin 2016 eut lieu \u00e0 l\u2019\u00e9cole primaire de Sir Veerasamy Ringadoo \u00e0 Sodnac, Quatre Bornes jeudi 15 septembre 2016 devant un parterre compos\u00e9 des personnalit\u00e9s suivantes:<\/p>\n<ul>\n<li style=\"font-weight: 400;\">Madame Sarah Rawat Currimjee, Pr\u00e9sidente du Mauritius Sports Council;<\/li>\n<li style=\"font-weight: 400;\">Monsieur\u00a0 Alan Brelu Brelu, \u2018Cluster Manager, de Nestl\u00e9 Products (Mtius) Ltd\u00a0;<\/li>\n<li style=\"font-weight: 400;\">Madame Balsheel Beeharry Gopal, \u2018Category Development Manager\u2019 de Nestl\u00e9 Products (Mtius) Ltd\u00a0;<\/li>\n<li style=\"font-weight: 400;\">Madame D. Japermal, la maitresse d\u2019\u00e9cole, enseignants et \u00e9l\u00e8ves;<\/li>\n<li style=\"font-weight: 400;\">Madame Jivita Soobagrah, \u2018Pr\u00e9sidente du Parent Teachers Association\u2019\u00a0;<\/li>\n<li style=\"font-weight: 400;\">Les athl\u00e8tes\u00a0et parents\u00a0;<\/li>\n<li style=\"font-weight: 400;\">et membres de la presse<\/li>\n<\/ul>\n<p style=\"font-weight: 400;\">Il est maintenant coutume de r\u00e9compenser les athl\u00e8tes qui ont brill\u00e9 sur le plan national et international, faisant ainsi honneur au pays qui est le notre. Le \u2018Milo\u00a0 Young Athlete Award\u2019, reconnait, a travers leurs performances, les valeurs de nos champions et ainsi, les valorise et les prends comme mod\u00e8le afin d\u2019encourager les jeunes \u00e0 faire du sport d\u00e8s leurs plus jeune \u00e2ge.<\/p>\n<p style=\"font-weight: 400;\">Les gagnants ont \u00e9t\u00e9 r\u00e9compens\u00e9s comme suit:<\/p>\n<ul style=\"font-weight: 400;\">\n<li>un &#8220;shield&#8221; et un ch\u00e8que de Rs 2,000\/- offerts par le Mauritius Sports Council<\/li>\n<li>un certificat, un cheque de Rs 2,000\/-, des cadeaux et des produits Milo offerts par la compagnie\u00a0\u00a0Nestl\u00e9 Products (Mtius) Ltd\u00a0;<\/li>\n<\/ul>\n<p>&nbsp;<\/p>\n<p style=\"font-weight: 400;\"><strong><em>Avril 2016 &#8211; <\/em><\/strong><strong>Camille KOENIG (Natation)<\/strong><\/p>\n<p style=\"font-weight: 400;\">Notre jeune compatriote participa au \u2018CANA Zone 4 Championships\u2019 tenu \u00e0 Maurice en fin d\u2019avril dernier. Sur les 250 participants engager, venu de 14 diff\u00e9rents pays, elle a \u00e9tait \u00e9lu la meilleure athl\u00e8te f\u00e9minine dans la cat\u00e9gorie d\u2019\u00e2ge 13-14 ans avec ses 40 points au totale. Il est \u00e0 noter que ce fut la plus grande totale remport\u00e9 par tous les nageurs qui ont particip\u00e9 a cette comp\u00e9tition. Avec ses premi\u00e8res places remporter en 50, 100m et 200m Backstroke, 50m butterfly, 100m freestyle, 200m Individuel Medley ; puis des deuxi\u00e8mes places au 100m et 200m butterfly et au 200m freestyle. Avec de telles performances, le Mauritius Sports Council a honor\u00e9 Camille KOENIG comme \u00e9tant la meilleure athl\u00e8te du mois d\u2019avril.<\/p>\n<p>&nbsp;<\/p>\n<p style=\"font-weight: 400;\"><strong><em>Mai 2016<\/em><\/strong><strong>\u00a0&#8211; Christopher FOK KOW (Tennis)<\/strong><\/p>\n<p style=\"font-weight: 400;\">M\u00e9daill\u00e9 d\u2019or au \u2018Mauritius Union Group Open\u2019 en simple homme chez les moins de 16 ans, notre champion de ce mois a fait encore mieux a Botswana \u00e0 L\u2019ITF\/CAT 14 and \u2018U14 African Junior Circuit\u2019, ou il remporta 2 m\u00e9dailles d\u2019or en simple et doubles hommes dans les deux leagues !! Le Mauritius Sports Council a honor\u00e9 Christopher FOK KOW comme le meilleur athl\u00e8te du mois de mai 2016.<\/p>\n<p>&nbsp;<\/p>\n<p style=\"font-weight: 400;\"><strong><em>Juin 2016 &#8211;\u00a0<\/em><\/strong><strong>Anthony KWOK YIN SIONG YEN<\/strong>\u00a0<strong><em>(Tennis)<\/em><\/strong><\/p>\n<p style=\"font-weight: 400;\">Notre tennisman participa au \u2018EMCAR Sports Open 2016\u2019 du 4 au 18 juin 2016 ou il s\u2019illustra en simple homme chez les moins de 16 ans ou il remporta la premi\u00e8re place.<\/p>\n<p style=\"font-weight: 400;\">Le Mauritius Sports Council a honor\u00e9 Anthony KWOK YIN SIONG YEN pour de telles performances.<\/p>\n<p style=\"font-weight: 400;\"><strong><em>Interlude\u00a0:<\/em><\/strong><\/p>\n<p style=\"font-weight: 400;\">\u00a0 \u00a0 .\u00a0 Une danse pr\u00e9sent\u00e9 par les Pom Pom Girls (les \u00e9l\u00e8ves de cinqui\u00e8me et sixi\u00e8me) ;<\/p>\n<p style=\"font-weight: 400;\">\u00a0 \u00a0 .\u00a0 Un slam interpr\u00e9t\u00e9 \u00a0par les \u00e9l\u00e8ves de sixi\u00e8me<\/p>\n<p style=\"font-weight: 400;\">50 \u00e9l\u00e8ves ont \u00e9t\u00e9 invit\u00e9s \u00e0 ex\u00e9cuter des danses (Zumba Kids) sous la houlette de Sandra Balthazar (Keep Fit Coach) pour encourager les jeunes \u00e0 pratiquer les activit\u00e9s physiques.<\/p>\n<p style=\"font-weight: 400;\">Les boissons Milo ont aussi \u00e9t\u00e9 distribu\u00e9es aux \u00e9l\u00e8ves \u00e0 la fin de la c\u00e9r\u00e9monie.<\/p>\n<p style=\"font-weight: 400;\"><a href=\"http:\/\/msc2020.govmu.org\/msc\/?page_id=58\">View Pictures in Media Library<\/a><\/p>\n<p>[\/vc_column_text][\/vc_column][\/vc_row]<\/p>\n","protected":false},"excerpt":{"rendered":"<p>[vc_row][vc_column][vc_column_text] Milo Young Athlete Award at Sir Veerasamy Ringadoo Govt School [\/vc_column_text][\/vc_column][\/vc_row][vc_row][vc_column][vc_column_text css=&#8221;.vc_custom_1596006038820{margin-top: 30px !important;}&#8221;] La c\u00e9r\u00e9monie du \u2018Milo Young Athlete Award\u2019 pour les mois d\u2019avril \u00e0 juin 2016 eut lieu \u00e0 l\u2019\u00e9cole primaire de Sir Veerasamy Ringadoo \u00e0 Sodnac, Quatre Bornes jeudi 15 septembre 2016 devant un parterre compos\u00e9 des personnalit\u00e9s suivantes: Madame Sarah [&hellip;]<\/p>\n","protected":false},"author":1,"featured_media":0,"parent":0,"menu_order":0,"comment_status":"closed","ping_status":"closed","template":"","meta":{"ngg_post_thumbnail":0,"footnotes":""},"class_list":["post-954","page","type-page","status-publish","hentry"],"_links":{"self":[{"href":"https:\/\/mauritiussportscouncil.govmu.org\/mauritiussportscouncil\/index.php?rest_route=\/wp\/v2\/pages\/954","targetHints":{"allow":["GET"]}}],"collection":[{"href":"https:\/\/mauritiussportscouncil.govmu.org\/mauritiussportscouncil\/index.php?rest_route=\/wp\/v2\/pages"}],"about":[{"href":"https:\/\/mauritiussportscouncil.govmu.org\/mauritiussportscouncil\/index.php?rest_route=\/wp\/v2\/types\/page"}],"author":[{"embeddable":true,"href":"https:\/\/mauritiussportscouncil.govmu.org\/mauritiussportscouncil\/index.php?rest_route=\/wp\/v2\/users\/1"}],"replies":[{"embeddable":true,"href":"https:\/\/mauritiussportscouncil.govmu.org\/mauritiussportscouncil\/index.php?rest_route=%2Fwp%2Fv2%2Fcomments&post=954"}],"version-history":[{"count":2,"href":"https:\/\/mauritiussportscouncil.govmu.org\/mauritiussportscouncil\/index.php?rest_route=\/wp\/v2\/pages\/954\/revisions"}],"predecessor-version":[{"id":5308,"href":"https:\/\/mauritiussportscouncil.govmu.org\/mauritiussportscouncil\/index.php?rest_route=\/wp\/v2\/pages\/954\/revisions\/5308"}],"wp:attachment":[{"href":"https:\/\/mauritiussportscouncil.govmu.org\/mauritiussportscouncil\/index.php?rest_route=%2Fwp%2Fv2%2Fmedia&parent=954"}],"curies":[{"name":"wp","href":"https:\/\/api.w.org\/{rel}","templated":true}]}}