{"id":961,"date":"2020-07-20T10:12:56","date_gmt":"2020-07-20T10:12:56","guid":{"rendered":"http:\/\/localhost\/msc\/?page_id=961"},"modified":"2020-07-29T07:09:34","modified_gmt":"2020-07-29T07:09:34","slug":"milo-young-athlete-award-at-labourdonnais-govt-school","status":"publish","type":"page","link":"https:\/\/mauritiussportscouncil.govmu.org\/mauritiussportscouncil\/?page_id=961","title":{"rendered":"Milo Young Athlete Award at Labourdonnais Govt School"},"content":{"rendered":"<p>[vc_row][vc_column][vc_column_text]<\/p>\n<h3 class=\"FL\">Milo Young Athlete Award at Labourdonnais Govt School<\/h3>\n<p>[\/vc_column_text][\/vc_column][\/vc_row][vc_row][vc_column][vc_column_text css=&#8221;.vc_custom_1596006567503{margin-top: 30px !important;}&#8221;]<\/p>\n<div><span lang=\"FR\">La c\u00e9r\u00e9monie du \u2018Milo Young Athlete Award\u2019 pour les mois de janvier \u00e0 mars 2016 eut lieu \u00e0 l\u2019\u00e9cole Primaire de Labourdonnais \u00e0 Port Louis, jeudi 23 juin 2016 devant un parterre compos\u00e9 des personnalit\u00e9s suivantes:<\/span><\/div>\n<div><span lang=\"FR\">\u00b7\u00a0\u00a0\u00a0\u00a0\u00a0\u00a0\u00a0\u00a0\u00a0<\/span><span lang=\"FR\">Madame Sarah Rawat Currimjee, Pr\u00e9sidente du Mauritius Sports Council;<\/span><\/div>\n<div><span lang=\"FR\">\u00b7\u00a0\u00a0\u00a0\u00a0\u00a0\u00a0\u00a0\u00a0\u00a0<\/span><span lang=\"FR\">Monsieur\u00a0 Alan Brelu, \u2018Cluster Manager, de Nestl\u00e9 Products (Mtius) Ltd\u00a0;<\/span><\/div>\n<div>\u00b7\u00a0\u00a0\u00a0\u00a0\u00a0\u00a0\u00a0\u00a0\u00a0Monsieur Kushal Dinaran, \u2018Category Development Manager\u2019 de Nestl\u00e9 Products (Mtius)\u00a0<span lang=\"FR\">Ltd\u00a0;<\/span><\/div>\n<div><span lang=\"FR\">\u00b7\u00a0\u00a0\u00a0\u00a0\u00a0\u00a0\u00a0\u00a0\u00a0<\/span><span lang=\"FR\">Melle Liliana Sairava, \u2018Brand Manager\u2019, de Nestl\u00e9 Products (Mtius) Ltd\u00a0;<\/span><\/div>\n<div><span lang=\"FR\">\u00b7\u00a0\u00a0\u00a0\u00a0\u00a0\u00a0\u00a0\u00a0\u00a0<\/span><span lang=\"FR\">Madame Anna Appadoo, la maitresse d\u2019\u00e9cole, enseignants et \u00e9l\u00e8ves\u00a0;<\/span><\/div>\n<div><span lang=\"FR\">\u00b7\u00a0\u00a0\u00a0\u00a0\u00a0\u00a0\u00a0\u00a0\u00a0<\/span><span lang=\"FR\">Monsieur Moothoocarupen, pr\u00e9sident du \u2018Parent Teachers Association\u2019 (PTA)\u00a0;<\/span><\/div>\n<div><span lang=\"FR\">\u00b7\u00a0\u00a0\u00a0\u00a0\u00a0\u00a0\u00a0\u00a0\u00a0<\/span><span lang=\"FR\">Les athl\u00e8tes\u00a0et parents et membres de la presse\u00a0;<\/span><\/div>\n<div>\n<p>&nbsp;<\/p>\n<p>Il est maintenant coutume de r\u00e9compenser les athl\u00e8tes qui ont brill\u00e9 sur le plan national et international, faisant ainsi honneur au pays qui est le notre. Le \u2018Milo\u00a0 Young Athlete Award\u2019, reconnait, a travers leurs performances, les valeurs de nos champions et ainsi, les valorise et les prends comme mod\u00e8le afin d\u2019encourager les jeunes \u00e0 faire du sport d\u00e8s leurs plus jeune \u00e2ge.<\/p>\n<\/div>\n<div><span lang=\"FR\">\u00a0<\/span><\/div>\n<div><span lang=\"FR\">Les gagnants ont \u00e9t\u00e9 r\u00e9compens\u00e9s comme suit:<br \/>\n<\/span><\/div>\n<div><span lang=\"FR\">\u00b7\u00a0\u00a0\u00a0\u00a0\u00a0\u00a0\u00a0\u00a0\u00a0<\/span><span lang=\"FR\">un &#8220;shield&#8221; et un ch\u00e8que de Rs 2,000\/- offerts par le Mauritius Sports Council<\/span><\/div>\n<div><span lang=\"FR\">\u00b7\u00a0\u00a0\u00a0\u00a0\u00a0\u00a0\u00a0\u00a0\u00a0<\/span><span lang=\"FR\">un certificat, un cheque de Rs 2,000\/-, des cadeaux et des produits Milo offerts par la compagnie Nestl\u00e9 Products (Mtius) Ltd\u00a0;<\/span><\/div>\n<div><span lang=\"FR\">\u00a0<\/span><\/div>\n<div><b><i><span lang=\"FR\">Janvier 2016\u00a0<strong><em><span style=\"font-family: Arial; font-size: small;\">\u2013<\/span><\/em><\/strong>\u00a0<\/span><\/i><\/b><b><span lang=\"FR\">Jason ESPITALIER NOEL\u00a0<\/span><\/b><b><i><span lang=\"FR\">(Tennis)<\/span><\/i><\/b><b><\/b><\/div>\n<div><span lang=\"FR\">Notre compatriote prit part au \u2018ITF \/CAT Southern African Junior Championships\u2019 en Sud Afrique \u00e0 Pretoria, chez les moins de 14 ans et remporta une m\u00e9daille d\u2019argent en simple homme et une en or en doubles.\u00a0<\/span><span lang=\"FR\">Avec de telles performances, le Mauritius Sports Council a honor\u00e9 Jason ESPITALIER NOEL comme \u00e9tant le meilleur athl\u00e8te du mois de janvier.<\/span><\/div>\n<div><span lang=\"FR\">\u00a0<\/span><\/div>\n<div><b><i><span lang=\"FR\">F\u00e9vrier 2016 \u2013\u00a0<\/span><\/i><\/b><b><span lang=\"FR\">Christella MOMUS\u00a0<\/span><\/b><b><i><span lang=\"FR\">(Athl\u00e9tisme)<\/span><\/i><\/b><span lang=\"FR\"><br \/>\n<\/span><span lang=\"FR\">Athl\u00e8te venu de rodrigues, cette derni\u00e8re participa au \u2018National Championships de Cross\u2019 \u00e0 Maurice ou elle s\u2019illustra en remportant la m\u00e9daille d\u2019or au 3km sur 54 participants inscrits \u00e0 la comp\u00e9tition. <\/span><span lang=\"FR\">Le Mauritius Sports Council a d\u00e9sign\u00e9 Christella MOMUS comme meilleur athl\u00e8te du mois de f\u00e9vrier.<\/span><\/div>\n<div><span lang=\"FR\">\u00a0<\/span><\/div>\n<div><b><i><span lang=\"FR\">Mars 2016 \u2013\u00a0<\/span><\/i><\/b><b><span lang=\"FR\">Shania LEUNG\u00a0<\/span><\/b><b><i><span lang=\"FR\">(Badminton)<\/span><\/i><\/b><b><\/b><\/div>\n<div><span lang=\"FR\">Notre badiste montra tout son savoir faire en remporta deux m\u00e9dailles de bronze en simple dame et mix \u00e0 Abidjan, en Cote D\u2019ivoire sur 8 pays participants et 32 participants respectifs. <\/span><span lang=\"FR\">Le Mauritius Sports Council a eu le plaisir de d\u00e9cerner \u00e0 Shania LEUNG comme \u00e9tant la meilleure athl\u00e8te du mois de mars.<\/span><\/div>\n<div><span lang=\"FR\"><br \/>\nLa compagnie Nestl\u00e9 Products (Mtius) Ltd\u00a0et le Mauritius Sports Council ont eu le plaisir d\u2019offrir \u00e0 l\u2019\u00e9cole des \u00e9quipements sportifs qui ont \u00e9t\u00e9 remis \u00e0 la maitresse d\u2019\u00e9cole.<\/span><\/div>\n<div><span lang=\"FR\">\u00a0<\/span><\/div>\n<div><b><i><span lang=\"FR\">Interlude\u00a0:<\/span><\/i><\/b><span lang=\"FR\">\u00a0Un chant interpr\u00e9t\u00e9\u00a0\u00a0par les \u00e9l\u00e8ves de sixi\u00e8me\u00a0;<\/span><\/div>\n<div><span lang=\"FR\">\u00a0<\/span><\/div>\n<div><span lang=\"FR\">Po\u00e8me sur diff\u00e9rentes disciplines sportives par les \u00e9l\u00e8ves de cinqui\u00e8me et\u00a0\u00a0sixi\u00e8me.\u00a0\u00a0<\/span><\/div>\n<div><span lang=\"FR\">\u00a0<\/span><\/div>\n<div><span lang=\"FR\">50 enfants ont \u00e9t\u00e9 invit\u00e9s \u00e0 ex\u00e9cuter des danses (Zumba Kids) sous la houlette de Sandra Balthazar (Keep Fit Coach) pour encourager les jeunes \u00e0 pratiquer les activit\u00e9s physiques. \u00a0<\/span><\/div>\n<div><span lang=\"FR\">\u00a0<\/span><\/div>\n<div><span lang=\"FR\">Les boissons Milo ont aussi \u00e9t\u00e9 distribu\u00e9es aux \u00e9l\u00e8ves \u00e0 la fin de la c\u00e9r\u00e9monie.<\/span><\/div>\n<div><span lang=\"FR\">\u00a0<\/span><\/div>\n<div>\n<div><span lang=\"EN-GB\"><a href=\"http:\/\/msc2020.govmu.org\/msc\/?page_id=58\">View Pictures in Media Library<\/a><\/span><\/div>\n<\/div>\n<p>[\/vc_column_text][\/vc_column][\/vc_row]<\/p>\n","protected":false},"excerpt":{"rendered":"<p>[vc_row][vc_column][vc_column_text] Milo Young Athlete Award at Labourdonnais Govt School [\/vc_column_text][\/vc_column][\/vc_row][vc_row][vc_column][vc_column_text css=&#8221;.vc_custom_1596006567503{margin-top: 30px !important;}&#8221;] La c\u00e9r\u00e9monie du \u2018Milo Young Athlete Award\u2019 pour les mois de janvier \u00e0 mars 2016 eut lieu \u00e0 l\u2019\u00e9cole Primaire de Labourdonnais \u00e0 Port Louis, jeudi 23 juin 2016 devant un parterre compos\u00e9 des personnalit\u00e9s suivantes: \u00b7\u00a0\u00a0\u00a0\u00a0\u00a0\u00a0\u00a0\u00a0\u00a0Madame Sarah Rawat Currimjee, Pr\u00e9sidente du [&hellip;]<\/p>\n","protected":false},"author":1,"featured_media":0,"parent":0,"menu_order":0,"comment_status":"closed","ping_status":"closed","template":"","meta":{"ngg_post_thumbnail":0,"footnotes":""},"class_list":["post-961","page","type-page","status-publish","hentry"],"_links":{"self":[{"href":"https:\/\/mauritiussportscouncil.govmu.org\/mauritiussportscouncil\/index.php?rest_route=\/wp\/v2\/pages\/961","targetHints":{"allow":["GET"]}}],"collection":[{"href":"https:\/\/mauritiussportscouncil.govmu.org\/mauritiussportscouncil\/index.php?rest_route=\/wp\/v2\/pages"}],"about":[{"href":"https:\/\/mauritiussportscouncil.govmu.org\/mauritiussportscouncil\/index.php?rest_route=\/wp\/v2\/types\/page"}],"author":[{"embeddable":true,"href":"https:\/\/mauritiussportscouncil.govmu.org\/mauritiussportscouncil\/index.php?rest_route=\/wp\/v2\/users\/1"}],"replies":[{"embeddable":true,"href":"https:\/\/mauritiussportscouncil.govmu.org\/mauritiussportscouncil\/index.php?rest_route=%2Fwp%2Fv2%2Fcomments&post=961"}],"version-history":[{"count":2,"href":"https:\/\/mauritiussportscouncil.govmu.org\/mauritiussportscouncil\/index.php?rest_route=\/wp\/v2\/pages\/961\/revisions"}],"predecessor-version":[{"id":5309,"href":"https:\/\/mauritiussportscouncil.govmu.org\/mauritiussportscouncil\/index.php?rest_route=\/wp\/v2\/pages\/961\/revisions\/5309"}],"wp:attachment":[{"href":"https:\/\/mauritiussportscouncil.govmu.org\/mauritiussportscouncil\/index.php?rest_route=%2Fwp%2Fv2%2Fmedia&parent=961"}],"curies":[{"name":"wp","href":"https:\/\/api.w.org\/{rel}","templated":true}]}}