{"id":975,"date":"2020-07-20T10:13:05","date_gmt":"2020-07-20T10:13:05","guid":{"rendered":"http:\/\/localhost\/msc\/?page_id=975"},"modified":"2020-07-29T08:16:46","modified_gmt":"2020-07-29T08:16:46","slug":"milo-young-athlete-award-at-riviere-noire-govt-school","status":"publish","type":"page","link":"https:\/\/mauritiussportscouncil.govmu.org\/mauritiussportscouncil\/?page_id=975","title":{"rendered":"Milo Young Athlete Award at Riviere Noire Govt School"},"content":{"rendered":"<p>[vc_row][vc_column][vc_column_text]<\/p>\n<h3 class=\"FL\">Milo Young Athlete Award at Riviere Noire Govt School<\/h3>\n<p>[\/vc_column_text][\/vc_column][\/vc_row][vc_row][vc_column][vc_column_text css=&#8221;.vc_custom_1596010601013{margin-top: 30px !important;}&#8221;]<\/p>\n<div class=\"ms-rteFontSize-2\">\n<p>La c\u00e9r\u00e9monie du \u2018Milo Young Athlete Award\u2019 pour les mois d\u2019octobre, novembre, d\u00e9cembre 2014 et janvier, f\u00e9vrier et mars 2015 eut lieu \u00e0 \u2018Black River Government School\u2019, jeudi 16 juillet 2015, devant un parterre compos\u00e9 des personnalit\u00e9s suivantes:<\/p>\n<p>\u00b7\u00a0\u00a0\u00a0\u00a0\u00a0\u00a0\u00a0\u00a0 Madame Sarah Rawat Currimjee, Pr\u00e9sidente du Mauritius Sports Council et membres ;<br \/>\n\u00b7\u00a0\u00a0\u00a0\u00a0\u00a0\u00a0\u00a0\u00a0 Monsieur\u00a0 Alan Brelu Brelu , \u2018Cluster Manager\u2019, Indian Ocean de Nestl\u00e9 Products (Mauritius) Ltd ;<br \/>\n\u00b7\u00a0\u00a0\u00a0\u00a0\u00a0\u00a0\u00a0\u00a0 Monsieur Denis Cheong, \u2018Country Manager\u2019 de la compagnie Nestl\u00e9 \/ Milo ;<br \/>\n\u00b7\u00a0\u00a0\u00a0\u00a0\u00a0\u00a0\u00a0\u00a0 Monsieur Kushal Dinaran, \u2018Category Development Manager\u2019 de la compagnie Nestl\u00e9 \/ Milo ;<br \/>\n\u00b7\u00a0\u00a0\u00a0\u00a0\u00a0\u00a0\u00a0\u00a0 Melle Priyanka Puddoo, \u2018Corporate, Communication and Public Affairs Executive\u2019 de la compagnie<\/p>\n<\/div>\n<div class=\"ms-rteFontSize-2\">\u00a0\u00a0\u00a0\u00a0\u00a0\u00a0\u00a0\u00a0\u00a0\u00a0Nestl\u00e9 \/ Milo<br \/>\n\u00b7\u00a0\u00a0\u00a0\u00a0\u00a0\u00a0\u00a0\u00a0 Mesdames Anie Ip Kai Ming et A.M Antoine, ma\u00eetresse d\u2019\u00e9cole et \u2018Deputy Head Master\u2019<\/div>\n<div class=\"ms-rteFontSize-2\">\n<p>\u00a0\u00a0\u00a0\u00a0\u00a0\u00a0\u00a0\u00a0\u00a0 respectivement, enseignants et \u00e9l\u00e8ves<br \/>\n\u00b7\u00a0\u00a0\u00a0\u00a0\u00a0\u00a0\u00a0\u00a0 Monsieur Ruhmatoolah Joorawon, \u2018Zone Director\u2019<br \/>\n\u00b7\u00a0\u00a0\u00a0\u00a0\u00a0\u00a0\u00a0\u00a0 Monsieur Menon Munien, \u2018Zep Project Manager\u2019<br \/>\n\u00b7\u00a0\u00a0\u00a0\u00a0\u00a0\u00a0\u00a0\u00a0 Monsieur V. Aubeeluck, \u2018Area Inspector\u2019<br \/>\n\u00b7\u00a0\u00a0\u00a0\u00a0\u00a0\u00a0\u00a0\u00a0 Madame Marie Lourdes Auguste, pr\u00e9sidente de la PTA (Parent Teachers Association)<br \/>\n\u00b7\u00a0\u00a0\u00a0\u00a0\u00a0\u00a0\u00a0\u00a0 Monsieur Steeve Lebrasse, Officier CSR de Balise Marina<br \/>\n\u00b7\u00a0\u00a0\u00a0\u00a0\u00a0\u00a0\u00a0\u00a0 Les repr\u00e9sentants des\u00a0 f\u00e9d\u00e9rations sportives, athl\u00e8tes\u00a0 et parents et membres de la presse.<\/p>\n<p>Il est maintenant coutume de r\u00e9compenser les athl\u00e8tes qui ont brill\u00e9 sur le plan national et international, faisant ainsi honneur au petit pays qui est le notre. Le \u2018Milo\u00a0 Young Athlete Award\u2019, reconnais, a travers leurs performances, les valeurs de nos champions et ainsi, les valorise et les prends comme mod\u00e8le afin d\u2019encourager les jeunes \u00e0 faire du sport d\u00e8s leurs plus jeune \u00e2ge.<\/p>\n<p>Les gagnants ont \u00e9t\u00e9 r\u00e9compens\u00e9s comme suit:<\/p>\n<p>\u2022 un &#8220;shield&#8221; et un ch\u00e8que de Rs 2,000\/- offerts par le Mauritius Sports Council<br \/>\n\u2022 un certificat, un cheque de Rs 2,000\/-, des cadeaux et des produits Milo offerts par la compagnie NESTLE \/ MILO<\/p>\n<p><strong>Octobre 2014 &#8211; Kenny AH CHUEN &#8211; Tennis<\/strong><br \/>\nNotre laur\u00e9at du mois est un tennisman. Il prit part \u00e0 \u2018l\u2019Anglo Mauritius Battue Open\u2019 qui eut lieu du 23 octobre au 08 novembre 2014 o\u00f9 il s\u2019adjura 2 m\u00e9dailles d\u2019or chez les moins de 14 et 16 ans en simples hommes, un exploit en lui-m\u00eame. Le MSC a donc eu le plaisir d\u2019attribuer \u00e0 Kenny AH CHEUN le titre du meilleure athl\u00e8te du mois d\u2019octobre 2014.<\/p>\n<\/div>\n<p><strong>Novembre 2014 &#8211; Harsh JANKEE &#8211; Badminton<\/strong><br \/>\nNotre athl\u00e8te prit part au Jeux de l\u2019Avenir qui s\u2019est tenu au National Badminton Centre du 19 au 20 novembre 2014. Il remporta la m\u00e9daille d\u2019or en simple homme en cat\u00e9gorie Junior avec 56 participants. Pour cette performance, Harsh JANKEE est d\u00e9sign\u00e9 le meilleur athl\u00e8te du mois de novembre 2014.<\/p>\n<p><strong>D\u00e9cembre 2014 &#8211; Tessa IP HEN CHEUNG &#8211; Natation<\/strong><br \/>\nNotre nageuse prit part \u00e0 deux comp\u00e9titions, notamment aux Jeux de la CJSOI au Seychelles ou elle remporta 4 m\u00e9dailles d\u2019or, avec 2 nouveaux records au 200m IM (individual Medley &#8211; Butterfly,\u00a0 Backstroke, Breaststroke, and Freestyle) et au 100 FLY ; mais encore, elle prit part\u00a0 au Meeting de la R\u00e9union tenu du 28 au 30 d\u00e9cembre 2014 ou elle prit la 8eme place au 100m BR (Brasse) avec un nouveau record. Pour cette performance, Tessa IP HEN CHEUNG est d\u00e9sign\u00e9 meilleur athl\u00e8te du mois de d\u00e9cembre 2014.<\/p>\n<p><strong>Janvier 2015 &#8211; Jason ESPITALIER NOEL \u2013 Tennis<\/strong><br \/>\nNotre tennisman participa \u00e0 l\u2019ITF\/CAT \u2018Southern African Junior Championships\u2019 du 10 au 13 janvier 2015 tenu au Botswana. Dans la cat\u00e9gorie des moins de 14 ans, notre champion s\u2019attribua, tour apr\u00e8s tour, la m\u00e9daille d\u2019or en double hommes. Pour cette performance, Jason ESPITALIER NOEL est d\u00e9sign\u00e9 le meilleur athl\u00e8te du mois de janvier 2015.<br \/>\n<strong>Fevrier 2015 &#8211; Ashley Mervin PARMOUNSING &#8211; Judo<\/strong><br \/>\nNotre judoka remporta la m\u00e9daille d\u2019or au championnat de l\u2019unit\u00e9 tenu \u00e0 Maurice chez les moins de 55kg avec 10 participants inscrits. Mais encore, il monta sur la plus haute marche du podium \u00e0 l\u2019international de Maurice et \u00e0 l\u2019international cadet de la R\u00e9union. Avec 8 et 10 comp\u00e9titeurs inscrits a ces comp\u00e9titions internationales, notre champion d\u00e9montra son savoir faire avec de tels exploits. Pour cette performance, Mr. Ashley Mervin PARMOUNSING\u00a0 est d\u00e9sign\u00e9 le meilleur athl\u00e8te du mois de f\u00e9vrier 2015.<\/p>\n<p><strong>Mars 2015 &#8211; Zara Noa LENNON &#8211; Tennis<\/strong><br \/>\nNotre tenniswoman participa au 38eme ITF\/CAT African Junior Championships du 16 au 21 mars 2015 tenu en Tunisie. Apres 4 grand matchs jou\u00e9s, les gagnants un apr\u00e8s l\u2019autre, elle finit par remporter la m\u00e9daille d\u2019argent en double dames chez les moins de 16 ans ; une performance plus qu\u2019honorable. Pour cet exploit, Miss. Zara Noa LENNON est d\u00e9sign\u00e9 la meilleure athl\u00e8te du mois de mars 2015.<\/p>\n<div class=\"ms-rteFontSize-2\">\n<p>Entre chaque remise de r\u00e9compense, les athl\u00e8tes ont eu droit \u00e0 leurs r\u00e9compenses accompagn\u00e9es au son de la ravanne.<\/p>\n<p>La compagnie Nestl\u00e9 \/ Milo a eu le plaisir d\u2019offrir \u00e0 l\u2019\u00e9cole des \u00e9quipements sportifs qui ont \u00e9t\u00e9 remis par le Cluster Manager Indian Ocean de Nestl\u00e9 Products (Mauritius) Ltd<\/p>\n<p>Monsieur Alan Brlu Brelu \u00e0 Monsieur Moocoond, Responsable d\u2019Education Physique.<\/p>\n<p>Les boissons Milo ont aussi \u00e9t\u00e9 distribu\u00e9es aux \u00e9l\u00e8ves \u00e0 la fin de la c\u00e9r\u00e9monie.<\/p>\n<p><span lang=\"FR\"><a href=\"http:\/\/msc2020.govmu.org\/msc\/?page_id=58\"><span style=\"color: #0072bc;\">View Pictures in Media Library<\/span><\/a><\/span><\/p>\n<\/div>\n<p>[\/vc_column_text][\/vc_column][\/vc_row]<\/p>\n","protected":false},"excerpt":{"rendered":"<p>[vc_row][vc_column][vc_column_text] Milo Young Athlete Award at Riviere Noire Govt School [\/vc_column_text][\/vc_column][\/vc_row][vc_row][vc_column][vc_column_text css=&#8221;.vc_custom_1596010601013{margin-top: 30px !important;}&#8221;] La c\u00e9r\u00e9monie du \u2018Milo Young Athlete Award\u2019 pour les mois d\u2019octobre, novembre, d\u00e9cembre 2014 et janvier, f\u00e9vrier et mars 2015 eut lieu \u00e0 \u2018Black River Government School\u2019, jeudi 16 juillet 2015, devant un parterre compos\u00e9 des personnalit\u00e9s suivantes: \u00b7\u00a0\u00a0\u00a0\u00a0\u00a0\u00a0\u00a0\u00a0 Madame Sarah [&hellip;]<\/p>\n","protected":false},"author":1,"featured_media":0,"parent":0,"menu_order":0,"comment_status":"closed","ping_status":"closed","template":"","meta":{"ngg_post_thumbnail":0,"footnotes":""},"class_list":["post-975","page","type-page","status-publish","hentry"],"_links":{"self":[{"href":"https:\/\/mauritiussportscouncil.govmu.org\/mauritiussportscouncil\/index.php?rest_route=\/wp\/v2\/pages\/975","targetHints":{"allow":["GET"]}}],"collection":[{"href":"https:\/\/mauritiussportscouncil.govmu.org\/mauritiussportscouncil\/index.php?rest_route=\/wp\/v2\/pages"}],"about":[{"href":"https:\/\/mauritiussportscouncil.govmu.org\/mauritiussportscouncil\/index.php?rest_route=\/wp\/v2\/types\/page"}],"author":[{"embeddable":true,"href":"https:\/\/mauritiussportscouncil.govmu.org\/mauritiussportscouncil\/index.php?rest_route=\/wp\/v2\/users\/1"}],"replies":[{"embeddable":true,"href":"https:\/\/mauritiussportscouncil.govmu.org\/mauritiussportscouncil\/index.php?rest_route=%2Fwp%2Fv2%2Fcomments&post=975"}],"version-history":[{"count":4,"href":"https:\/\/mauritiussportscouncil.govmu.org\/mauritiussportscouncil\/index.php?rest_route=\/wp\/v2\/pages\/975\/revisions"}],"predecessor-version":[{"id":5314,"href":"https:\/\/mauritiussportscouncil.govmu.org\/mauritiussportscouncil\/index.php?rest_route=\/wp\/v2\/pages\/975\/revisions\/5314"}],"wp:attachment":[{"href":"https:\/\/mauritiussportscouncil.govmu.org\/mauritiussportscouncil\/index.php?rest_route=%2Fwp%2Fv2%2Fmedia&parent=975"}],"curies":[{"name":"wp","href":"https:\/\/api.w.org\/{rel}","templated":true}]}}